{"id":40563,"date":"2022-05-29T11:58:22","date_gmt":"2022-05-29T09:58:22","guid":{"rendered":"https:\/\/dev.authority.biz\/boj\/product\/b-thermo-botella-silicona-vidrio-150-ml-turquesa\/"},"modified":"2022-05-29T11:58:22","modified_gmt":"2022-05-29T11:58:22","slug":"b-thermo-botella-silicona-vidrio-150-ml-turquesa","status":"publish","type":"product","link":"https:\/\/www.bojungle.eu\/es\/producto\/b-thermo-botella-silicona-vidrio-150-ml-turquesa\/","title":{"rendered":"B-Thermo Botella Silicona Vidrio 150 ml Turquesa"},"content":{"rendered":"<ul>\n<li>\u00bfPrefiere comprar un biber\u00f3n de cristal por razones higi\u00e9nicas, pero teme que se rompa? \u00bfQuiere estar completamente segura de que el biber\u00f3n de su beb\u00e9 est\u00e1 a la temperatura adecuada y no contiene ninguna sustancia qu\u00edmica peligrosa? No busques m\u00e1s: Bo Jungle ha desarrollado una gama de preciosos biberones que encantar\u00e1n tanto al beb\u00e9 como a la mam\u00e1. Nuestras botellas est\u00e1n fabricadas en vidrio borosilicato ligero y son f\u00e1ciles de limpiar y esterilizar. Su color no cambiar\u00e1 con el tiempo Y garantizamos que est\u00e1n absolutamente libres de productos qu\u00edmicos peligrosos y cumplen la legislaci\u00f3n de la UE. No se astillan<\/li>\n<li>Soporta ca\u00eddas de hasta 1 metro (en circunstancias normales)<\/li>\n<li>Funci\u00f3n de detecci\u00f3n de calor: se vuelve blanca cuando el contenido de la botella est\u00e1 demasiado caliente (a partir de +-40\u00b0C)<\/li>\n<li>Vidrio de borosilicato ligero<\/li>\n<li>Sin BPA<\/li>\n<li>Tapa antiderrame &#8211; Asas extra\u00edbles gratuitas<\/li>\n<li>Higi\u00e9nico: f\u00e1cil de limpiar y esterilizar<\/li>\n<li>Diferentes tipos de tetinas disponibles: l\u00edquidos lentos, medios, r\u00e1pidos y espesos<\/li>\n<\/ul>\n","protected":false},"excerpt":{"rendered":"<p>Bo Jungle ha desarrollado una gama de preciosos biberones que encantar\u00e1n tanto al beb\u00e9 como a la mam\u00e1. Nuestras botellas est\u00e1n fabricadas en vidrio borosilicato ligero y son f\u00e1ciles de limpiar y esterilizar. Su color no cambiar\u00e1 con el tiempo Y garantizamos que est\u00e1n absolutamente libres de productos qu\u00edmicos peligrosos y cumplen la legislaci\u00f3n de la UE.<\/p>\n","protected":false},"featured_media":58752,"comment_status":"closed","ping_status":"closed","template":"","meta":{"_lmt_disableupdate":"","_lmt_disable":""},"product_brand":[],"product_cat":[462,464,557,1347],"product_tag":[],"woo-feed-brand":[],"class_list":{"0":"post-40563","1":"product","2":"type-product","3":"status-publish","4":"has-post-thumbnail","6":"product_cat-comida-y-bebida","7":"product_cat-gama-de-silicona","8":"product_cat-hora-de-cenar","9":"product_cat-sale-es-2","11":"first","12":"instock","13":"sale","14":"taxable","15":"shipping-taxable","16":"purchasable","17":"product-type-simple"},"_links":{"self":[{"href":"https:\/\/www.bojungle.eu\/es\/wp-json\/wp\/v2\/product\/40563","targetHints":{"allow":["GET"]}}],"collection":[{"href":"https:\/\/www.bojungle.eu\/es\/wp-json\/wp\/v2\/product"}],"about":[{"href":"https:\/\/www.bojungle.eu\/es\/wp-json\/wp\/v2\/types\/product"}],"replies":[{"embeddable":true,"href":"https:\/\/www.bojungle.eu\/es\/wp-json\/wp\/v2\/comments?post=40563"}],"version-history":[{"count":0,"href":"https:\/\/www.bojungle.eu\/es\/wp-json\/wp\/v2\/product\/40563\/revisions"}],"wp:featuredmedia":[{"embeddable":true,"href":"https:\/\/www.bojungle.eu\/es\/wp-json\/wp\/v2\/media\/58752"}],"wp:attachment":[{"href":"https:\/\/www.bojungle.eu\/es\/wp-json\/wp\/v2\/media?parent=40563"}],"wp:term":[{"taxonomy":"product_brand","embeddable":true,"href":"https:\/\/www.bojungle.eu\/es\/wp-json\/wp\/v2\/product_brand?post=40563"},{"taxonomy":"product_cat","embeddable":true,"href":"https:\/\/www.bojungle.eu\/es\/wp-json\/wp\/v2\/product_cat?post=40563"},{"taxonomy":"product_tag","embeddable":true,"href":"https:\/\/www.bojungle.eu\/es\/wp-json\/wp\/v2\/product_tag?post=40563"},{"taxonomy":"woo-feed-brand","embeddable":true,"href":"https:\/\/www.bojungle.eu\/es\/wp-json\/wp\/v2\/woo-feed-brand?post=40563"}],"curies":[{"name":"wp","href":"https:\/\/api.w.org\/{rel}","templated":true}]}}