{"id":40595,"date":"2022-05-29T11:58:21","date_gmt":"2022-05-29T09:58:21","guid":{"rendered":"https:\/\/dev.authority.biz\/boj\/product\/organizador-sacaleches-b-thermo-gris-oscuro\/"},"modified":"2024-02-15T16:16:27","modified_gmt":"2024-02-15T15:16:27","slug":"b-thermo-breastpump-organiser-gris-oscuro","status":"publish","type":"product","link":"https:\/\/www.bojungle.eu\/es\/producto\/b-thermo-breastpump-organiser-gris-oscuro\/","title":{"rendered":"Organizador Sacaleches Thermo Gris Oscuro"},"content":{"rendered":"<ul>\n<li>El organizador de sacaleches Thermo ha sido dise\u00f1ado para facilitar a las madres lactantes la tarea de llevar consigo todo lo que necesitan cuando, por ejemplo, vuelven al trabajo y desean continuar con la lactancia. Cuando el beb\u00e9 deje de tomar el pecho, esta discreta bolsa podr\u00e1 utilizarse siempre para llevarla de viaje, etc.<\/li>\n<li>Dise\u00f1o discreto basado en las \u00faltimas tendencias y en l\u00ednea con el resto de nuestros productos<\/li>\n<li>Bolsa termoaislante para guardar la leche materna (o m\u00e1s adelante tarritos de potitos, etc.) y mantenerla fr\u00eda<\/li>\n<li>Dos compartimentos separados: compartimento superior para el sacaleches, compartimento inferior para biberones, etc.<\/li>\n<li>Espacio suficiente para guardar un sacaleches, dos biberones, algunos discos de lactancia y otros peque\u00f1os enseres.<\/li>\n<li>Bolsillos en el interior para mantener todo en su sitio<\/li>\n<li>Dimensiones: Alto: 29 cm x Fondo: 18 cm x Ancho: 24 cm<\/li>\n<\/ul>\n","protected":false},"excerpt":{"rendered":"<p>Nuestro organizador para sacaleches Thermo en gris oscuro es la soluci\u00f3n esencial para las madres lactantes que siempre est\u00e1n en movimiento. Creado pensando en la comodidad y la discreci\u00f3n, este organizador est\u00e1 dise\u00f1ado para integrarse a la perfecci\u00f3n en tu ajetreado estilo de vida, manteniendo tus productos de lactancia bien guardados y f\u00e1cilmente accesibles. Con un dise\u00f1o discreto que combina a la perfecci\u00f3n con las \u00faltimas tendencias y con nuestra gama de productos de primera calidad, este organizador te garantiza que podr\u00e1s continuar con tu viaje de lactancia con confianza y estilo. Tanto si te diriges a la oficina como si te embarcas en una aventura de fin de semana, esta elegante bolsa te cubre todas tus necesidades. Equipado con un compartimento termoaislante, nuestro organizador mantiene la temperatura \u00f3ptima de la leche materna o, m\u00e1s adelante, de los potitos, garantizando su frescura all\u00e1 donde vayas. Con dos compartimentos separados, puedes organizar eficazmente tus cosas esenciales. En el compartimento superior cabe c\u00f3modamente el sacaleches, mientras que el compartimento inferior ofrece un amplio espacio para guardar los biberones y otros utensilios. Con espacio suficiente para un sacaleches, dos biberones, discos de lactancia y otras pertenencias peque\u00f1as, todo lo que necesita est\u00e1 al alcance de la mano. En el interior, los bolsillos estrat\u00e9gicamente situados mantienen sus objetos seguros y f\u00e1cilmente accesibles. Se acab\u00f3 el buscar objetos perdidos; todo permanece en su sitio, permiti\u00e9ndole centrarse en el cuidado de su peque\u00f1o.<\/p>\n<p>Mejore su experiencia de lactancia con nuestro organizador para sacaleches Thermo en gris oscuro. Pr\u00e1ctico, elegante y vers\u00e1til, es el compa\u00f1ero perfecto para cualquier madre lactante.<\/p>\n","protected":false},"featured_media":66308,"comment_status":"closed","ping_status":"closed","template":"","meta":{"_lmt_disableupdate":"","_lmt_disable":""},"product_brand":[],"product_cat":[638,637],"product_tag":[],"woo-feed-brand":[],"class_list":{"0":"post-40595","1":"product","2":"type-product","3":"status-publish","4":"has-post-thumbnail","6":"product_cat-accesorios-de-exterior","7":"product_cat-en-el-exterior","9":"first","10":"instock","11":"taxable","12":"shipping-taxable","13":"purchasable","14":"product-type-simple"},"_links":{"self":[{"href":"https:\/\/www.bojungle.eu\/es\/wp-json\/wp\/v2\/product\/40595","targetHints":{"allow":["GET"]}}],"collection":[{"href":"https:\/\/www.bojungle.eu\/es\/wp-json\/wp\/v2\/product"}],"about":[{"href":"https:\/\/www.bojungle.eu\/es\/wp-json\/wp\/v2\/types\/product"}],"replies":[{"embeddable":true,"href":"https:\/\/www.bojungle.eu\/es\/wp-json\/wp\/v2\/comments?post=40595"}],"version-history":[{"count":1,"href":"https:\/\/www.bojungle.eu\/es\/wp-json\/wp\/v2\/product\/40595\/revisions"}],"predecessor-version":[{"id":66401,"href":"https:\/\/www.bojungle.eu\/es\/wp-json\/wp\/v2\/product\/40595\/revisions\/66401"}],"wp:featuredmedia":[{"embeddable":true,"href":"https:\/\/www.bojungle.eu\/es\/wp-json\/wp\/v2\/media\/66308"}],"wp:attachment":[{"href":"https:\/\/www.bojungle.eu\/es\/wp-json\/wp\/v2\/media?parent=40595"}],"wp:term":[{"taxonomy":"product_brand","embeddable":true,"href":"https:\/\/www.bojungle.eu\/es\/wp-json\/wp\/v2\/product_brand?post=40595"},{"taxonomy":"product_cat","embeddable":true,"href":"https:\/\/www.bojungle.eu\/es\/wp-json\/wp\/v2\/product_cat?post=40595"},{"taxonomy":"product_tag","embeddable":true,"href":"https:\/\/www.bojungle.eu\/es\/wp-json\/wp\/v2\/product_tag?post=40595"},{"taxonomy":"woo-feed-brand","embeddable":true,"href":"https:\/\/www.bojungle.eu\/es\/wp-json\/wp\/v2\/woo-feed-brand?post=40595"}],"curies":[{"name":"wp","href":"https:\/\/api.w.org\/{rel}","templated":true}]}}