{"id":40791,"date":"2022-05-29T11:53:16","date_gmt":"2022-05-29T09:53:16","guid":{"rendered":"https:\/\/dev.authority.biz\/boj\/product\/b-suction-bol-silicona-y-cuchara-azul\/"},"modified":"2025-03-26T16:35:18","modified_gmt":"2025-03-26T15:35:18","slug":"cazoleta-silicona-cuchara-azul","status":"publish","type":"product","link":"https:\/\/www.bojungle.eu\/es\/producto\/cazoleta-silicona-cuchara-azul\/","title":{"rendered":"B-Suction Bol Silicona y Cuchara Azul"},"content":{"rendered":"<div class=\"elementor-element elementor-element-80cf67d elementor-widget elementor-widget-jet-single-excerpt\" data-id=\"80cf67d\" data-element_type=\"widget\" data-widget_type=\"jet-single-excerpt.default\">\n<div class=\"elementor-widget-container\">\n<div class=\"elementor-jet-single-excerpt jet-woo-builder\">\n<div class=\"woocommerce-product-details__short-description\">\n<p>\u00a1La hora de comer se volvi\u00f3 m\u00e1s f\u00e1cil y divertida con el juego de taz\u00f3n y cuchara de silicona con ventosa! Dise\u00f1ado para ayudar a su hijo a aprender a comer de forma independiente, este juego inteligente mantiene la atenci\u00f3n en la comida, no en el desorden. La poderosa base con ventosa garantiza que el taz\u00f3n se mantenga seguro en su lugar, lo que evita derrames y el incidente ocasional del \u00abtaz\u00f3n volador\u00bb. Fabricado con silicona duradera de primera calidad, este juego est\u00e1 dise\u00f1ado para durar innumerables aventuras a la hora de comer. Es resistente a las roturas, la absorci\u00f3n de olores y la transferencia de sabores, lo que lo convierte en una opci\u00f3n segura e higi\u00e9nica para su peque\u00f1o. La cuchara ergon\u00f3mica a juego tiene el tama\u00f1o perfecto para manos peque\u00f1as, lo que fomenta la autoalimentaci\u00f3n con confianza. Con su dise\u00f1o divertido pero elegante, el juego de taz\u00f3n y cuchara B-Suction es tan agradable a la vista como pr\u00e1ctico de usar, lo que lo convierte en un art\u00edculo imprescindible para todas las familias. Adecuado para beb\u00e9s y ni\u00f1os peque\u00f1os, es la manera perfecta de convertir la hora de comer en una experiencia de aprendizaje sin estr\u00e9s.  <\/p>\n<p><strong>Caracter\u00edsticas principales:<\/strong><\/p>\n<ul>\n<li><strong>Base de succi\u00f3n fuerte:<\/strong> mantiene el recipiente firmemente en su lugar para comidas sin ensuciar.<\/li>\n<li><strong>Silicona duradera:<\/strong> resistente a roturas y f\u00e1cil de limpiar, sin absorci\u00f3n de olores ni sabores.<\/li>\n<li><strong>Dise\u00f1o apto para ni\u00f1os:<\/strong> incluye una cuchara adaptada a manos peque\u00f1as y para comer de forma independiente.<\/li>\n<li><strong>Aspecto atractivo:<\/strong> dise\u00f1o brillante y moderno que atrae tanto a ni\u00f1os como a padres.<\/li>\n<\/ul>\n<p>\u00a1Haga que la hora de comer sea sencilla, elegante y divertida con el juego de cuchara y cuenco de silicona con ventosa!<\/p>\n<\/div>\n<\/div>\n<\/div>\n<\/div>\n<div class=\"elementor-element elementor-element-c5d7d93 elementor-widget elementor-widget-spacer\" data-id=\"c5d7d93\" data-element_type=\"widget\" data-widget_type=\"spacer.default\">\n<div class=\"elementor-widget-container\">\n<div class=\"elementor-spacer\"><\/div>\n<\/div>\n<\/div>\n","protected":false},"excerpt":{"rendered":"<div class=\"elementor-element elementor-element-80cf67d elementor-widget elementor-widget-jet-single-excerpt\" data-id=\"80cf67d\" data-element_type=\"widget\" data-widget_type=\"jet-single-excerpt.default\">\n<div class=\"elementor-widget-container\">\n<div class=\"elementor-jet-single-excerpt jet-woo-builder\">\n<div class=\"woocommerce-product-details__short-description\">\n<p>\u00a1Haga que la hora de comer sea libre de estr\u00e9s con el taz\u00f3n y la cuchara con ventosa! La base de succi\u00f3n fuerte mantiene el taz\u00f3n en su lugar, mientras que la cuchara ergon\u00f3mica ayuda a su peque\u00f1o a aprender a comer de forma independiente. Este juego, hecho de silicona duradera y sin olor, es resistente a las roturas, f\u00e1cil de limpiar y tiene un dise\u00f1o elegante tanto para ni\u00f1os como para padres. Perfecto para comidas felices y sin complicaciones   <\/p>\n<\/div>\n<\/div>\n<\/div>\n<\/div>\n","protected":false},"featured_media":69967,"comment_status":"closed","ping_status":"closed","template":"","meta":{"_lmt_disableupdate":"","_lmt_disable":""},"product_brand":[],"product_cat":[462,464,557],"product_tag":[],"woo-feed-brand":[],"class_list":{"0":"post-40791","1":"product","2":"type-product","3":"status-publish","4":"has-post-thumbnail","6":"product_cat-comida-y-bebida","7":"product_cat-gama-de-silicona","8":"product_cat-hora-de-cenar","10":"first","11":"instock","12":"taxable","13":"shipping-taxable","14":"purchasable","15":"product-type-simple"},"_links":{"self":[{"href":"https:\/\/www.bojungle.eu\/es\/wp-json\/wp\/v2\/product\/40791","targetHints":{"allow":["GET"]}}],"collection":[{"href":"https:\/\/www.bojungle.eu\/es\/wp-json\/wp\/v2\/product"}],"about":[{"href":"https:\/\/www.bojungle.eu\/es\/wp-json\/wp\/v2\/types\/product"}],"replies":[{"embeddable":true,"href":"https:\/\/www.bojungle.eu\/es\/wp-json\/wp\/v2\/comments?post=40791"}],"version-history":[{"count":1,"href":"https:\/\/www.bojungle.eu\/es\/wp-json\/wp\/v2\/product\/40791\/revisions"}],"predecessor-version":[{"id":78474,"href":"https:\/\/www.bojungle.eu\/es\/wp-json\/wp\/v2\/product\/40791\/revisions\/78474"}],"wp:featuredmedia":[{"embeddable":true,"href":"https:\/\/www.bojungle.eu\/es\/wp-json\/wp\/v2\/media\/69967"}],"wp:attachment":[{"href":"https:\/\/www.bojungle.eu\/es\/wp-json\/wp\/v2\/media?parent=40791"}],"wp:term":[{"taxonomy":"product_brand","embeddable":true,"href":"https:\/\/www.bojungle.eu\/es\/wp-json\/wp\/v2\/product_brand?post=40791"},{"taxonomy":"product_cat","embeddable":true,"href":"https:\/\/www.bojungle.eu\/es\/wp-json\/wp\/v2\/product_cat?post=40791"},{"taxonomy":"product_tag","embeddable":true,"href":"https:\/\/www.bojungle.eu\/es\/wp-json\/wp\/v2\/product_tag?post=40791"},{"taxonomy":"woo-feed-brand","embeddable":true,"href":"https:\/\/www.bojungle.eu\/es\/wp-json\/wp\/v2\/woo-feed-brand?post=40791"}],"curies":[{"name":"wp","href":"https:\/\/api.w.org\/{rel}","templated":true}]}}