{"id":40841,"date":"2022-05-29T11:53:16","date_gmt":"2022-05-29T09:53:16","guid":{"rendered":"https:\/\/dev.authority.biz\/boj\/product\/placa-b-suction-oso-rosa\/"},"modified":"2025-08-11T16:49:12","modified_gmt":"2025-08-11T14:49:12","slug":"b-suction-plate-oso-rosa","status":"publish","type":"product","link":"https:\/\/www.bojungle.eu\/es\/producto\/b-suction-plate-oso-rosa\/","title":{"rendered":"Placa B-Suction Oso Rosa"},"content":{"rendered":"<p data-start=\"84\" data-end=\"132\">Se acabaron las comidas desordenadas con el plato con ventosa Bear. Se adhiere a la mesa, por lo que tu beb\u00e9 no podr\u00e1 tirarlo al suelo. Cuenta con una potente ventosa que mantiene el plato en su sitio mientras tu peque\u00f1o come.  <\/p>\n<p data-start=\"311\" data-end=\"446\">Fabricado con silicona suave y segura, es delicado con los beb\u00e9s y f\u00e1cil de limpiar para los padres. \u00a1Las simp\u00e1ticas orejas de oso hacen que la hora de comer sea m\u00e1s divertida! <\/p>\n<ul>\n<li data-start=\"448\" data-end=\"643\">Se mantiene en su sitio gracias a su fuerte succi\u00f3n.<\/li>\n<li data-start=\"448\" data-end=\"643\">Apto para microondas y horno (hasta 220 \u00b0C).<\/li>\n<li data-start=\"448\" data-end=\"643\">F\u00e1cil de limpiar: solo hay que meterlo en el lavavajillas.<\/li>\n<li data-start=\"448\" data-end=\"643\">Fabricado con silicona.<\/li>\n<\/ul>\n<p data-start=\"645\" data-end=\"716\">Ideal para las comidas diarias y para las manitas que est\u00e1n aprendiendo a comer solas.<\/p>\n","protected":false},"excerpt":{"rendered":"<p>El plato con ventosa Bear es un plato de silicona bonito y pr\u00e1ctico con una fuerte ventosa para evitar derrames. Apto para microondas, horno (hasta 220 \u00b0C) y lavavajillas. <\/p>\n","protected":false},"featured_media":72475,"comment_status":"closed","ping_status":"closed","template":"","meta":{"_lmt_disableupdate":"","_lmt_disable":""},"product_brand":[],"product_cat":[462,464,557],"product_tag":[],"woo-feed-brand":[],"class_list":{"0":"post-40841","1":"product","2":"type-product","3":"status-publish","4":"has-post-thumbnail","6":"product_cat-comida-y-bebida","7":"product_cat-gama-de-silicona","8":"product_cat-hora-de-cenar","10":"first","11":"instock","12":"taxable","13":"shipping-taxable","14":"purchasable","15":"product-type-simple"},"_links":{"self":[{"href":"https:\/\/www.bojungle.eu\/es\/wp-json\/wp\/v2\/product\/40841","targetHints":{"allow":["GET"]}}],"collection":[{"href":"https:\/\/www.bojungle.eu\/es\/wp-json\/wp\/v2\/product"}],"about":[{"href":"https:\/\/www.bojungle.eu\/es\/wp-json\/wp\/v2\/types\/product"}],"replies":[{"embeddable":true,"href":"https:\/\/www.bojungle.eu\/es\/wp-json\/wp\/v2\/comments?post=40841"}],"version-history":[{"count":1,"href":"https:\/\/www.bojungle.eu\/es\/wp-json\/wp\/v2\/product\/40841\/revisions"}],"predecessor-version":[{"id":80944,"href":"https:\/\/www.bojungle.eu\/es\/wp-json\/wp\/v2\/product\/40841\/revisions\/80944"}],"wp:featuredmedia":[{"embeddable":true,"href":"https:\/\/www.bojungle.eu\/es\/wp-json\/wp\/v2\/media\/72475"}],"wp:attachment":[{"href":"https:\/\/www.bojungle.eu\/es\/wp-json\/wp\/v2\/media?parent=40841"}],"wp:term":[{"taxonomy":"product_brand","embeddable":true,"href":"https:\/\/www.bojungle.eu\/es\/wp-json\/wp\/v2\/product_brand?post=40841"},{"taxonomy":"product_cat","embeddable":true,"href":"https:\/\/www.bojungle.eu\/es\/wp-json\/wp\/v2\/product_cat?post=40841"},{"taxonomy":"product_tag","embeddable":true,"href":"https:\/\/www.bojungle.eu\/es\/wp-json\/wp\/v2\/product_tag?post=40841"},{"taxonomy":"woo-feed-brand","embeddable":true,"href":"https:\/\/www.bojungle.eu\/es\/wp-json\/wp\/v2\/woo-feed-brand?post=40841"}],"curies":[{"name":"wp","href":"https:\/\/api.w.org\/{rel}","templated":true}]}}