{"id":40852,"date":"2022-05-29T11:52:36","date_gmt":"2022-05-29T09:52:36","guid":{"rendered":"https:\/\/dev.authority.biz\/boj\/product\/b-strolly-grey-silver-moon-armazon-unidad-de-asiento-adaptadores-de-asiento-de-coche-proteccion-de-lluvia-cuna\/"},"modified":"2022-05-29T11:52:36","modified_gmt":"2022-05-29T11:52:36","slug":"b-strolly-gris-plateado-marco-de-luna-unidad-de-asiento-de-coche-adaptadores-proteccion-lluvia-cuna","status":"publish","type":"product","link":"https:\/\/www.bojungle.eu\/es\/producto\/b-strolly-gris-plateado-marco-de-luna-unidad-de-asiento-de-coche-adaptadores-proteccion-lluvia-cuna\/","title":{"rendered":"B-Strolly Grey Silver Moon (Armaz\u00f3n + Unidad de Asiento + Adaptadores de Asiento de Coche + Protecci\u00f3n de Lluvia + Cuna)"},"content":{"rendered":"<ul>\n<li>Conozca Bo Jungle Strolly que ofrece caracter\u00edsticas de seguridad y salud para su beb\u00e9 que est\u00e1n disponibles en todos los cochecitos de beb\u00e9 de Bo Jungle. El B-Strolly es adecuado para todo el mundo. Disfrute de su sencillez y calidad.<\/li>\n<li>En la sencillez est\u00e1 la genialidad &#8211; B-Strolly re\u00fane la mayor\u00eda de las caracter\u00edsticas de los cochecitos de beb\u00e9 de primera clase, por lo que resulta c\u00f3modo y pr\u00e1ctico para los desplazamientos diarios por la ciudad y la naturaleza. El chasis con ruedas de espuma EVA permitir\u00e1 disfrutar del paseo por atractivos senderos en bosques o parques. Adem\u00e1s, los bordados especiales y los elementos de dise\u00f1o que reflejan la luz hacen que el cochecito de beb\u00e9 sea \u00fanico y visible a cualquier hora del d\u00eda. El suave colch\u00f3n de copos de coco y la protecci\u00f3n adicional de la cuna frente al viento crear\u00e1n un entorno seguro y c\u00f3modo para tu beb\u00e9.<\/li>\n<li>Dimensiones (plegado): 61 cm x 81 cm<\/li>\n<\/ul>\n","protected":false},"excerpt":{"rendered":"<p>En la sencillez est\u00e1 la genialidad<\/p>\n","protected":false},"featured_media":57450,"comment_status":"closed","ping_status":"closed","template":"","meta":{"_lmt_disableupdate":"","_lmt_disable":""},"product_brand":[],"product_cat":[649,637,1347],"product_tag":[],"woo-feed-brand":[],"class_list":{"0":"post-40852","1":"product","2":"type-product","3":"status-publish","4":"has-post-thumbnail","6":"product_cat-cochecitos","7":"product_cat-en-el-exterior","8":"product_cat-sale-es-2","10":"first","11":"instock","12":"sale","13":"taxable","14":"shipping-taxable","15":"purchasable","16":"product-type-simple"},"_links":{"self":[{"href":"https:\/\/www.bojungle.eu\/es\/wp-json\/wp\/v2\/product\/40852","targetHints":{"allow":["GET"]}}],"collection":[{"href":"https:\/\/www.bojungle.eu\/es\/wp-json\/wp\/v2\/product"}],"about":[{"href":"https:\/\/www.bojungle.eu\/es\/wp-json\/wp\/v2\/types\/product"}],"replies":[{"embeddable":true,"href":"https:\/\/www.bojungle.eu\/es\/wp-json\/wp\/v2\/comments?post=40852"}],"version-history":[{"count":0,"href":"https:\/\/www.bojungle.eu\/es\/wp-json\/wp\/v2\/product\/40852\/revisions"}],"wp:featuredmedia":[{"embeddable":true,"href":"https:\/\/www.bojungle.eu\/es\/wp-json\/wp\/v2\/media\/57450"}],"wp:attachment":[{"href":"https:\/\/www.bojungle.eu\/es\/wp-json\/wp\/v2\/media?parent=40852"}],"wp:term":[{"taxonomy":"product_brand","embeddable":true,"href":"https:\/\/www.bojungle.eu\/es\/wp-json\/wp\/v2\/product_brand?post=40852"},{"taxonomy":"product_cat","embeddable":true,"href":"https:\/\/www.bojungle.eu\/es\/wp-json\/wp\/v2\/product_cat?post=40852"},{"taxonomy":"product_tag","embeddable":true,"href":"https:\/\/www.bojungle.eu\/es\/wp-json\/wp\/v2\/product_tag?post=40852"},{"taxonomy":"woo-feed-brand","embeddable":true,"href":"https:\/\/www.bojungle.eu\/es\/wp-json\/wp\/v2\/woo-feed-brand?post=40852"}],"curies":[{"name":"wp","href":"https:\/\/api.w.org\/{rel}","templated":true}]}}