{"id":40926,"date":"2022-05-29T11:49:08","date_gmt":"2022-05-29T09:49:08","guid":{"rendered":"https:\/\/dev.authority.biz\/boj\/product\/b-stroller-liner-rosa\/"},"modified":"2022-05-29T11:49:08","modified_gmt":"2022-05-29T11:49:08","slug":"b-stroller-liner-rosa","status":"publish","type":"product","link":"https:\/\/www.bojungle.eu\/es\/producto\/b-stroller-liner-rosa\/","title":{"rendered":"B-Stroller Liner Rosa"},"content":{"rendered":"<ul>\n<li>Porque los beb\u00e9s m\u00e1s grandes o los ni\u00f1os que ya pueden sentarse en un cochecito tambi\u00e9n merecen tener lo mejor<\/li>\n<li>Incrustaci\u00f3n con cara de invierno supersuave y cara de verano absorbente<\/li>\n<li>Con aberturas para cinturones de seguridad<\/li>\n<li>Lavable a m\u00e1quina<\/li>\n<\/ul>\n","protected":false},"excerpt":{"rendered":"<p>Incrustaci\u00f3n con cara de invierno supersuave y cara de verano absorbente<\/p>\n","protected":false},"featured_media":68434,"comment_status":"closed","ping_status":"closed","template":"","meta":{"_lmt_disableupdate":"","_lmt_disable":""},"product_brand":[],"product_cat":[638,637],"product_tag":[],"woo-feed-brand":[],"class_list":{"0":"post-40926","1":"product","2":"type-product","3":"status-publish","4":"has-post-thumbnail","6":"product_cat-accesorios-de-exterior","7":"product_cat-en-el-exterior","9":"first","10":"instock","11":"taxable","12":"shipping-taxable","13":"purchasable","14":"product-type-simple"},"_links":{"self":[{"href":"https:\/\/www.bojungle.eu\/es\/wp-json\/wp\/v2\/product\/40926","targetHints":{"allow":["GET"]}}],"collection":[{"href":"https:\/\/www.bojungle.eu\/es\/wp-json\/wp\/v2\/product"}],"about":[{"href":"https:\/\/www.bojungle.eu\/es\/wp-json\/wp\/v2\/types\/product"}],"replies":[{"embeddable":true,"href":"https:\/\/www.bojungle.eu\/es\/wp-json\/wp\/v2\/comments?post=40926"}],"version-history":[{"count":0,"href":"https:\/\/www.bojungle.eu\/es\/wp-json\/wp\/v2\/product\/40926\/revisions"}],"wp:featuredmedia":[{"embeddable":true,"href":"https:\/\/www.bojungle.eu\/es\/wp-json\/wp\/v2\/media\/68434"}],"wp:attachment":[{"href":"https:\/\/www.bojungle.eu\/es\/wp-json\/wp\/v2\/media?parent=40926"}],"wp:term":[{"taxonomy":"product_brand","embeddable":true,"href":"https:\/\/www.bojungle.eu\/es\/wp-json\/wp\/v2\/product_brand?post=40926"},{"taxonomy":"product_cat","embeddable":true,"href":"https:\/\/www.bojungle.eu\/es\/wp-json\/wp\/v2\/product_cat?post=40926"},{"taxonomy":"product_tag","embeddable":true,"href":"https:\/\/www.bojungle.eu\/es\/wp-json\/wp\/v2\/product_tag?post=40926"},{"taxonomy":"woo-feed-brand","embeddable":true,"href":"https:\/\/www.bojungle.eu\/es\/wp-json\/wp\/v2\/woo-feed-brand?post=40926"}],"curies":[{"name":"wp","href":"https:\/\/api.w.org\/{rel}","templated":true}]}}