{"id":40937,"date":"2022-05-29T11:49:07","date_gmt":"2022-05-29T09:49:07","guid":{"rendered":"https:\/\/dev.authority.biz\/boj\/product\/juego-de-cucharas-b-soft-3-pcs-gris-blanco-rosa\/"},"modified":"2022-05-29T11:49:07","modified_gmt":"2022-05-29T11:49:07","slug":"b-soft-spoon-set-3-pcs-grey-white-pink-2","status":"publish","type":"product","link":"https:\/\/www.bojungle.eu\/es\/producto\/b-soft-spoon-set-3-pcs-grey-white-pink-2\/","title":{"rendered":"Juego de cucharas B-Soft 3 pcs (Gris &#8211; Blanco &#8211; Rosa)"},"content":{"rendered":"<ul>\n<li>\u00a1La cuchara perfecta para los primeros mordiscos de su beb\u00e9!<\/li>\n<li>Cuchara con puntas de silicona blanda para proteger las enc\u00edas sensibles del beb\u00e9<\/li>\n<li>Parte delantera blanda y plana para que hasta los beb\u00e9s m\u00e1s peque\u00f1os puedan coger la comida<\/li>\n<li>El mango de pl\u00e1stico proporciona un buen agarre<\/li>\n<li>Apto para lavavajillas<\/li>\n<li>Vendido en un juego de 3 cucharas en blanco, rosa y gris<\/li>\n<\/ul>\n","protected":false},"excerpt":{"rendered":"<p>\u00a1La cuchara perfecta para los primeros mordiscos de su beb\u00e9!<\/p>\n","protected":false},"featured_media":56985,"comment_status":"closed","ping_status":"closed","template":"","meta":{"_lmt_disableupdate":"","_lmt_disable":""},"product_brand":[],"product_cat":[462,557],"product_tag":[],"woo-feed-brand":[],"class_list":{"0":"post-40937","1":"product","2":"type-product","3":"status-publish","4":"has-post-thumbnail","6":"product_cat-comida-y-bebida","7":"product_cat-hora-de-cenar","9":"first","10":"outofstock","11":"taxable","12":"shipping-taxable","13":"purchasable","14":"product-type-simple"},"_links":{"self":[{"href":"https:\/\/www.bojungle.eu\/es\/wp-json\/wp\/v2\/product\/40937","targetHints":{"allow":["GET"]}}],"collection":[{"href":"https:\/\/www.bojungle.eu\/es\/wp-json\/wp\/v2\/product"}],"about":[{"href":"https:\/\/www.bojungle.eu\/es\/wp-json\/wp\/v2\/types\/product"}],"replies":[{"embeddable":true,"href":"https:\/\/www.bojungle.eu\/es\/wp-json\/wp\/v2\/comments?post=40937"}],"version-history":[{"count":0,"href":"https:\/\/www.bojungle.eu\/es\/wp-json\/wp\/v2\/product\/40937\/revisions"}],"wp:featuredmedia":[{"embeddable":true,"href":"https:\/\/www.bojungle.eu\/es\/wp-json\/wp\/v2\/media\/56985"}],"wp:attachment":[{"href":"https:\/\/www.bojungle.eu\/es\/wp-json\/wp\/v2\/media?parent=40937"}],"wp:term":[{"taxonomy":"product_brand","embeddable":true,"href":"https:\/\/www.bojungle.eu\/es\/wp-json\/wp\/v2\/product_brand?post=40937"},{"taxonomy":"product_cat","embeddable":true,"href":"https:\/\/www.bojungle.eu\/es\/wp-json\/wp\/v2\/product_cat?post=40937"},{"taxonomy":"product_tag","embeddable":true,"href":"https:\/\/www.bojungle.eu\/es\/wp-json\/wp\/v2\/product_tag?post=40937"},{"taxonomy":"woo-feed-brand","embeddable":true,"href":"https:\/\/www.bojungle.eu\/es\/wp-json\/wp\/v2\/woo-feed-brand?post=40937"}],"curies":[{"name":"wp","href":"https:\/\/api.w.org\/{rel}","templated":true}]}}