{"id":40958,"date":"2022-05-29T11:49:07","date_gmt":"2022-05-29T09:49:07","guid":{"rendered":"https:\/\/dev.authority.biz\/boj\/product\/b-silicone-spoon-fork-knife-set-gris\/"},"modified":"2022-05-29T11:49:07","modified_gmt":"2022-05-29T11:49:07","slug":"b-silicone-spoon-fork-knife-set-grey-2","status":"publish","type":"product","link":"https:\/\/www.bojungle.eu\/es\/producto\/b-silicone-spoon-fork-knife-set-grey-2\/","title":{"rendered":"B-Silicone Spoon-Fork-Knife Set Gris"},"content":{"rendered":"<p>Un divertido juego de cubiertos para ni\u00f1os compuesto por cuchara,tenedor y cuchillo. Los cubiertos est\u00e1n fabricados con material de alta calidad y son f\u00e1ciles de sujetar por manos peque\u00f1as,gracias al f\u00e1cil agarre del caucho de silicona.<\/p>\n","protected":false},"excerpt":{"rendered":"<p>Un divertido juego de cubiertos para ni\u00f1os compuesto por cuchara,tenedor y cuchillo. Los cubiertos est\u00e1n fabricados con material de alta calidad y son f\u00e1ciles de sujetar por manos peque\u00f1as,gracias al f\u00e1cil agarre del caucho de silicona.<\/p>\n","protected":false},"featured_media":72344,"comment_status":"closed","ping_status":"closed","template":"","meta":{"_lmt_disableupdate":"","_lmt_disable":""},"product_brand":[],"product_cat":[462,464,557],"product_tag":[],"woo-feed-brand":[],"class_list":{"0":"post-40958","1":"product","2":"type-product","3":"status-publish","4":"has-post-thumbnail","6":"product_cat-comida-y-bebida","7":"product_cat-gama-de-silicona","8":"product_cat-hora-de-cenar","10":"first","11":"instock","12":"taxable","13":"shipping-taxable","14":"purchasable","15":"product-type-simple"},"_links":{"self":[{"href":"https:\/\/www.bojungle.eu\/es\/wp-json\/wp\/v2\/product\/40958","targetHints":{"allow":["GET"]}}],"collection":[{"href":"https:\/\/www.bojungle.eu\/es\/wp-json\/wp\/v2\/product"}],"about":[{"href":"https:\/\/www.bojungle.eu\/es\/wp-json\/wp\/v2\/types\/product"}],"replies":[{"embeddable":true,"href":"https:\/\/www.bojungle.eu\/es\/wp-json\/wp\/v2\/comments?post=40958"}],"version-history":[{"count":0,"href":"https:\/\/www.bojungle.eu\/es\/wp-json\/wp\/v2\/product\/40958\/revisions"}],"wp:featuredmedia":[{"embeddable":true,"href":"https:\/\/www.bojungle.eu\/es\/wp-json\/wp\/v2\/media\/72344"}],"wp:attachment":[{"href":"https:\/\/www.bojungle.eu\/es\/wp-json\/wp\/v2\/media?parent=40958"}],"wp:term":[{"taxonomy":"product_brand","embeddable":true,"href":"https:\/\/www.bojungle.eu\/es\/wp-json\/wp\/v2\/product_brand?post=40958"},{"taxonomy":"product_cat","embeddable":true,"href":"https:\/\/www.bojungle.eu\/es\/wp-json\/wp\/v2\/product_cat?post=40958"},{"taxonomy":"product_tag","embeddable":true,"href":"https:\/\/www.bojungle.eu\/es\/wp-json\/wp\/v2\/product_tag?post=40958"},{"taxonomy":"woo-feed-brand","embeddable":true,"href":"https:\/\/www.bojungle.eu\/es\/wp-json\/wp\/v2\/woo-feed-brand?post=40958"}],"curies":[{"name":"wp","href":"https:\/\/api.w.org\/{rel}","templated":true}]}}