{"id":41000,"date":"2022-05-29T11:49:07","date_gmt":"2022-05-29T09:49:07","guid":{"rendered":"https:\/\/dev.authority.biz\/boj\/product\/taburete-b-step-up-azul\/"},"modified":"2025-03-26T14:46:54","modified_gmt":"2025-03-26T13:46:54","slug":"taburete-b-step-up-azul","status":"publish","type":"product","link":"https:\/\/www.bojungle.eu\/es\/producto\/taburete-b-step-up-azul\/","title":{"rendered":"Taburete B-Step up Azul"},"content":{"rendered":"<p>El taburete Bo Jungle en azul es perfecto para los ni\u00f1os que est\u00e1n aprendiendo a ir al ba\u00f1o o necesitan ayuda para llegar al lavabo. Es seguro con un sistema de bloqueo seguro y pies antideslizantes para mantenerlo estable mientras est\u00e1 en uso. <\/p>\n<p>Este taburete tiene una altura ajustable (15 cm &#8211; 26 cm), por lo que crece con su hijo. Es ligero y viene con un asa de transporte, por lo que es f\u00e1cil de mover. Adem\u00e1s, es f\u00e1cil de limpiar, para que su casa se mantenga ordenada.  <\/p>\n<p>Con su dise\u00f1o moderno y limpio, el taburete Bo Jungle queda bien en cualquier habitaci\u00f3n. Puede soportar hasta 150 kg, por lo que es lo suficientemente resistente para todos los miembros de la familia. <\/p>\n<p>Seguro, pr\u00e1ctico y elegante, el taburete elevador Bo Jungle es imprescindible en cualquier hogar.<\/p>\n","protected":false},"excerpt":{"rendered":"<p>El taburete Bo Jungle Step-Up Stool en azul es perfecto para los ni\u00f1os peque\u00f1os, ya que les ayuda a aprender a ir al ba\u00f1o y a llegar a los lavabos. Es seguro, ligero y f\u00e1cil de mover, con un sistema de bloqueo seguro y patas antideslizantes. La altura ajustable (15 cm &#8211; 26 cm) crece con su hijo, y puede soportar hasta 150 kg. Con un dise\u00f1o moderno y una superficie f\u00e1cil de limpiar, \u00a1es el complemento perfecto para cualquier hogar!   <\/p>\n","protected":false},"featured_media":69757,"comment_status":"closed","ping_status":"closed","template":"","meta":{"_lmt_disableupdate":"","_lmt_disable":""},"product_brand":[],"product_cat":[545,518],"product_tag":[],"woo-feed-brand":[],"class_list":{"0":"post-41000","1":"product","2":"type-product","3":"status-publish","4":"has-post-thumbnail","6":"product_cat-articulos-de-aseo","7":"product_cat-cuidado","9":"first","10":"outofstock","11":"taxable","12":"shipping-taxable","13":"purchasable","14":"product-type-simple"},"_links":{"self":[{"href":"https:\/\/www.bojungle.eu\/es\/wp-json\/wp\/v2\/product\/41000","targetHints":{"allow":["GET"]}}],"collection":[{"href":"https:\/\/www.bojungle.eu\/es\/wp-json\/wp\/v2\/product"}],"about":[{"href":"https:\/\/www.bojungle.eu\/es\/wp-json\/wp\/v2\/types\/product"}],"replies":[{"embeddable":true,"href":"https:\/\/www.bojungle.eu\/es\/wp-json\/wp\/v2\/comments?post=41000"}],"version-history":[{"count":1,"href":"https:\/\/www.bojungle.eu\/es\/wp-json\/wp\/v2\/product\/41000\/revisions"}],"predecessor-version":[{"id":79370,"href":"https:\/\/www.bojungle.eu\/es\/wp-json\/wp\/v2\/product\/41000\/revisions\/79370"}],"wp:featuredmedia":[{"embeddable":true,"href":"https:\/\/www.bojungle.eu\/es\/wp-json\/wp\/v2\/media\/69757"}],"wp:attachment":[{"href":"https:\/\/www.bojungle.eu\/es\/wp-json\/wp\/v2\/media?parent=41000"}],"wp:term":[{"taxonomy":"product_brand","embeddable":true,"href":"https:\/\/www.bojungle.eu\/es\/wp-json\/wp\/v2\/product_brand?post=41000"},{"taxonomy":"product_cat","embeddable":true,"href":"https:\/\/www.bojungle.eu\/es\/wp-json\/wp\/v2\/product_cat?post=41000"},{"taxonomy":"product_tag","embeddable":true,"href":"https:\/\/www.bojungle.eu\/es\/wp-json\/wp\/v2\/product_tag?post=41000"},{"taxonomy":"woo-feed-brand","embeddable":true,"href":"https:\/\/www.bojungle.eu\/es\/wp-json\/wp\/v2\/woo-feed-brand?post=41000"}],"curies":[{"name":"wp","href":"https:\/\/api.w.org\/{rel}","templated":true}]}}