{"id":41002,"date":"2022-05-29T11:49:07","date_gmt":"2022-05-29T09:49:07","guid":{"rendered":"https:\/\/dev.authority.biz\/boj\/product\/b-silicone-spoon-fork-knife-set-rosa\/"},"modified":"2025-05-13T16:46:08","modified_gmt":"2025-05-13T14:46:08","slug":"b-silicone-spoon-fork-knife-set-pink-2","status":"publish","type":"product","link":"https:\/\/www.bojungle.eu\/es\/producto\/b-silicone-spoon-fork-knife-set-pink-2\/","title":{"rendered":"Juego de cuchara-cuchillo de silicona rosa"},"content":{"rendered":"<p data-pm-slice=\"1 1 []\">Haga que la hora de la comida sea divertida y segura con nuestro juego de cuchara, tenedor y cuchillo de silicona, la cuberter\u00eda infantil perfecta para manos peque\u00f1as. Este encantador juego incluye una cuchara, un tenedor y un cuchillo, todos ellos fabricados con caucho de silicona de calidad alimentaria. Los mangos ergon\u00f3micos, dise\u00f1ados para facilitar el agarre, tienen una forma especial para los deditos, lo que favorece la autoalimentaci\u00f3n y la confianza de los m\u00e1s peque\u00f1os. El juego es duradero, ligero y respetuoso con las enc\u00edas sensibles, lo que lo convierte en la opci\u00f3n ideal para los ni\u00f1os peque\u00f1os que est\u00e1n aprendiendo a comer de forma independiente.   <\/p>\n<p>Caracter\u00edsticas principales:<\/p>\n<ul data-spread=\"false\">\n<li><strong>Dise\u00f1o adaptado a los ni\u00f1os: <\/strong>Los bordes suaves y redondeados y el material de silicona liso garantizan un uso seguro y c\u00f3modo.<\/li>\n<li><strong>Asas de f\u00e1cil agarre<\/strong>: Especialmente dise\u00f1adas para adaptarse a las manos peque\u00f1as, fomentando la autoalimentaci\u00f3n.<\/li>\n<li><strong>Material de alta calidad:<\/strong> Hecho de silicona de grado alimenticio libre de BPA para mayor seguridad y durabilidad.<\/li>\n<li><strong>Colores vibrantes:<\/strong> Disponible en colores divertidos y juguetones que atraen y deleitan a los peque\u00f1os comilones.<\/li>\n<li><strong>Apto para lavavajillas:<\/strong> F\u00e1cil de limpiar y mantener para padres ocupados.<\/li>\n<\/ul>\n<p>Convierta cada bocado en una experiencia divertida con el juego de cuchara, tenedor y cuchillo de silicona, una pr\u00e1ctica y divertida cuberter\u00eda infantil dise\u00f1ada para manos peque\u00f1as y apetitos crecientes.<\/p>\n<p>&nbsp;<\/p>\n","protected":false},"excerpt":{"rendered":"<p data-pm-slice=\"1 1 []\">Haga que la hora de comer sea f\u00e1cil y divertida con nuestro juego de cuchara, tenedor y cuchillo de silicona: el juego de cubiertos ideal para ni\u00f1os, dise\u00f1ado para manos peque\u00f1as. Fabricado en silicona alimentaria sin BPA, este resistente juego es suave, seguro y f\u00e1cil de agarrar, lo que ayuda a los m\u00e1s peque\u00f1os a aprender a comer de forma independiente. <\/p>\n","protected":false},"featured_media":72405,"comment_status":"closed","ping_status":"closed","template":"","meta":{"_lmt_disableupdate":"","_lmt_disable":""},"product_brand":[],"product_cat":[462,464,557],"product_tag":[],"woo-feed-brand":[],"class_list":{"0":"post-41002","1":"product","2":"type-product","3":"status-publish","4":"has-post-thumbnail","6":"product_cat-comida-y-bebida","7":"product_cat-gama-de-silicona","8":"product_cat-hora-de-cenar","10":"first","11":"instock","12":"taxable","13":"shipping-taxable","14":"purchasable","15":"product-type-simple"},"_links":{"self":[{"href":"https:\/\/www.bojungle.eu\/es\/wp-json\/wp\/v2\/product\/41002","targetHints":{"allow":["GET"]}}],"collection":[{"href":"https:\/\/www.bojungle.eu\/es\/wp-json\/wp\/v2\/product"}],"about":[{"href":"https:\/\/www.bojungle.eu\/es\/wp-json\/wp\/v2\/types\/product"}],"replies":[{"embeddable":true,"href":"https:\/\/www.bojungle.eu\/es\/wp-json\/wp\/v2\/comments?post=41002"}],"version-history":[{"count":1,"href":"https:\/\/www.bojungle.eu\/es\/wp-json\/wp\/v2\/product\/41002\/revisions"}],"predecessor-version":[{"id":79661,"href":"https:\/\/www.bojungle.eu\/es\/wp-json\/wp\/v2\/product\/41002\/revisions\/79661"}],"wp:featuredmedia":[{"embeddable":true,"href":"https:\/\/www.bojungle.eu\/es\/wp-json\/wp\/v2\/media\/72405"}],"wp:attachment":[{"href":"https:\/\/www.bojungle.eu\/es\/wp-json\/wp\/v2\/media?parent=41002"}],"wp:term":[{"taxonomy":"product_brand","embeddable":true,"href":"https:\/\/www.bojungle.eu\/es\/wp-json\/wp\/v2\/product_brand?post=41002"},{"taxonomy":"product_cat","embeddable":true,"href":"https:\/\/www.bojungle.eu\/es\/wp-json\/wp\/v2\/product_cat?post=41002"},{"taxonomy":"product_tag","embeddable":true,"href":"https:\/\/www.bojungle.eu\/es\/wp-json\/wp\/v2\/product_tag?post=41002"},{"taxonomy":"woo-feed-brand","embeddable":true,"href":"https:\/\/www.bojungle.eu\/es\/wp-json\/wp\/v2\/woo-feed-brand?post=41002"}],"curies":[{"name":"wp","href":"https:\/\/api.w.org\/{rel}","templated":true}]}}