{"id":41006,"date":"2022-05-29T11:49:06","date_gmt":"2022-05-29T09:49:06","guid":{"rendered":"https:\/\/dev.authority.biz\/boj\/product\/b-snooze-3-en-1-topo\/"},"modified":"2024-02-12T16:46:12","modified_gmt":"2024-02-12T15:46:12","slug":"b-snooze-3-in-1-taupe-2","status":"publish","type":"product","link":"https:\/\/www.bojungle.eu\/es\/producto\/b-snooze-3-in-1-taupe-2\/","title":{"rendered":"B-Snooze 3 en 1 Beige"},"content":{"rendered":"<p>El B-Snooze 3 en 1 Beige est\u00e1 dise\u00f1ado pensando en la versatilidad. Se puede utilizar en tres configuraciones diferentes, cada una de las cuales ofrece soporte personalizado para diversas posiciones y necesidades para dormir. Ya sea para elevar suavemente la cabeza del beb\u00e9, acunar su delicado cuerpo u ofrecerle apoyo durante los viajes, esta almohada se adapta sin esfuerzo a las necesidades cambiantes del beb\u00e9. Una de las caracter\u00edsticas m\u00e1s destacadas de la B-Snooze 3 en 1 es su reposacabezas ajustable, dise\u00f1ado para adaptarse al crecimiento y desarrollo de tu beb\u00e9. A medida que su peque\u00f1o crece, s\u00f3lo tiene que modificar el reposacabezas para garantizar una comodidad y alineaci\u00f3n \u00f3ptimas, promoviendo h\u00e1bitos de sue\u00f1o saludables desde la infancia hasta la ni\u00f1ez. Dise\u00f1ada con materiales ventilados, esta hamaca favorece la circulaci\u00f3n del aire y la transpirabilidad, manteniendo a su beb\u00e9 fresco y c\u00f3modo en todas las estaciones. El uso de tejidos transpirables de primera calidad no s\u00f3lo mejora la comodidad, sino que tambi\u00e9n da prioridad a la seguridad, garantizando que su beb\u00e9 duerma profundamente sin sobrecalentarse. La seguridad es primordial, por eso el B-Snooze 3 en 1 est\u00e1 equipado con aberturas para cinturones de seguridad, que proporcionan un ajuste seguro y ce\u00f1ido durante los viajes o cuando se utiliza en un cochecito o silla de auto. Adem\u00e1s, la parte inferior es resistente al agua, lo que ofrece una mayor protecci\u00f3n contra los accidentes y los derrames de pa\u00f1ales, para que pueda estar tranquilo sabiendo que el entorno de sue\u00f1o de su beb\u00e9 permanece limpio e higi\u00e9nico.<\/p>\n<p>Mejore la experiencia de viaje y sue\u00f1o de su beb\u00e9 con el B-Snooze 3 en 1 beige. Dise\u00f1ado para ofrecer versatilidad, comodidad y seguridad, es el compa\u00f1ero perfecto para el viaje de su peque\u00f1o.<\/p>\n<ul>\n<li>Almohada universal que ofrece apoyo a todo el cuerpo del beb\u00e9<\/li>\n<li>Las 3 partes tambi\u00e9n pueden utilizarse individualmente<\/li>\n<li>El reposacabezas se puede ajustar a medida que el beb\u00e9 crece<\/li>\n<li>Las sustancias ventilantes ofrecen m\u00e1s comodidad y seguridad en todas las estaciones<\/li>\n<li>Con aberturas para los cinturones de seguridad<\/li>\n<li>La parte inferior es resistente al agua para ofrecer protecci\u00f3n contra los accidentes de inmersi\u00f3n<\/li>\n<\/ul>\n","protected":false},"excerpt":{"rendered":"<p>Descubre el B-Snooze 3 en 1 beige, la soluci\u00f3n definitiva para la comodidad y seguridad de tu beb\u00e9 durante el sue\u00f1o y los viajes. Esta innovadora almohada universal est\u00e1 meticulosamente dise\u00f1ada para proporcionar un apoyo integral a todo el cuerpo de su peque\u00f1o, garantizando un descanso acogedor y seguro en todo momento.<\/p>\n<p>&nbsp;<\/p>\n","protected":false},"featured_media":65869,"comment_status":"closed","ping_status":"closed","template":"","meta":{"_lmt_disableupdate":"","_lmt_disable":""},"product_brand":[],"product_cat":[638,637],"product_tag":[],"woo-feed-brand":[],"class_list":{"0":"post-41006","1":"product","2":"type-product","3":"status-publish","4":"has-post-thumbnail","6":"product_cat-accesorios-de-exterior","7":"product_cat-en-el-exterior","9":"first","10":"outofstock","11":"taxable","12":"shipping-taxable","13":"purchasable","14":"product-type-simple"},"_links":{"self":[{"href":"https:\/\/www.bojungle.eu\/es\/wp-json\/wp\/v2\/product\/41006","targetHints":{"allow":["GET"]}}],"collection":[{"href":"https:\/\/www.bojungle.eu\/es\/wp-json\/wp\/v2\/product"}],"about":[{"href":"https:\/\/www.bojungle.eu\/es\/wp-json\/wp\/v2\/types\/product"}],"replies":[{"embeddable":true,"href":"https:\/\/www.bojungle.eu\/es\/wp-json\/wp\/v2\/comments?post=41006"}],"version-history":[{"count":1,"href":"https:\/\/www.bojungle.eu\/es\/wp-json\/wp\/v2\/product\/41006\/revisions"}],"predecessor-version":[{"id":65879,"href":"https:\/\/www.bojungle.eu\/es\/wp-json\/wp\/v2\/product\/41006\/revisions\/65879"}],"wp:featuredmedia":[{"embeddable":true,"href":"https:\/\/www.bojungle.eu\/es\/wp-json\/wp\/v2\/media\/65869"}],"wp:attachment":[{"href":"https:\/\/www.bojungle.eu\/es\/wp-json\/wp\/v2\/media?parent=41006"}],"wp:term":[{"taxonomy":"product_brand","embeddable":true,"href":"https:\/\/www.bojungle.eu\/es\/wp-json\/wp\/v2\/product_brand?post=41006"},{"taxonomy":"product_cat","embeddable":true,"href":"https:\/\/www.bojungle.eu\/es\/wp-json\/wp\/v2\/product_cat?post=41006"},{"taxonomy":"product_tag","embeddable":true,"href":"https:\/\/www.bojungle.eu\/es\/wp-json\/wp\/v2\/product_tag?post=41006"},{"taxonomy":"woo-feed-brand","embeddable":true,"href":"https:\/\/www.bojungle.eu\/es\/wp-json\/wp\/v2\/woo-feed-brand?post=41006"}],"curies":[{"name":"wp","href":"https:\/\/api.w.org\/{rel}","templated":true}]}}