{"id":41021,"date":"2022-05-29T11:49:06","date_gmt":"2022-05-29T09:49:06","guid":{"rendered":"https:\/\/dev.authority.biz\/boj\/product\/b-anillos-de-silicona-6-uds\/"},"modified":"2022-05-29T11:49:06","modified_gmt":"2022-05-29T11:49:06","slug":"b-anillos-de-silicona-6-pcs","status":"publish","type":"product","link":"https:\/\/www.bojungle.eu\/es\/producto\/b-anillos-de-silicona-6-pcs\/","title":{"rendered":"B-Anillos de silicona (6 uds.)"},"content":{"rendered":"<ul>\n<li>Estos anillos de silicona en colores de moda acompa\u00f1ar\u00e1n a tu hijo a todas partes.<\/li>\n<li>El beb\u00e9 puede masticarlas para aliviar sus enc\u00edas durante la dentici\u00f3n y desarrollar\u00e1 su motricidad fina ensambl\u00e1ndolas.<\/li>\n<li>Pero estas anillas tambi\u00e9n son muy pr\u00e1cticas para sujetar juguetes y peluches para evitar que se caigan del cochecito o para atarlos en el corralito.<\/li>\n<li>Para una higiene perfecta, este juguete puede lavarse en el lavavajillas y esterilizarse.<\/li>\n<li>Juguete de silicona de alta calidad.<\/li>\n<\/ul>\n","protected":false},"excerpt":{"rendered":"<p>Estos anillos de silicona en colores de moda acompa\u00f1ar\u00e1n a tu hijo a todas partes.<\/p>\n<p>&nbsp;<\/p>\n","protected":false},"featured_media":84854,"comment_status":"closed","ping_status":"closed","template":"","meta":{"_lmt_disableupdate":"","_lmt_disable":""},"product_brand":[],"product_cat":[505,478,476],"product_tag":[],"woo-feed-brand":[],"class_list":{"0":"post-41021","1":"product","2":"type-product","3":"status-publish","4":"has-post-thumbnail","6":"product_cat-colgar-los-juguetes","7":"product_cat-juguetes-de-silicona","8":"product_cat-tiempo-de-juego","10":"first","11":"instock","12":"taxable","13":"shipping-taxable","14":"purchasable","15":"product-type-simple"},"_links":{"self":[{"href":"https:\/\/www.bojungle.eu\/es\/wp-json\/wp\/v2\/product\/41021","targetHints":{"allow":["GET"]}}],"collection":[{"href":"https:\/\/www.bojungle.eu\/es\/wp-json\/wp\/v2\/product"}],"about":[{"href":"https:\/\/www.bojungle.eu\/es\/wp-json\/wp\/v2\/types\/product"}],"replies":[{"embeddable":true,"href":"https:\/\/www.bojungle.eu\/es\/wp-json\/wp\/v2\/comments?post=41021"}],"version-history":[{"count":0,"href":"https:\/\/www.bojungle.eu\/es\/wp-json\/wp\/v2\/product\/41021\/revisions"}],"wp:featuredmedia":[{"embeddable":true,"href":"https:\/\/www.bojungle.eu\/es\/wp-json\/wp\/v2\/media\/84854"}],"wp:attachment":[{"href":"https:\/\/www.bojungle.eu\/es\/wp-json\/wp\/v2\/media?parent=41021"}],"wp:term":[{"taxonomy":"product_brand","embeddable":true,"href":"https:\/\/www.bojungle.eu\/es\/wp-json\/wp\/v2\/product_brand?post=41021"},{"taxonomy":"product_cat","embeddable":true,"href":"https:\/\/www.bojungle.eu\/es\/wp-json\/wp\/v2\/product_cat?post=41021"},{"taxonomy":"product_tag","embeddable":true,"href":"https:\/\/www.bojungle.eu\/es\/wp-json\/wp\/v2\/product_tag?post=41021"},{"taxonomy":"woo-feed-brand","embeddable":true,"href":"https:\/\/www.bojungle.eu\/es\/wp-json\/wp\/v2\/woo-feed-brand?post=41021"}],"curies":[{"name":"wp","href":"https:\/\/api.w.org\/{rel}","templated":true}]}}