{"id":41082,"date":"2022-05-29T11:47:33","date_gmt":"2022-05-29T09:47:33","guid":{"rendered":"https:\/\/dev.authority.biz\/boj\/product\/babero-b-silicona-rosa\/"},"modified":"2022-05-29T11:47:33","modified_gmt":"2022-05-29T11:47:33","slug":"b-silicone-bib-pink-2","status":"publish","type":"product","link":"https:\/\/www.bojungle.eu\/es\/producto\/b-silicone-bib-pink-2\/","title":{"rendered":"Babero B-Silicona Rosa"},"content":{"rendered":"<ul>\n<li>Fabricado en silicona<\/li>\n<li>Suaves y c\u00f3modos de agarrar para los ni\u00f1os, f\u00e1ciles de limpiar y esterilizables a altas temperaturas.<\/li>\n<li>Flexible y port\u00e1til, f\u00e1cil de guardar y transportar.<\/li>\n<li>Atrapa la comida cuando caiga<\/li>\n<\/ul>\n","protected":false},"excerpt":{"rendered":"<p>Flexible y port\u00e1til, f\u00e1cil de guardar y transportar.<\/p>\n","protected":false},"featured_media":73991,"comment_status":"closed","ping_status":"closed","template":"","meta":{"_lmt_disableupdate":"","_lmt_disable":""},"product_brand":[],"product_cat":[462,464,557],"product_tag":[],"woo-feed-brand":[],"class_list":{"0":"post-41082","1":"product","2":"type-product","3":"status-publish","4":"has-post-thumbnail","6":"product_cat-comida-y-bebida","7":"product_cat-gama-de-silicona","8":"product_cat-hora-de-cenar","10":"first","11":"instock","12":"taxable","13":"shipping-taxable","14":"purchasable","15":"product-type-simple"},"_links":{"self":[{"href":"https:\/\/www.bojungle.eu\/es\/wp-json\/wp\/v2\/product\/41082","targetHints":{"allow":["GET"]}}],"collection":[{"href":"https:\/\/www.bojungle.eu\/es\/wp-json\/wp\/v2\/product"}],"about":[{"href":"https:\/\/www.bojungle.eu\/es\/wp-json\/wp\/v2\/types\/product"}],"replies":[{"embeddable":true,"href":"https:\/\/www.bojungle.eu\/es\/wp-json\/wp\/v2\/comments?post=41082"}],"version-history":[{"count":0,"href":"https:\/\/www.bojungle.eu\/es\/wp-json\/wp\/v2\/product\/41082\/revisions"}],"wp:featuredmedia":[{"embeddable":true,"href":"https:\/\/www.bojungle.eu\/es\/wp-json\/wp\/v2\/media\/73991"}],"wp:attachment":[{"href":"https:\/\/www.bojungle.eu\/es\/wp-json\/wp\/v2\/media?parent=41082"}],"wp:term":[{"taxonomy":"product_brand","embeddable":true,"href":"https:\/\/www.bojungle.eu\/es\/wp-json\/wp\/v2\/product_brand?post=41082"},{"taxonomy":"product_cat","embeddable":true,"href":"https:\/\/www.bojungle.eu\/es\/wp-json\/wp\/v2\/product_cat?post=41082"},{"taxonomy":"product_tag","embeddable":true,"href":"https:\/\/www.bojungle.eu\/es\/wp-json\/wp\/v2\/product_tag?post=41082"},{"taxonomy":"woo-feed-brand","embeddable":true,"href":"https:\/\/www.bojungle.eu\/es\/wp-json\/wp\/v2\/woo-feed-brand?post=41082"}],"curies":[{"name":"wp","href":"https:\/\/api.w.org\/{rel}","templated":true}]}}