{"id":41123,"date":"2022-05-29T11:46:49","date_gmt":"2022-05-29T11:46:49","guid":{"rendered":"https:\/\/dev.authority.biz\/boj\/product\/compresas-de-gel-frio-y-caliente-b-secure\/"},"modified":"2024-02-14T12:35:45","modified_gmt":"2024-02-14T11:35:45","slug":"b-secure-hot-cold-gel-packs","status":"publish","type":"product","link":"https:\/\/www.bojungle.eu\/es\/producto\/b-secure-hot-cold-gel-packs\/","title":{"rendered":"Compresas de gel fr\u00edo y caliente B-Secure"},"content":{"rendered":"<ul>\n<li>Estos adorables personajes pueden enfriarse para aliviar el dolor tras un peque\u00f1o accidente o para reducir la fiebre o la hinchaz\u00f3n tras una picadura de insecto.<\/li>\n<li>Tambi\u00e9n pueden calentarse para aliviar, por ejemplo, las agujetas.<\/li>\n<li>Las compresas de gel fr\u00edo y caliente B-Secure cumplen todas las normas europeas y no contienen sustancias nocivas como los ftalatos.<\/li>\n<li>Cada animal se vende individualmente<\/li>\n<\/ul>\n","protected":false},"excerpt":{"rendered":"<div class=\"flex-1 overflow-hidden\">\n<div class=\"react-scroll-to-bottom--css-gdsgq-79elbk h-full\">\n<div class=\"react-scroll-to-bottom--css-gdsgq-1n7m0yu\">\n<div class=\"flex flex-col pb-9 text-sm\">\n<div class=\"w-full text-token-text-primary\" data-testid=\"conversation-turn-3\">\n<div class=\"px-4 py-2 justify-center text-base md:gap-6 m-auto\">\n<div class=\"flex flex-1 text-base mx-auto gap-3 md:px-5 lg:px-1 xl:px-5 md:max-w-3xl lg:max-w-[40rem] xl:max-w-[48rem] group final-completion\">\n<div class=\"relative flex w-full flex-col agent-turn\">\n<div class=\"flex-col gap-1 md:gap-3\">\n<div class=\"flex flex-grow flex-col max-w-full\">\n<div class=\"min-h-[20px] text-message flex flex-col items-start gap-3 whitespace-pre-wrap break-words [.text-message+&amp;]:mt-5 overflow-x-auto\" data-message-author-role=\"assistant\" data-message-id=\"d656732c-ab35-47f6-9aef-4e9b6f585ad8\">\n<div class=\"markdown prose w-full break-words dark:prose-invert light\">\n<p>Consiga sus compresas de gel fr\u00edo y caliente B-Secure con formas de animales: \u00a1sus adorables compa\u00f1eros para un alivio r\u00e1pido! Estos simp\u00e1ticos personajes est\u00e1n dise\u00f1ados para aliviar las molestias con una doble funcionalidad. \u00bfNecesita refrescarse despu\u00e9s de un peque\u00f1o percance o aliviar la hinchaz\u00f3n? Simplemente enfr\u00ede estos paquetes. \u00bfTienes dolor muscular? Cali\u00e9ntalas para obtener un calor reconfortante. Descansa tranquilo sabiendo que cumplen las estrictas normas europeas y no contienen sustancias nocivas como los ftalatos. Consigue el tuyo hoy mismo y deja que estos adorables animales te reconforten siempre que lo necesites. Cada paquete se vende individualmente para tu comodidad.        <\/p>\n<\/div>\n<\/div>\n<\/div>\n<\/div>\n<\/div>\n<\/div>\n<\/div>\n<\/div>\n<\/div>\n<\/div>\n<\/div>\n<\/div>\n<div class=\"w-full pt-2 md:pt-0 dark:border-white\/20 md:border-transparent md:dark:border-transparent md:w-[calc(100%-.5rem)]\">\n<form class=\"stretch mx-2 flex flex-row gap-3 last:mb-2 md:mx-4 md:last:mb-6 lg:mx-auto lg:max-w-2xl xl:max-w-3xl\">\n<div class=\"relative flex h-full flex-1 items-stretch md:flex-col\">\n<div class=\"flex w-full items-center\"><\/div>\n<\/div>\n<\/form>\n<\/div>\n","protected":false},"featured_media":44471,"comment_status":"closed","ping_status":"closed","template":"","meta":{"_lmt_disableupdate":"","_lmt_disable":""},"product_brand":[],"product_cat":[593,518],"product_tag":[],"woo-feed-brand":[],"class_list":{"0":"post-41123","1":"product","2":"type-product","3":"status-publish","4":"has-post-thumbnail","6":"product_cat-belleza-y-salud-del-bebe","7":"product_cat-cuidado","9":"first","10":"instock","11":"taxable","12":"shipping-taxable","13":"purchasable","14":"product-type-variable"},"_links":{"self":[{"href":"https:\/\/www.bojungle.eu\/es\/wp-json\/wp\/v2\/product\/41123","targetHints":{"allow":["GET"]}}],"collection":[{"href":"https:\/\/www.bojungle.eu\/es\/wp-json\/wp\/v2\/product"}],"about":[{"href":"https:\/\/www.bojungle.eu\/es\/wp-json\/wp\/v2\/types\/product"}],"replies":[{"embeddable":true,"href":"https:\/\/www.bojungle.eu\/es\/wp-json\/wp\/v2\/comments?post=41123"}],"version-history":[{"count":1,"href":"https:\/\/www.bojungle.eu\/es\/wp-json\/wp\/v2\/product\/41123\/revisions"}],"predecessor-version":[{"id":66296,"href":"https:\/\/www.bojungle.eu\/es\/wp-json\/wp\/v2\/product\/41123\/revisions\/66296"}],"wp:featuredmedia":[{"embeddable":true,"href":"https:\/\/www.bojungle.eu\/es\/wp-json\/wp\/v2\/media\/44471"}],"wp:attachment":[{"href":"https:\/\/www.bojungle.eu\/es\/wp-json\/wp\/v2\/media?parent=41123"}],"wp:term":[{"taxonomy":"product_brand","embeddable":true,"href":"https:\/\/www.bojungle.eu\/es\/wp-json\/wp\/v2\/product_brand?post=41123"},{"taxonomy":"product_cat","embeddable":true,"href":"https:\/\/www.bojungle.eu\/es\/wp-json\/wp\/v2\/product_cat?post=41123"},{"taxonomy":"product_tag","embeddable":true,"href":"https:\/\/www.bojungle.eu\/es\/wp-json\/wp\/v2\/product_tag?post=41123"},{"taxonomy":"woo-feed-brand","embeddable":true,"href":"https:\/\/www.bojungle.eu\/es\/wp-json\/wp\/v2\/woo-feed-brand?post=41123"}],"curies":[{"name":"wp","href":"https:\/\/api.w.org\/{rel}","templated":true}]}}