{"id":41143,"date":"2022-05-29T11:46:40","date_gmt":"2022-05-29T09:46:40","guid":{"rendered":"https:\/\/dev.authority.biz\/boj\/product\/b-rocker-gris-0-18kg\/"},"modified":"2025-06-11T16:41:07","modified_gmt":"2025-06-11T14:41:07","slug":"b-rocker-gris-0-18kg","status":"publish","type":"product","link":"https:\/\/www.bojungle.eu\/es\/producto\/b-rocker-gris-0-18kg\/","title":{"rendered":"B-Rocker Gris (0 &#8211; 18kg)"},"content":{"rendered":"<ul>\n<li>Un asiento para beb\u00e9s y ni\u00f1os peque\u00f1os<\/li>\n<li>Asiento en una combinaci\u00f3n de lujoso velboa ultrasuave y tejidos transpirables<\/li>\n<li>Dos formas de uso: como balanc\u00edn o en posici\u00f3n fija y estable<\/li>\n<li>Respaldo regulable en 3 posiciones<\/li>\n<li>Funci\u00f3n de vibraci\u00f3n (funciona con 2 pilas AA, no incluidas)<\/li>\n<li>Hasta 18 kg. (+-5 a\u00f1os)<\/li>\n<li>Tejidos extra\u00edbles y lavables a m\u00e1quina<\/li>\n<li>Tubo robusto y de lujo de aluminio con recubrimiento en polvo<\/li>\n<li>Arn\u00e9s de seguridad de 5 puntos<\/li>\n<li>Barra de juguetes f\u00e1cilmente desmontable y ajustable con 2 juguetes<\/li>\n<li>Dise\u00f1o f\u00e1cilmente plegable para guardarlo y transportarlo<\/li>\n<\/ul>\n<table border=\"1\">\n<tbody>\n<tr>\n<td>Manual<\/td>\n<td><a href=\"https:\/\/www.bojungle.eu\/wp-content\/uploads\/2025\/06\/Manual_Rocker.pdf\" target=\"_blank\" rel=\"noopener\">Haga clic aqu\u00ed<\/a><\/td>\n<\/tr>\n<\/tbody>\n<\/table>\n","protected":false},"excerpt":{"rendered":"<p>Un asiento para beb\u00e9s y ni\u00f1os peque\u00f1os Asiento en una combinaci\u00f3n de lujoso velboa ultrasuave y tejidos transpirables,Dos formas de uso: como balanc\u00edn o en posici\u00f3n estable y fija<\/p>\n","protected":false},"featured_media":71750,"comment_status":"closed","ping_status":"closed","template":"","meta":{"_lmt_disableupdate":"","_lmt_disable":""},"product_brand":[],"product_cat":[541],"product_tag":[],"woo-feed-brand":[],"class_list":{"0":"post-41143","1":"product","2":"type-product","3":"status-publish","4":"has-post-thumbnail","6":"product_cat-columpios-y-balancines","8":"first","9":"instock","10":"taxable","11":"shipping-taxable","12":"purchasable","13":"product-type-simple"},"_links":{"self":[{"href":"https:\/\/www.bojungle.eu\/es\/wp-json\/wp\/v2\/product\/41143","targetHints":{"allow":["GET"]}}],"collection":[{"href":"https:\/\/www.bojungle.eu\/es\/wp-json\/wp\/v2\/product"}],"about":[{"href":"https:\/\/www.bojungle.eu\/es\/wp-json\/wp\/v2\/types\/product"}],"replies":[{"embeddable":true,"href":"https:\/\/www.bojungle.eu\/es\/wp-json\/wp\/v2\/comments?post=41143"}],"version-history":[{"count":1,"href":"https:\/\/www.bojungle.eu\/es\/wp-json\/wp\/v2\/product\/41143\/revisions"}],"predecessor-version":[{"id":80215,"href":"https:\/\/www.bojungle.eu\/es\/wp-json\/wp\/v2\/product\/41143\/revisions\/80215"}],"wp:featuredmedia":[{"embeddable":true,"href":"https:\/\/www.bojungle.eu\/es\/wp-json\/wp\/v2\/media\/71750"}],"wp:attachment":[{"href":"https:\/\/www.bojungle.eu\/es\/wp-json\/wp\/v2\/media?parent=41143"}],"wp:term":[{"taxonomy":"product_brand","embeddable":true,"href":"https:\/\/www.bojungle.eu\/es\/wp-json\/wp\/v2\/product_brand?post=41143"},{"taxonomy":"product_cat","embeddable":true,"href":"https:\/\/www.bojungle.eu\/es\/wp-json\/wp\/v2\/product_cat?post=41143"},{"taxonomy":"product_tag","embeddable":true,"href":"https:\/\/www.bojungle.eu\/es\/wp-json\/wp\/v2\/product_tag?post=41143"},{"taxonomy":"woo-feed-brand","embeddable":true,"href":"https:\/\/www.bojungle.eu\/es\/wp-json\/wp\/v2\/woo-feed-brand?post=41143"}],"curies":[{"name":"wp","href":"https:\/\/api.w.org\/{rel}","templated":true}]}}