{"id":41218,"date":"2022-05-29T11:46:13","date_gmt":"2022-05-29T09:46:13","guid":{"rendered":"https:\/\/dev.authority.biz\/boj\/product\/b-powder-mixer-gris\/"},"modified":"2025-07-10T15:45:02","modified_gmt":"2025-07-10T13:45:02","slug":"b-mezclador-gris","status":"publish","type":"product","link":"https:\/\/www.bojungle.eu\/es\/producto\/b-mezclador-gris\/","title":{"rendered":"B-Powder Mixer Gris"},"content":{"rendered":"\t\t<div data-elementor-type=\"product-post\" data-elementor-id=\"41218\" class=\"elementor elementor-41218 elementor-22995\" data-elementor-post-type=\"product\">\n\t\t\t\t<div class=\"elementor-element elementor-element-e240817 e-flex e-con-boxed rael-particle-no e-con e-parent\" data-id=\"e240817\" data-element_type=\"container\" data-e-type=\"container\" data-settings=\"{&quot;rae_animations_entrance&quot;:&quot;none&quot;}\">\n\t\t\t\t\t<div class=\"e-con-inner\">\n\t\t\t\t<div class=\"elementor-element elementor-element-70f0e18c elementor-widget elementor-widget-text-editor\" data-id=\"70f0e18c\" data-element_type=\"widget\" data-e-type=\"widget\" data-widget_type=\"text-editor.default\">\n\t\t\t\t<div class=\"elementor-widget-container\">\n\t\t\t\t\t\t\t\t\t<ul><li>Prepare la comida de su beb\u00e9 sin grumos en un abrir y cerrar de ojos con nuestra batidora B-Powder.<\/li><li>Tama\u00f1o compacto: f\u00e1cil de manejar, f\u00e1cil de usar<\/li><li>El batidor no da\u00f1a las ollas ni los cuencos<\/li><li>F\u00e1cil de limpiar con un pa\u00f1o h\u00famedo<\/li><li>Funciona con pilas : 2 pilas AA (no incluidas)<\/li><li>Tama\u00f1o : 40 x 215mm<\/li><\/ul>\t\t\t\t\t\t\t\t<\/div>\n\t\t\t\t<\/div>\n\t\t\t\t\t<\/div>\n\t\t\t\t<\/div>\n\t\t\t\t<\/div>\n\t\t","protected":false},"excerpt":{"rendered":"<p style=\"font-weight: 400;\">Prepare la comida de su beb\u00e9 sin grumos en un abrir y cerrar de ojos con nuestra batidora B-Powder.<\/p>\n","protected":false},"featured_media":73961,"comment_status":"closed","ping_status":"closed","template":"","meta":{"_lmt_disableupdate":"","_lmt_disable":""},"product_brand":[],"product_cat":[462,466],"product_tag":[],"woo-feed-brand":[],"class_list":{"0":"post-41218","1":"product","2":"type-product","3":"status-publish","4":"has-post-thumbnail","6":"product_cat-comida-y-bebida","7":"product_cat-preparacion-de-comidas","9":"first","10":"instock","11":"taxable","12":"shipping-taxable","13":"purchasable","14":"product-type-simple"},"_links":{"self":[{"href":"https:\/\/www.bojungle.eu\/es\/wp-json\/wp\/v2\/product\/41218","targetHints":{"allow":["GET"]}}],"collection":[{"href":"https:\/\/www.bojungle.eu\/es\/wp-json\/wp\/v2\/product"}],"about":[{"href":"https:\/\/www.bojungle.eu\/es\/wp-json\/wp\/v2\/types\/product"}],"replies":[{"embeddable":true,"href":"https:\/\/www.bojungle.eu\/es\/wp-json\/wp\/v2\/comments?post=41218"}],"version-history":[{"count":2,"href":"https:\/\/www.bojungle.eu\/es\/wp-json\/wp\/v2\/product\/41218\/revisions"}],"predecessor-version":[{"id":80689,"href":"https:\/\/www.bojungle.eu\/es\/wp-json\/wp\/v2\/product\/41218\/revisions\/80689"}],"wp:featuredmedia":[{"embeddable":true,"href":"https:\/\/www.bojungle.eu\/es\/wp-json\/wp\/v2\/media\/73961"}],"wp:attachment":[{"href":"https:\/\/www.bojungle.eu\/es\/wp-json\/wp\/v2\/media?parent=41218"}],"wp:term":[{"taxonomy":"product_brand","embeddable":true,"href":"https:\/\/www.bojungle.eu\/es\/wp-json\/wp\/v2\/product_brand?post=41218"},{"taxonomy":"product_cat","embeddable":true,"href":"https:\/\/www.bojungle.eu\/es\/wp-json\/wp\/v2\/product_cat?post=41218"},{"taxonomy":"product_tag","embeddable":true,"href":"https:\/\/www.bojungle.eu\/es\/wp-json\/wp\/v2\/product_tag?post=41218"},{"taxonomy":"woo-feed-brand","embeddable":true,"href":"https:\/\/www.bojungle.eu\/es\/wp-json\/wp\/v2\/woo-feed-brand?post=41218"}],"curies":[{"name":"wp","href":"https:\/\/api.w.org\/{rel}","templated":true}]}}