{"id":41281,"date":"2022-05-29T11:42:35","date_gmt":"2022-05-29T09:42:35","guid":{"rendered":"https:\/\/dev.authority.biz\/boj\/product\/b-cambiador-portatil\/"},"modified":"2022-05-29T11:42:35","modified_gmt":"2022-05-29T11:42:35","slug":"b-portatil-cambiador","status":"publish","type":"product","link":"https:\/\/www.bojungle.eu\/es\/producto\/b-portatil-cambiador\/","title":{"rendered":"B-Cambiador port\u00e1til"},"content":{"rendered":"<ul>\n<li>Cambiador B-Mini<\/li>\n<li>\u00a1Con espuma viscoel\u00e1stica!<\/li>\n<li>Muy c\u00f3modo y suave para el beb\u00e9: \u00a1contiene espuma con memoria!<\/li>\n<li>Superficie muy higi\u00e9nica y f\u00e1cil de limpiar<\/li>\n<li>Dise\u00f1o extralargo<\/li>\n<li>Compartimentos extra\u00edbles para guardar pa\u00f1ales, toallitas h\u00famedas, etc.<\/li>\n<li>Se sujeta a cochecitos, bolsas de pa\u00f1ales, etc. con el sistema de clip<\/li>\n<li>Almohadilla de espuma de poliuretano 100%.<\/li>\n<\/ul>\n","protected":false},"excerpt":{"rendered":"<p>Muy c\u00f3modo y suave para el beb\u00e9: \u00a1contiene espuma con memoria!<\/p>\n","protected":false},"featured_media":75428,"comment_status":"closed","ping_status":"closed","template":"","meta":{"_lmt_disableupdate":"","_lmt_disable":""},"product_brand":[],"product_cat":[638,593,518,637],"product_tag":[],"woo-feed-brand":[],"class_list":{"0":"post-41281","1":"product","2":"type-product","3":"status-publish","4":"has-post-thumbnail","6":"product_cat-accesorios-de-exterior","7":"product_cat-belleza-y-salud-del-bebe","8":"product_cat-cuidado","9":"product_cat-en-el-exterior","11":"first","12":"outofstock","13":"taxable","14":"shipping-taxable","15":"purchasable","16":"product-type-simple"},"_links":{"self":[{"href":"https:\/\/www.bojungle.eu\/es\/wp-json\/wp\/v2\/product\/41281","targetHints":{"allow":["GET"]}}],"collection":[{"href":"https:\/\/www.bojungle.eu\/es\/wp-json\/wp\/v2\/product"}],"about":[{"href":"https:\/\/www.bojungle.eu\/es\/wp-json\/wp\/v2\/types\/product"}],"replies":[{"embeddable":true,"href":"https:\/\/www.bojungle.eu\/es\/wp-json\/wp\/v2\/comments?post=41281"}],"version-history":[{"count":0,"href":"https:\/\/www.bojungle.eu\/es\/wp-json\/wp\/v2\/product\/41281\/revisions"}],"wp:featuredmedia":[{"embeddable":true,"href":"https:\/\/www.bojungle.eu\/es\/wp-json\/wp\/v2\/media\/75428"}],"wp:attachment":[{"href":"https:\/\/www.bojungle.eu\/es\/wp-json\/wp\/v2\/media?parent=41281"}],"wp:term":[{"taxonomy":"product_brand","embeddable":true,"href":"https:\/\/www.bojungle.eu\/es\/wp-json\/wp\/v2\/product_brand?post=41281"},{"taxonomy":"product_cat","embeddable":true,"href":"https:\/\/www.bojungle.eu\/es\/wp-json\/wp\/v2\/product_cat?post=41281"},{"taxonomy":"product_tag","embeddable":true,"href":"https:\/\/www.bojungle.eu\/es\/wp-json\/wp\/v2\/product_tag?post=41281"},{"taxonomy":"woo-feed-brand","embeddable":true,"href":"https:\/\/www.bojungle.eu\/es\/wp-json\/wp\/v2\/woo-feed-brand?post=41281"}],"curies":[{"name":"wp","href":"https:\/\/api.w.org\/{rel}","templated":true}]}}