{"id":41423,"date":"2022-05-29T11:30:39","date_gmt":"2022-05-29T09:30:39","guid":{"rendered":"https:\/\/dev.authority.biz\/boj\/product\/cadena-b-pacificador-azul\/"},"modified":"2022-05-29T11:30:39","modified_gmt":"2022-05-29T11:30:39","slug":"b-pacificador-cadena-azul","status":"publish","type":"product","link":"https:\/\/www.bojungle.eu\/es\/producto\/b-pacificador-cadena-azul\/","title":{"rendered":"Cadena B-Pacificador Azul"},"content":{"rendered":"<ul>\n<li>\u00a1Las cadenas para chupetes m\u00e1s bonitas que jam\u00e1s hayas visto!<\/li>\n<li>El beb\u00e9 no volver\u00e1 a perder su chupete gracias a estas simp\u00e1ticas cadenas para chupete.<\/li>\n<li>Fabricado en madera de haya natural e hilo<\/li>\n<li>Clip de seguridad para beb\u00e9s homologado por la CE<\/li>\n<\/ul>\n","protected":false},"excerpt":{"rendered":"<p>\u00a1Las cadenas para chupetes m\u00e1s bonitas que jam\u00e1s hayas visto!<\/p>\n","protected":false},"featured_media":74766,"comment_status":"closed","ping_status":"closed","template":"","meta":{"_lmt_disableupdate":"","_lmt_disable":""},"product_brand":[],"product_cat":[602],"product_tag":[],"woo-feed-brand":[],"class_list":{"0":"post-41423","1":"product","2":"type-product","3":"status-publish","4":"has-post-thumbnail","6":"product_cat-juguetes-mordedores","8":"first","9":"instock","10":"taxable","11":"shipping-taxable","12":"purchasable","13":"product-type-simple"},"_links":{"self":[{"href":"https:\/\/www.bojungle.eu\/es\/wp-json\/wp\/v2\/product\/41423","targetHints":{"allow":["GET"]}}],"collection":[{"href":"https:\/\/www.bojungle.eu\/es\/wp-json\/wp\/v2\/product"}],"about":[{"href":"https:\/\/www.bojungle.eu\/es\/wp-json\/wp\/v2\/types\/product"}],"replies":[{"embeddable":true,"href":"https:\/\/www.bojungle.eu\/es\/wp-json\/wp\/v2\/comments?post=41423"}],"version-history":[{"count":0,"href":"https:\/\/www.bojungle.eu\/es\/wp-json\/wp\/v2\/product\/41423\/revisions"}],"wp:featuredmedia":[{"embeddable":true,"href":"https:\/\/www.bojungle.eu\/es\/wp-json\/wp\/v2\/media\/74766"}],"wp:attachment":[{"href":"https:\/\/www.bojungle.eu\/es\/wp-json\/wp\/v2\/media?parent=41423"}],"wp:term":[{"taxonomy":"product_brand","embeddable":true,"href":"https:\/\/www.bojungle.eu\/es\/wp-json\/wp\/v2\/product_brand?post=41423"},{"taxonomy":"product_cat","embeddable":true,"href":"https:\/\/www.bojungle.eu\/es\/wp-json\/wp\/v2\/product_cat?post=41423"},{"taxonomy":"product_tag","embeddable":true,"href":"https:\/\/www.bojungle.eu\/es\/wp-json\/wp\/v2\/product_tag?post=41423"},{"taxonomy":"woo-feed-brand","embeddable":true,"href":"https:\/\/www.bojungle.eu\/es\/wp-json\/wp\/v2\/woo-feed-brand?post=41423"}],"curies":[{"name":"wp","href":"https:\/\/api.w.org\/{rel}","templated":true}]}}