{"id":41494,"date":"2022-05-29T11:29:50","date_gmt":"2022-05-29T09:29:50","guid":{"rendered":"https:\/\/dev.authority.biz\/boj\/product\/b-nipple-biberon-termico-pequeno-2-uds\/"},"modified":"2022-05-29T11:29:50","modified_gmt":"2022-05-29T11:29:50","slug":"b-pezon-pequeno-termo-botella-2-pcs","status":"publish","type":"product","link":"https:\/\/www.bojungle.eu\/es\/producto\/b-pezon-pequeno-termo-botella-2-pcs\/","title":{"rendered":"B-Nipple Biber\u00f3n T\u00e9rmico Peque\u00f1o 2 uds."},"content":{"rendered":"<ul>\n<li>Tetina de biber\u00f3n (peque\u00f1a) para biberones B-Thermo de Bo Jungle<\/li>\n<li>2 unidades<\/li>\n<\/ul>\n","protected":false},"excerpt":{"rendered":"<p>Tetina de biber\u00f3n (peque\u00f1a) para biberones B-Thermo de Bo Jungle<\/p>\n","protected":false},"featured_media":55305,"comment_status":"closed","ping_status":"closed","template":"","meta":{"_lmt_disableupdate":"","_lmt_disable":""},"product_brand":[],"product_cat":[462,557],"product_tag":[],"woo-feed-brand":[],"class_list":{"0":"post-41494","1":"product","2":"type-product","3":"status-publish","4":"has-post-thumbnail","6":"product_cat-comida-y-bebida","7":"product_cat-hora-de-cenar","9":"first","10":"instock","11":"taxable","12":"shipping-taxable","13":"purchasable","14":"product-type-simple"},"_links":{"self":[{"href":"https:\/\/www.bojungle.eu\/es\/wp-json\/wp\/v2\/product\/41494","targetHints":{"allow":["GET"]}}],"collection":[{"href":"https:\/\/www.bojungle.eu\/es\/wp-json\/wp\/v2\/product"}],"about":[{"href":"https:\/\/www.bojungle.eu\/es\/wp-json\/wp\/v2\/types\/product"}],"replies":[{"embeddable":true,"href":"https:\/\/www.bojungle.eu\/es\/wp-json\/wp\/v2\/comments?post=41494"}],"version-history":[{"count":0,"href":"https:\/\/www.bojungle.eu\/es\/wp-json\/wp\/v2\/product\/41494\/revisions"}],"wp:featuredmedia":[{"embeddable":true,"href":"https:\/\/www.bojungle.eu\/es\/wp-json\/wp\/v2\/media\/55305"}],"wp:attachment":[{"href":"https:\/\/www.bojungle.eu\/es\/wp-json\/wp\/v2\/media?parent=41494"}],"wp:term":[{"taxonomy":"product_brand","embeddable":true,"href":"https:\/\/www.bojungle.eu\/es\/wp-json\/wp\/v2\/product_brand?post=41494"},{"taxonomy":"product_cat","embeddable":true,"href":"https:\/\/www.bojungle.eu\/es\/wp-json\/wp\/v2\/product_cat?post=41494"},{"taxonomy":"product_tag","embeddable":true,"href":"https:\/\/www.bojungle.eu\/es\/wp-json\/wp\/v2\/product_tag?post=41494"},{"taxonomy":"woo-feed-brand","embeddable":true,"href":"https:\/\/www.bojungle.eu\/es\/wp-json\/wp\/v2\/woo-feed-brand?post=41494"}],"curies":[{"name":"wp","href":"https:\/\/api.w.org\/{rel}","templated":true}]}}