{"id":41507,"date":"2022-05-29T11:29:48","date_gmt":"2022-05-29T09:29:48","guid":{"rendered":"https:\/\/dev.authority.biz\/boj\/product\/b-mi-primer-telefono-inteligente-rojo\/"},"modified":"2022-05-29T11:29:48","modified_gmt":"2022-05-29T11:29:48","slug":"b-mi-primer-telefono-inteligente-rood","status":"publish","type":"product","link":"https:\/\/www.bojungle.eu\/es\/producto\/b-mi-primer-telefono-inteligente-rood\/","title":{"rendered":"B-Mi primer tel\u00e9fono inteligente Rojo"},"content":{"rendered":"<p>Este juguete es adecuado para ni\u00f1os a partir de 12 meses.<\/p>\n<p>A esta edad, los ni\u00f1os desarrollan un gran sentido de la curiosidad y les gusta imitar a sus padres. Este smartphone de juguete sin duda entretendr\u00e1 a su peque\u00f1o y es una divertida funci\u00f3n que le ayudar\u00e1 a aprender mientras juega.<\/p>\n","protected":false},"excerpt":{"rendered":"<p>Este smartphone de juguete sin duda entretendr\u00e1 a su peque\u00f1o y es una divertida funci\u00f3n que le ayudar\u00e1 a aprender mientras juega.<\/p>\n","protected":false},"featured_media":71579,"comment_status":"closed","ping_status":"closed","template":"","meta":{"_lmt_disableupdate":"","_lmt_disable":""},"product_brand":[],"product_cat":[621,503,622,476],"product_tag":[],"woo-feed-brand":[],"class_list":{"0":"post-41507","1":"product","2":"type-product","3":"status-publish","4":"has-post-thumbnail","6":"product_cat-juguetes-de-actividades","7":"product_cat-juguetes-de-colores","8":"product_cat-juguetes-musicales","9":"product_cat-tiempo-de-juego","11":"first","12":"instock","13":"taxable","14":"shipping-taxable","15":"purchasable","16":"product-type-simple"},"_links":{"self":[{"href":"https:\/\/www.bojungle.eu\/es\/wp-json\/wp\/v2\/product\/41507","targetHints":{"allow":["GET"]}}],"collection":[{"href":"https:\/\/www.bojungle.eu\/es\/wp-json\/wp\/v2\/product"}],"about":[{"href":"https:\/\/www.bojungle.eu\/es\/wp-json\/wp\/v2\/types\/product"}],"replies":[{"embeddable":true,"href":"https:\/\/www.bojungle.eu\/es\/wp-json\/wp\/v2\/comments?post=41507"}],"version-history":[{"count":0,"href":"https:\/\/www.bojungle.eu\/es\/wp-json\/wp\/v2\/product\/41507\/revisions"}],"wp:featuredmedia":[{"embeddable":true,"href":"https:\/\/www.bojungle.eu\/es\/wp-json\/wp\/v2\/media\/71579"}],"wp:attachment":[{"href":"https:\/\/www.bojungle.eu\/es\/wp-json\/wp\/v2\/media?parent=41507"}],"wp:term":[{"taxonomy":"product_brand","embeddable":true,"href":"https:\/\/www.bojungle.eu\/es\/wp-json\/wp\/v2\/product_brand?post=41507"},{"taxonomy":"product_cat","embeddable":true,"href":"https:\/\/www.bojungle.eu\/es\/wp-json\/wp\/v2\/product_cat?post=41507"},{"taxonomy":"product_tag","embeddable":true,"href":"https:\/\/www.bojungle.eu\/es\/wp-json\/wp\/v2\/product_tag?post=41507"},{"taxonomy":"woo-feed-brand","embeddable":true,"href":"https:\/\/www.bojungle.eu\/es\/wp-json\/wp\/v2\/woo-feed-brand?post=41507"}],"curies":[{"name":"wp","href":"https:\/\/api.w.org\/{rel}","templated":true}]}}