{"id":41557,"date":"2022-05-29T11:29:48","date_gmt":"2022-05-29T09:29:48","guid":{"rendered":"https:\/\/dev.authority.biz\/boj\/product\/cuello-b-cojin-zimbe-el-elefante\/"},"modified":"2022-05-29T11:29:48","modified_gmt":"2022-05-29T11:29:48","slug":"cojin-cuello-zimbe-elefante","status":"publish","type":"product","link":"https:\/\/www.bojungle.eu\/es\/producto\/cojin-cuello-zimbe-elefante\/","title":{"rendered":"Cuello B Coj\u00edn Zimbe el Elefante"},"content":{"rendered":"<ul>\n<li>Suave almohada cervical de tama\u00f1o infantil que har\u00e1 que los viajes largos sean mucho m\u00e1s c\u00f3modos para su hijo.<\/li>\n<li>Parte inferior de vell\u00f3n<\/li>\n<li>F\u00e1cil de mantener, lavable a m\u00e1quina<\/li>\n<\/ul>\n","protected":false},"excerpt":{"rendered":"<p>Suave almohada cervical de tama\u00f1o infantil que har\u00e1 que los viajes largos sean mucho m\u00e1s c\u00f3modos para su hijo.<\/p>\n","protected":false},"featured_media":68477,"comment_status":"closed","ping_status":"closed","template":"","meta":{"_lmt_disableupdate":"","_lmt_disable":""},"product_brand":[],"product_cat":[638,637],"product_tag":[],"woo-feed-brand":[],"class_list":{"0":"post-41557","1":"product","2":"type-product","3":"status-publish","4":"has-post-thumbnail","6":"product_cat-accesorios-de-exterior","7":"product_cat-en-el-exterior","9":"first","10":"instock","11":"taxable","12":"shipping-taxable","13":"purchasable","14":"product-type-simple"},"_links":{"self":[{"href":"https:\/\/www.bojungle.eu\/es\/wp-json\/wp\/v2\/product\/41557","targetHints":{"allow":["GET"]}}],"collection":[{"href":"https:\/\/www.bojungle.eu\/es\/wp-json\/wp\/v2\/product"}],"about":[{"href":"https:\/\/www.bojungle.eu\/es\/wp-json\/wp\/v2\/types\/product"}],"replies":[{"embeddable":true,"href":"https:\/\/www.bojungle.eu\/es\/wp-json\/wp\/v2\/comments?post=41557"}],"version-history":[{"count":0,"href":"https:\/\/www.bojungle.eu\/es\/wp-json\/wp\/v2\/product\/41557\/revisions"}],"wp:featuredmedia":[{"embeddable":true,"href":"https:\/\/www.bojungle.eu\/es\/wp-json\/wp\/v2\/media\/68477"}],"wp:attachment":[{"href":"https:\/\/www.bojungle.eu\/es\/wp-json\/wp\/v2\/media?parent=41557"}],"wp:term":[{"taxonomy":"product_brand","embeddable":true,"href":"https:\/\/www.bojungle.eu\/es\/wp-json\/wp\/v2\/product_brand?post=41557"},{"taxonomy":"product_cat","embeddable":true,"href":"https:\/\/www.bojungle.eu\/es\/wp-json\/wp\/v2\/product_cat?post=41557"},{"taxonomy":"product_tag","embeddable":true,"href":"https:\/\/www.bojungle.eu\/es\/wp-json\/wp\/v2\/product_tag?post=41557"},{"taxonomy":"woo-feed-brand","embeddable":true,"href":"https:\/\/www.bojungle.eu\/es\/wp-json\/wp\/v2\/woo-feed-brand?post=41557"}],"curies":[{"name":"wp","href":"https:\/\/api.w.org\/{rel}","templated":true}]}}