{"id":41581,"date":"2022-05-29T11:29:48","date_gmt":"2022-05-29T09:29:48","guid":{"rendered":"https:\/\/dev.authority.biz\/boj\/product\/b-luz-nocturna\/"},"modified":"2025-05-14T15:07:10","modified_gmt":"2025-05-14T13:07:10","slug":"b-nightlight-2","status":"publish","type":"product","link":"https:\/\/www.bojungle.eu\/es\/producto\/b-nightlight-2\/","title":{"rendered":"B-Luz nocturna"},"content":{"rendered":"<ul>\n<li>Luz LED de bajo consumo y larga duraci\u00f3n<\/li>\n<li>Hasta 10.000 horas de trabajo<\/li>\n<li>Dos opciones: sensor d\u00eda\/noche autom\u00e1tico o bot\u00f3n de encendido\/apagado manual<\/li>\n<li>Caracter\u00edstica \u00fanica: el dispositivo adapta autom\u00e1ticamente la luminosidad a la oscuridad de la habitaci\u00f3n; \u00a1cuanto m\u00e1s oscura est\u00e9 la habitaci\u00f3n, m\u00e1s brillar\u00e1 la luz!<\/li>\n<\/ul>\n<p>&nbsp;<\/p>\n<table border=\"1\">\n<tbody>\n<tr>\n<td>Manual<\/td>\n<td><a href=\"https:\/\/www.bojungle.eu\/wp-content\/uploads\/2025\/05\/B-Nightlight.pdf\" target=\"_blank\" rel=\"noopener\">Haga clic aqu\u00ed<\/a><\/td>\n<\/tr>\n<\/tbody>\n<\/table>\n","protected":false},"excerpt":{"rendered":"<p>Nuestra luz nocturna para los m\u00e1s peque\u00f1os es la compa\u00f1era ideal a la hora de dormir. Con luminosidad adaptativa autom\u00e1tica, se ajusta a la oscuridad de la habitaci\u00f3n para ofrecer el resplandor justo. Con tecnolog\u00eda LED de bajo consumo y hasta 10.000 horas de funcionamiento, es respetuosa con el medio ambiente y el bolsillo. Elija entre sensor autom\u00e1tico o control manual, para garantizar la facilidad de uso. Suave para los ojos peque\u00f1os, proporciona un ambiente reconfortante sin calor. Aporta paz y tranquilidad a la hora de dormir con nuestra vers\u00e1til luz nocturna para ni\u00f1os.     <\/p>\n","protected":false},"featured_media":66432,"comment_status":"closed","ping_status":"closed","template":"","meta":{"_lmt_disableupdate":"","_lmt_disable":""},"product_brand":[],"product_cat":[531],"product_tag":[],"woo-feed-brand":[],"class_list":{"0":"post-41581","1":"product","2":"type-product","3":"status-publish","4":"has-post-thumbnail","6":"product_cat-dormir-es","8":"first","9":"instock","10":"taxable","11":"shipping-taxable","12":"purchasable","13":"product-type-simple"},"_links":{"self":[{"href":"https:\/\/www.bojungle.eu\/es\/wp-json\/wp\/v2\/product\/41581","targetHints":{"allow":["GET"]}}],"collection":[{"href":"https:\/\/www.bojungle.eu\/es\/wp-json\/wp\/v2\/product"}],"about":[{"href":"https:\/\/www.bojungle.eu\/es\/wp-json\/wp\/v2\/types\/product"}],"replies":[{"embeddable":true,"href":"https:\/\/www.bojungle.eu\/es\/wp-json\/wp\/v2\/comments?post=41581"}],"version-history":[{"count":2,"href":"https:\/\/www.bojungle.eu\/es\/wp-json\/wp\/v2\/product\/41581\/revisions"}],"predecessor-version":[{"id":79698,"href":"https:\/\/www.bojungle.eu\/es\/wp-json\/wp\/v2\/product\/41581\/revisions\/79698"}],"wp:featuredmedia":[{"embeddable":true,"href":"https:\/\/www.bojungle.eu\/es\/wp-json\/wp\/v2\/media\/66432"}],"wp:attachment":[{"href":"https:\/\/www.bojungle.eu\/es\/wp-json\/wp\/v2\/media?parent=41581"}],"wp:term":[{"taxonomy":"product_brand","embeddable":true,"href":"https:\/\/www.bojungle.eu\/es\/wp-json\/wp\/v2\/product_brand?post=41581"},{"taxonomy":"product_cat","embeddable":true,"href":"https:\/\/www.bojungle.eu\/es\/wp-json\/wp\/v2\/product_cat?post=41581"},{"taxonomy":"product_tag","embeddable":true,"href":"https:\/\/www.bojungle.eu\/es\/wp-json\/wp\/v2\/product_tag?post=41581"},{"taxonomy":"woo-feed-brand","embeddable":true,"href":"https:\/\/www.bojungle.eu\/es\/wp-json\/wp\/v2\/woo-feed-brand?post=41581"}],"curies":[{"name":"wp","href":"https:\/\/api.w.org\/{rel}","templated":true}]}}