{"id":41595,"date":"2022-05-29T11:29:47","date_gmt":"2022-05-29T09:29:47","guid":{"rendered":"https:\/\/dev.authority.biz\/boj\/product\/b-luxury-grooming-set-gris\/"},"modified":"2024-03-04T10:33:28","modified_gmt":"2024-03-04T09:33:28","slug":"b-luxury-grooming-set-gris","status":"publish","type":"product","link":"https:\/\/www.bojungle.eu\/es\/producto\/b-luxury-grooming-set-gris\/","title":{"rendered":"B-Luxury Grooming Set Gris"},"content":{"rendered":"<p>Descubre nuestro elegante set de aseo de lujo para beb\u00e9s en gris. Tiene todo lo que necesitas para cuidar a tu peque\u00f1o: \u00a1un total de 15 art\u00edculos! <\/p>\n<ol>\n<li><strong>Cuidado de las u\u00f1as:<\/strong> Tenemos limas, tijeras y un corta\u00fa\u00f1as para mantener esas peque\u00f1as u\u00f1as cuidadas y ordenadas<\/li>\n<li><strong>Cepillos de dientes:<\/strong> Hay uno normal y otro peque\u00f1o para los deditos, para ayudar a mantener limpios esos blancos perlados.<\/li>\n<li><strong>Cuidado del cabello: Un peine y un cepillo suave para mantener el pelo de tu beb\u00e9 con el mejor aspecto.<\/strong><\/li>\n<li><strong>Herramientas de medicaci\u00f3n:<\/strong> Hemos incluido una jeringuilla para administrar medicamentos l\u00edquidos con precisi\u00f3n.<\/li>\n<li><strong>Term\u00f3metros<\/strong>: Un term\u00f3metro digital para comprobar la temperatura de tu beb\u00e9 y uno especial para el ba\u00f1o para asegurarte de que est\u00e1 en su punto.<\/li>\n<li><strong>Aspirador nasal:<\/strong> Ayuda a despejar la nariz taponada de tu beb\u00e9 para que respire mejor.<\/li>\n<\/ol>\n<p>La bolsa en la que viene todo es muy moderna y tiene un mont\u00f3n de espacio para extras como champ\u00fa y loci\u00f3n. Adem\u00e1s, viene con una percha para que puedas colgarla de un gancho cuando est\u00e9s de viaje. Y no te preocupes por los derrames: la bolsa est\u00e1 hecha de un material de buena calidad que puedes meter en la lavadora cuando necesite una limpieza. As\u00ed que, \u00a1mant\u00e9n a tu beb\u00e9 con un aspecto y un tacto estupendos con nuestro set de aseo para beb\u00e9s en gris!   <\/p>\n","protected":false},"excerpt":{"rendered":"<p>\u00a1Descubra nuestro lujoso set de aseo Grey! Con 15 art\u00edculos esenciales, incluyendo herramientas para el cuidado de las u\u00f1as, cepillos de dientes, accesorios para el cuidado del cabello y mucho m\u00e1s, este set tiene todo lo que necesitas para mantener a tu peque\u00f1o limpio y c\u00f3modo. La elegante bolsa ofrece un pr\u00e1ctico almacenamiento y se puede lavar a m\u00e1quina para una limpieza f\u00e1cil. Mejore hoy mismo la rutina de aseo de su beb\u00e9 con este set imprescindible.   <\/p>\n","protected":false},"featured_media":67446,"comment_status":"closed","ping_status":"closed","template":"","meta":{"_lmt_disableupdate":"","_lmt_disable":""},"product_brand":[],"product_cat":[593,518],"product_tag":[],"woo-feed-brand":[],"class_list":{"0":"post-41595","1":"product","2":"type-product","3":"status-publish","4":"has-post-thumbnail","6":"product_cat-belleza-y-salud-del-bebe","7":"product_cat-cuidado","9":"first","10":"instock","11":"featured","12":"taxable","13":"shipping-taxable","14":"purchasable","15":"product-type-simple"},"_links":{"self":[{"href":"https:\/\/www.bojungle.eu\/es\/wp-json\/wp\/v2\/product\/41595","targetHints":{"allow":["GET"]}}],"collection":[{"href":"https:\/\/www.bojungle.eu\/es\/wp-json\/wp\/v2\/product"}],"about":[{"href":"https:\/\/www.bojungle.eu\/es\/wp-json\/wp\/v2\/types\/product"}],"replies":[{"embeddable":true,"href":"https:\/\/www.bojungle.eu\/es\/wp-json\/wp\/v2\/comments?post=41595"}],"version-history":[{"count":1,"href":"https:\/\/www.bojungle.eu\/es\/wp-json\/wp\/v2\/product\/41595\/revisions"}],"predecessor-version":[{"id":67480,"href":"https:\/\/www.bojungle.eu\/es\/wp-json\/wp\/v2\/product\/41595\/revisions\/67480"}],"wp:featuredmedia":[{"embeddable":true,"href":"https:\/\/www.bojungle.eu\/es\/wp-json\/wp\/v2\/media\/67446"}],"wp:attachment":[{"href":"https:\/\/www.bojungle.eu\/es\/wp-json\/wp\/v2\/media?parent=41595"}],"wp:term":[{"taxonomy":"product_brand","embeddable":true,"href":"https:\/\/www.bojungle.eu\/es\/wp-json\/wp\/v2\/product_brand?post=41595"},{"taxonomy":"product_cat","embeddable":true,"href":"https:\/\/www.bojungle.eu\/es\/wp-json\/wp\/v2\/product_cat?post=41595"},{"taxonomy":"product_tag","embeddable":true,"href":"https:\/\/www.bojungle.eu\/es\/wp-json\/wp\/v2\/product_tag?post=41595"},{"taxonomy":"woo-feed-brand","embeddable":true,"href":"https:\/\/www.bojungle.eu\/es\/wp-json\/wp\/v2\/woo-feed-brand?post=41595"}],"curies":[{"name":"wp","href":"https:\/\/api.w.org\/{rel}","templated":true}]}}