{"id":42810,"date":"2022-05-29T11:29:10","date_gmt":"2022-05-29T09:29:10","guid":{"rendered":"https:\/\/bojungle.eu\/shop\/product\/b-keys-silicona-grisblancoazulrosa\/"},"modified":"2024-04-11T14:01:13","modified_gmt":"2024-04-11T12:01:13","slug":"b-keys-silicone-greywhitebluepink","status":"publish","type":"product","link":"https:\/\/www.bojungle.eu\/es\/producto\/b-keys-silicone-greywhitebluepink\/","title":{"rendered":"Llaves Silicona (Gris,Blanco,Azul,Rosa)"},"content":{"rendered":"<p>Descubre nuestras llaves de silicona (gris, blanca, azul y rosa): \u00a1no pueden faltar en los juegos de tu peque\u00f1o! Fabricadas con silicona ecol\u00f3gica, estas llaves son m\u00e1s que simples juguetes para la dentici\u00f3n. Con llaves sueltas que rodean el mordedor central, ofrecen un dise\u00f1o f\u00e1cil de agarrar, perfecto para que las manitas exploren y jueguen. No s\u00f3lo alivian las molestias de la dentici\u00f3n, sino que tambi\u00e9n estimulan los sentidos de su beb\u00e9 con sus vibrantes colores y variadas formas. Imagina la alegr\u00eda en la cara de tu peque\u00f1o cuando descubra las diferentes texturas y tonalidades. Y aqu\u00ed est\u00e1 la guinda del pastel: El Juego de Silicona Keys no s\u00f3lo es seguro para tu beb\u00e9, sino tambi\u00e9n para el planeta. Fabricado con silicona de alta calidad, puede estar seguro de que el juego de su beb\u00e9 ser\u00e1 divertido y respetuoso con el medio ambiente. As\u00ed que, \u00bfpor qu\u00e9 conformarse con juguetes ordinarios cuando puede elevar la experiencia de juego de su beb\u00e9 con nuestro Juego de llaves de silicona? A\u00f1ada hoy mismo un toque de color, comodidad y respeto por el medio ambiente al mundo de su beb\u00e9.  <\/p>\n","protected":false},"excerpt":{"rendered":"<div class=\"w-full text-token-text-primary\" dir=\"auto\" data-testid=\"conversation-turn-5\">\n<div class=\"px-4 py-2 justify-center text-base md:gap-6 m-auto\">\n<div class=\"flex flex-1 text-base mx-auto gap-3 juice:gap-4 juice:md:gap-6 md:px-5 lg:px-1 xl:px-5 md:max-w-3xl lg:max-w-[40rem] xl:max-w-[48rem] group\">\n<div class=\"relative flex w-full flex-col agent-turn\">\n<div class=\"flex-col gap-1 md:gap-3\">\n<div class=\"flex flex-grow flex-col max-w-full\">\n<div class=\"min-h-[20px] text-message flex flex-col items-start gap-3 whitespace-pre-wrap break-words [.text-message+&amp;]:mt-5 overflow-x-auto\" dir=\"auto\" data-message-author-role=\"assistant\" data-message-id=\"17b7d7b6-b91e-4499-b753-bc31b4cdf645\">\n<div class=\"markdown prose w-full break-words dark:prose-invert light\">\n<p>Echa un vistazo a nuestras Llaves de Silicona (Gris,Blanco,Azul,Rosa) &#8211; \u00a1son fant\u00e1sticas para tu peque\u00f1o! Hechas de silicona ecol\u00f3gica, estas llaves no son s\u00f3lo para la dentici\u00f3n. Tambi\u00e9n son geniales como juguetes de agarre gracias a las llaves sueltas alrededor del mordedor principal. Adem\u00e1s, vienen en diferentes colores y formas, lo que es muy divertido para los sentidos de tu beb\u00e9. \u00bfY lo mejor? Son seguros para tu beb\u00e9 y para el medio ambiente. \u00bfA qu\u00e9 esperas? Consigue hoy mismo tu juego de llaves de silicona.       <\/p>\n<\/div>\n<\/div>\n<\/div>\n<\/div>\n<div class=\"absolute\">\n<div class=\"flex w-full gap-2 items-center justify-center\"><\/div>\n<\/div>\n<\/div>\n<\/div>\n<\/div>\n<\/div>\n<div class=\"w-full text-token-text-primary\" dir=\"auto\" data-testid=\"conversation-turn-6\">\n<div class=\"px-4 py-2 justify-center text-base md:gap-6 m-auto\">\n<div class=\"flex flex-1 text-base mx-auto gap-3 juice:gap-4 juice:md:gap-6 md:px-5 lg:px-1 xl:px-5 md:max-w-3xl lg:max-w-[40rem] xl:max-w-[48rem] group\">\n<div class=\"flex-shrink-0 flex flex-col relative items-end\">\n<div>\n<div class=\"pt-0.5\">\n<div class=\"gizmo-shadow-stroke flex h-6 w-6 items-center justify-center overflow-hidden rounded-full\"><\/div>\n<\/div>\n<\/div>\n<\/div>\n<\/div>\n<\/div>\n<\/div>\n","protected":false},"featured_media":73018,"comment_status":"closed","ping_status":"closed","template":"","meta":{"_lmt_disableupdate":"","_lmt_disable":""},"product_brand":[],"product_cat":[478,476],"product_tag":[],"woo-feed-brand":[],"class_list":{"0":"post-42810","1":"product","2":"type-product","3":"status-publish","4":"has-post-thumbnail","6":"product_cat-juguetes-de-silicona","7":"product_cat-tiempo-de-juego","9":"first","10":"instock","11":"taxable","12":"shipping-taxable","13":"purchasable","14":"product-type-simple"},"_links":{"self":[{"href":"https:\/\/www.bojungle.eu\/es\/wp-json\/wp\/v2\/product\/42810","targetHints":{"allow":["GET"]}}],"collection":[{"href":"https:\/\/www.bojungle.eu\/es\/wp-json\/wp\/v2\/product"}],"about":[{"href":"https:\/\/www.bojungle.eu\/es\/wp-json\/wp\/v2\/types\/product"}],"replies":[{"embeddable":true,"href":"https:\/\/www.bojungle.eu\/es\/wp-json\/wp\/v2\/comments?post=42810"}],"version-history":[{"count":1,"href":"https:\/\/www.bojungle.eu\/es\/wp-json\/wp\/v2\/product\/42810\/revisions"}],"predecessor-version":[{"id":73040,"href":"https:\/\/www.bojungle.eu\/es\/wp-json\/wp\/v2\/product\/42810\/revisions\/73040"}],"wp:featuredmedia":[{"embeddable":true,"href":"https:\/\/www.bojungle.eu\/es\/wp-json\/wp\/v2\/media\/73018"}],"wp:attachment":[{"href":"https:\/\/www.bojungle.eu\/es\/wp-json\/wp\/v2\/media?parent=42810"}],"wp:term":[{"taxonomy":"product_brand","embeddable":true,"href":"https:\/\/www.bojungle.eu\/es\/wp-json\/wp\/v2\/product_brand?post=42810"},{"taxonomy":"product_cat","embeddable":true,"href":"https:\/\/www.bojungle.eu\/es\/wp-json\/wp\/v2\/product_cat?post=42810"},{"taxonomy":"product_tag","embeddable":true,"href":"https:\/\/www.bojungle.eu\/es\/wp-json\/wp\/v2\/product_tag?post=42810"},{"taxonomy":"woo-feed-brand","embeddable":true,"href":"https:\/\/www.bojungle.eu\/es\/wp-json\/wp\/v2\/woo-feed-brand?post=42810"}],"curies":[{"name":"wp","href":"https:\/\/api.w.org\/{rel}","templated":true}]}}