{"id":42842,"date":"2022-05-29T11:29:10","date_gmt":"2022-05-29T09:29:10","guid":{"rendered":"https:\/\/bojungle.eu\/shop\/product\/b-light-music-sonajero-giraf\/"},"modified":"2024-10-03T15:44:24","modified_gmt":"2024-10-03T13:44:24","slug":"b-light-music-rattle-giraf","status":"publish","type":"product","link":"https:\/\/www.bojungle.eu\/es\/producto\/b-light-music-rattle-giraf\/","title":{"rendered":"B-Light &amp; Music Sonajero Giraf"},"content":{"rendered":"<p>Introduce a tu beb\u00e9 en un mundo de diversi\u00f3n sensorial con el Sonajero Luz y M\u00fasica. Dise\u00f1ado para cautivar a los m\u00e1s peque\u00f1os, este adorable sonajero parpadea con divertidas luces y reproduce m\u00fasica con una simple sacudida. A tu beb\u00e9 le encantar\u00e1 morder sus suaves y seguras orejas, \u00a1convirti\u00e9ndolo en su nuevo compa\u00f1ero favorito!   Caracter\u00edsticas principales: <\/p>\n<ul>\n<li><strong>Ligero y f\u00e1cil de sujetar: <\/strong>perfecto para que las manitas lo agarren y agiten sin esfuerzo.<\/li>\n<li><strong>Material seguro y sin pintura: <\/strong>Hecho a mano con materiales no t\u00f3xicos, seguro para los beb\u00e9s a explorar.<\/li>\n<li><strong>Quatro modos de divers\u00e3o:<\/strong> Escolha entre luzes intermitentes, m\u00fasica ou uma combina\u00e7\u00e3o para entreter e acalmar.<\/li>\n<li><strong>Sensor incorporado:<\/strong> Activa autom\u00e1ticamente las luces y los sonidos con una sacudida.<\/li>\n<li><strong>Juguete blando para morder: <\/strong>suave con las enc\u00edas, ideal para la dentici\u00f3n de los beb\u00e9s.<\/li>\n<\/ul>\n<p> Una mezcla perfecta de diversi\u00f3n y funcionalidad, \u00a1este sonajero mantendr\u00e1 a su beb\u00e9 entretenido y ocupado!<\/p>\n","protected":false},"excerpt":{"rendered":"<div class=\"flex max-w-full flex-col flex-grow\">\n<div class=\"min-h-8 text-message flex w-full flex-col items-end gap-2 whitespace-normal break-words [.text-message+&amp;]:mt-5\" dir=\"auto\" data-message-author-role=\"assistant\" data-message-id=\"cf1fb747-2e09-4348-b15e-3b3c290653a5\">\n<div class=\"flex w-full flex-col gap-1 empty:hidden first:pt-[3px]\">\n<div class=\"markdown prose w-full break-words dark:prose-invert light\"> \u00a1Ag\u00edtalo para iluminar el mundo de tu beb\u00e9! El sonajero Luz y M\u00fasica parpadea con luces de colores y reproduce m\u00fasica, mientras que sus suaves orejas masticables calman las enc\u00edas del beb\u00e9. Fabricado con un material seguro, sin pintura y con un dise\u00f1o ligero, \u00a1es f\u00e1cil de agarrar y est\u00e1 lleno de diversi\u00f3n sensorial!   <\/div>\n<\/div>\n<\/div>\n<\/div>\n<div class=\"mb-2 flex gap-3 empty:hidden -ml-2\">\n<div class=\"items-center justify-start rounded-xl p-1 flex\">\n<div class=\"flex items-center\">\n<div class=\"flex\"><\/div>\n<div class=\"flex items-center pb-0\"><\/div>\n<\/div>\n<\/div>\n<\/div>\n","protected":false},"featured_media":78199,"comment_status":"closed","ping_status":"closed","template":"","meta":{"_lmt_disableupdate":"","_lmt_disable":""},"product_brand":[],"product_cat":[621,503,622,676,476],"product_tag":[],"woo-feed-brand":[],"class_list":{"0":"post-42842","1":"product","2":"type-product","3":"status-publish","4":"has-post-thumbnail","6":"product_cat-juguetes-de-actividades","7":"product_cat-juguetes-de-colores","8":"product_cat-juguetes-musicales","9":"product_cat-sonajeros","10":"product_cat-tiempo-de-juego","12":"first","13":"instock","14":"taxable","15":"shipping-taxable","16":"purchasable","17":"product-type-simple"},"_links":{"self":[{"href":"https:\/\/www.bojungle.eu\/es\/wp-json\/wp\/v2\/product\/42842","targetHints":{"allow":["GET"]}}],"collection":[{"href":"https:\/\/www.bojungle.eu\/es\/wp-json\/wp\/v2\/product"}],"about":[{"href":"https:\/\/www.bojungle.eu\/es\/wp-json\/wp\/v2\/types\/product"}],"replies":[{"embeddable":true,"href":"https:\/\/www.bojungle.eu\/es\/wp-json\/wp\/v2\/comments?post=42842"}],"version-history":[{"count":1,"href":"https:\/\/www.bojungle.eu\/es\/wp-json\/wp\/v2\/product\/42842\/revisions"}],"predecessor-version":[{"id":78229,"href":"https:\/\/www.bojungle.eu\/es\/wp-json\/wp\/v2\/product\/42842\/revisions\/78229"}],"wp:featuredmedia":[{"embeddable":true,"href":"https:\/\/www.bojungle.eu\/es\/wp-json\/wp\/v2\/media\/78199"}],"wp:attachment":[{"href":"https:\/\/www.bojungle.eu\/es\/wp-json\/wp\/v2\/media?parent=42842"}],"wp:term":[{"taxonomy":"product_brand","embeddable":true,"href":"https:\/\/www.bojungle.eu\/es\/wp-json\/wp\/v2\/product_brand?post=42842"},{"taxonomy":"product_cat","embeddable":true,"href":"https:\/\/www.bojungle.eu\/es\/wp-json\/wp\/v2\/product_cat?post=42842"},{"taxonomy":"product_tag","embeddable":true,"href":"https:\/\/www.bojungle.eu\/es\/wp-json\/wp\/v2\/product_tag?post=42842"},{"taxonomy":"woo-feed-brand","embeddable":true,"href":"https:\/\/www.bojungle.eu\/es\/wp-json\/wp\/v2\/woo-feed-brand?post=42842"}],"curies":[{"name":"wp","href":"https:\/\/api.w.org\/{rel}","templated":true}]}}