{"id":42847,"date":"2022-05-29T11:29:10","date_gmt":"2022-05-29T09:29:10","guid":{"rendered":"https:\/\/bojungle.eu\/shop\/product\/b-mesa-de-aprendizaje-y-descubrimiento\/"},"modified":"2025-08-06T15:00:32","modified_gmt":"2025-08-06T13:00:32","slug":"b-learn-discovery-table","status":"publish","type":"product","link":"https:\/\/www.bojungle.eu\/es\/producto\/b-learn-discovery-table\/","title":{"rendered":"B-Mesa de aprendizaje y descubrimiento"},"content":{"rendered":"<p>Conoce nuestra mesa Learn &amp; Discovery, \u00a1perfecta<\/p>\n<p>Esta mesa es s\u00faper colorida y tiene muchas cosas divertidas que hacer. Deja caer la bola sobre la mesa y mira c\u00f3mo gira antes de caer por el agujero. \u00a1Es como magia! Esto ayuda a tu peque a seguir las cosas con la vista.   <\/p>\n<p>Pero espera, \u00a1hay m\u00e1s! Presiona los dientes del hipop\u00f3tamo y oir\u00e1s m\u00fasica y sonidos de animales. \u00a1Es muy divertido! Y ayuda a tu peque\u00f1o a aprender c\u00f3mo funcionan las cosas.   <\/p>\n<p>Con luces y m\u00fasica, esta mesa es una explosi\u00f3n para los sentidos. \u00a1A tu hijo le encantar\u00e1 jugar y aprender con ella! <\/p>\n<p>\u00a1Prep\u00e1rate para horas de diversi\u00f3n y aprendizaje con nuestra Mesa Aprende y Descubre!<\/p>\n<p>&nbsp;<\/p>\n<table border=\"1\">\n<tbody>\n<tr>\n<td>Manual<\/td>\n<td><a href=\"https:\/\/www.bojungle.eu\/wp-content\/uploads\/2025\/08\/Manual-B925210-2.pdf\">Haga clic aqu\u00ed<\/a><\/td>\n<\/tr>\n<\/tbody>\n<\/table>\n","protected":false},"excerpt":{"rendered":"<div class=\"flex-1 overflow-hidden\">\n<div class=\"react-scroll-to-bottom--css-jpaix-79elbk h-full\">\n<div class=\"react-scroll-to-bottom--css-jpaix-1n7m0yu\">\n<div class=\"flex flex-col text-sm pb-9\">\n<div class=\"w-full text-token-text-primary\" dir=\"auto\" data-testid=\"conversation-turn-7\" data-scroll-anchor=\"true\">\n<div class=\"py-2 px-3 text-base md:px-4 m-auto md:px-5 lg:px-1 xl:px-5\">\n<div class=\"mx-auto flex flex-1 gap-3 text-base juice:gap-4 juice:md:gap-6 md:max-w-3xl lg:max-w-[40rem] xl:max-w-[48rem]\">\n<div class=\"relative flex w-full min-w-0 flex-col agent-turn\">\n<div class=\"flex-col gap-1 md:gap-3\">\n<div class=\"flex flex-grow flex-col max-w-full\">\n<div class=\"min-h-[20px] text-message flex flex-col items-start whitespace-pre-wrap break-words [.text-message+&amp;]:mt-5 overflow-x-auto gap-3\" dir=\"auto\" data-message-author-role=\"assistant\" data-message-id=\"e862e374-493f-440c-bba9-50430143b1bf\">\n<div class=\"markdown prose w-full break-words dark:prose-invert light\">\n<p>Apresentamos a nossa Mesa Aprender e Descobrir! Com bolas coloridas que giram e caem pelos buracos, m\u00fasica divertida e sons de animais fixes, \u00e9 perfeita para os mais pequenos aprenderem e brincarem. Veja como o seu filho explora a causa e o efeito enquanto se diverte com as luzes e a m\u00fasica.  <\/p>\n<\/div>\n<\/div>\n<\/div>\n<\/div>\n<\/div>\n<\/div>\n<\/div>\n<\/div>\n<\/div>\n<\/div>\n<\/div>\n<\/div>\n","protected":false},"featured_media":71519,"comment_status":"closed","ping_status":"closed","template":"","meta":{"_lmt_disableupdate":"","_lmt_disable":""},"product_brand":[],"product_cat":[621,503,622,1347,476],"product_tag":[1067,1068,1069,1070,1071,1066,1072],"woo-feed-brand":[],"class_list":{"0":"post-42847","1":"product","2":"type-product","3":"status-publish","4":"has-post-thumbnail","6":"product_cat-juguetes-de-actividades","7":"product_cat-juguetes-de-colores","8":"product_cat-juguetes-musicales","9":"product_cat-sale-es-2","10":"product_cat-tiempo-de-juego","11":"product_tag-actividad","12":"product_tag-aprender-es","13":"product_tag-descubrimiento","14":"product_tag-juegos-de-pelota","15":"product_tag-luces","16":"product_tag-mesa-es","17":"product_tag-musica-es","19":"first","20":"instock","21":"sale","22":"taxable","23":"shipping-taxable","24":"purchasable","25":"product-type-simple"},"_links":{"self":[{"href":"https:\/\/www.bojungle.eu\/es\/wp-json\/wp\/v2\/product\/42847","targetHints":{"allow":["GET"]}}],"collection":[{"href":"https:\/\/www.bojungle.eu\/es\/wp-json\/wp\/v2\/product"}],"about":[{"href":"https:\/\/www.bojungle.eu\/es\/wp-json\/wp\/v2\/types\/product"}],"replies":[{"embeddable":true,"href":"https:\/\/www.bojungle.eu\/es\/wp-json\/wp\/v2\/comments?post=42847"}],"version-history":[{"count":2,"href":"https:\/\/www.bojungle.eu\/es\/wp-json\/wp\/v2\/product\/42847\/revisions"}],"predecessor-version":[{"id":80821,"href":"https:\/\/www.bojungle.eu\/es\/wp-json\/wp\/v2\/product\/42847\/revisions\/80821"}],"wp:featuredmedia":[{"embeddable":true,"href":"https:\/\/www.bojungle.eu\/es\/wp-json\/wp\/v2\/media\/71519"}],"wp:attachment":[{"href":"https:\/\/www.bojungle.eu\/es\/wp-json\/wp\/v2\/media?parent=42847"}],"wp:term":[{"taxonomy":"product_brand","embeddable":true,"href":"https:\/\/www.bojungle.eu\/es\/wp-json\/wp\/v2\/product_brand?post=42847"},{"taxonomy":"product_cat","embeddable":true,"href":"https:\/\/www.bojungle.eu\/es\/wp-json\/wp\/v2\/product_cat?post=42847"},{"taxonomy":"product_tag","embeddable":true,"href":"https:\/\/www.bojungle.eu\/es\/wp-json\/wp\/v2\/product_tag?post=42847"},{"taxonomy":"woo-feed-brand","embeddable":true,"href":"https:\/\/www.bojungle.eu\/es\/wp-json\/wp\/v2\/woo-feed-brand?post=42847"}],"curies":[{"name":"wp","href":"https:\/\/api.w.org\/{rel}","templated":true}]}}