{"id":42908,"date":"2022-05-29T11:26:15","date_gmt":"2022-05-29T09:26:15","guid":{"rendered":"https:\/\/bojungle.eu\/shop\/product\/silla-de-paseo-reversible-b-genius-gris-claro\/"},"modified":"2022-05-29T11:26:15","modified_gmt":"2022-05-29T11:26:15","slug":"b-genius-silla-de-paseo-reversible-gris-claro","status":"publish","type":"product","link":"https:\/\/www.bojungle.eu\/es\/producto\/b-genius-silla-de-paseo-reversible-gris-claro\/","title":{"rendered":"Silla de Paseo Reversible B-Genius Gris Claro"},"content":{"rendered":"<ul>\n<li>El cochecito que se puede plegar como una mochila.<\/li>\n<li>S\u00faper compacto cuando est\u00e1 plegado (47 cm x 43 cm x 23 cm)<\/li>\n<li>S\u00f3lo pesa 6,34 kg.<\/li>\n<li>Uso bidireccional: f\u00e1cil de ajustar (piezas incluidas) &#8211; Estructura de aluminio &#8211; Respaldo ajustable: puede tumbarse hasta 170\u00b0 &#8211; Reposapi\u00e9s ajustable &#8211; Coj\u00edn de apoyo extra\u00edble<\/li>\n<li>Se puede colocar en vertical una vez plegado (cabe como equipaje de mano en el avi\u00f3n)<\/li>\n<li>Arn\u00e9s de seguridad de 5 puntos<\/li>\n<li>Ruedas desmontables, capota parasol y barra de seguridad &#8211; Sistema de freno de pie en las ruedas traseras &#8211; Ventilaci\u00f3n trasera<\/li>\n<li>Accesorios incluidos: mosquitera, protecci\u00f3n contra la lluvia, kit para uso bidireccional, bolsa de transporte<\/li>\n<li>Opcional: Silla de coche, adaptadores Maxi Cosi y adaptador para acoplar dos cochecitos entre s\u00ed.<\/li>\n<li>Edad recomendada: 0-36 meses, hasta 18 kg<\/li>\n<\/ul>\n","protected":false},"excerpt":{"rendered":"<p>El cochecito que se puede plegar como una mochila.<\/p>\n","protected":false},"featured_media":54672,"comment_status":"closed","ping_status":"closed","template":"","meta":{"_lmt_disableupdate":"","_lmt_disable":""},"product_brand":[],"product_cat":[649,637],"product_tag":[],"woo-feed-brand":[],"class_list":{"0":"post-42908","1":"product","2":"type-product","3":"status-publish","4":"has-post-thumbnail","6":"product_cat-cochecitos","7":"product_cat-en-el-exterior","9":"first","10":"instock","11":"taxable","12":"shipping-taxable","13":"purchasable","14":"product-type-simple"},"_links":{"self":[{"href":"https:\/\/www.bojungle.eu\/es\/wp-json\/wp\/v2\/product\/42908","targetHints":{"allow":["GET"]}}],"collection":[{"href":"https:\/\/www.bojungle.eu\/es\/wp-json\/wp\/v2\/product"}],"about":[{"href":"https:\/\/www.bojungle.eu\/es\/wp-json\/wp\/v2\/types\/product"}],"replies":[{"embeddable":true,"href":"https:\/\/www.bojungle.eu\/es\/wp-json\/wp\/v2\/comments?post=42908"}],"version-history":[{"count":0,"href":"https:\/\/www.bojungle.eu\/es\/wp-json\/wp\/v2\/product\/42908\/revisions"}],"wp:featuredmedia":[{"embeddable":true,"href":"https:\/\/www.bojungle.eu\/es\/wp-json\/wp\/v2\/media\/54672"}],"wp:attachment":[{"href":"https:\/\/www.bojungle.eu\/es\/wp-json\/wp\/v2\/media?parent=42908"}],"wp:term":[{"taxonomy":"product_brand","embeddable":true,"href":"https:\/\/www.bojungle.eu\/es\/wp-json\/wp\/v2\/product_brand?post=42908"},{"taxonomy":"product_cat","embeddable":true,"href":"https:\/\/www.bojungle.eu\/es\/wp-json\/wp\/v2\/product_cat?post=42908"},{"taxonomy":"product_tag","embeddable":true,"href":"https:\/\/www.bojungle.eu\/es\/wp-json\/wp\/v2\/product_tag?post=42908"},{"taxonomy":"woo-feed-brand","embeddable":true,"href":"https:\/\/www.bojungle.eu\/es\/wp-json\/wp\/v2\/woo-feed-brand?post=42908"}],"curies":[{"name":"wp","href":"https:\/\/api.w.org\/{rel}","templated":true}]}}