{"id":42947,"date":"2022-05-29T11:26:02","date_gmt":"2022-05-29T09:26:02","guid":{"rendered":"https:\/\/bojungle.eu\/shop\/product\/b-digital-procesador-de-alimentos-para-bebes-6-en-1\/"},"modified":"2025-06-11T16:25:28","modified_gmt":"2025-06-11T14:25:28","slug":"b-procesador-digital-de-alimentos-para-bebes-6-en-1","status":"publish","type":"product","link":"https:\/\/www.bojungle.eu\/es\/producto\/b-procesador-digital-de-alimentos-para-bebes-6-en-1\/","title":{"rendered":"B-Digital Procesador de alimentos para beb\u00e9s 6 en 1"},"content":{"rendered":"<ul>\n<li>Contenido de 900 ml<\/li>\n<li>Pantalla digital y uso<\/li>\n<li>6 funciones: Cocci\u00f3n al vapor, Mezcla autom\u00e1tica, Esterilizaci\u00f3n, Calentamiento, Mantener caliente, Limpieza<\/li>\n<li>Piezas aptas para lavavajillas<\/li>\n<li>Vaso medidor, esp\u00e1tula y pinzas incluidos<\/li>\n<li>Posibilidad de cocer al vapor dos tipos de alimentos en recipientes separados al mismo tiempo, colocando el vaso medidor encima de la cesta de cocci\u00f3n al vapor.<\/li>\n<li>2 velocidades de vaporizaci\u00f3n: baja o alta velocidad<\/li>\n<li>2 velocidades de mezcla: baja velocidad para una textura con trozos peque\u00f1os, o alta velocidad para una textura suave<\/li>\n<li>Se mezcla autom\u00e1ticamente en ciclos: 13 segundos encendido, 2 segundos apagado (5 ciclos)<\/li>\n<\/ul>\n<table border=\"1\">\n<tbody>\n<tr>\n<td>Manual<\/td>\n<td><a href=\"https:\/\/www.bojungle.eu\/wp-content\/uploads\/2025\/06\/2018-02-23-Handleiding-food-processor-v3.pdf\" target=\"_blank\" rel=\"noopener\">Haga clic aqu\u00ed<\/a><\/td>\n<\/tr>\n<\/tbody>\n<\/table>\n","protected":false},"excerpt":{"rendered":"<p>6 funciones: Cocci\u00f3n al vapor, Mezcla autom\u00e1tica, Esterilizaci\u00f3n, Calentamiento, Mantener caliente, Limpieza<\/p>\n","protected":false},"featured_media":74043,"comment_status":"closed","ping_status":"closed","template":"","meta":{"_lmt_disableupdate":"","_lmt_disable":""},"product_brand":[],"product_cat":[462,466],"product_tag":[],"woo-feed-brand":[],"class_list":{"0":"post-42947","1":"product","2":"type-product","3":"status-publish","4":"has-post-thumbnail","6":"product_cat-comida-y-bebida","7":"product_cat-preparacion-de-comidas","9":"first","10":"instock","11":"taxable","12":"shipping-taxable","13":"purchasable","14":"product-type-simple"},"_links":{"self":[{"href":"https:\/\/www.bojungle.eu\/es\/wp-json\/wp\/v2\/product\/42947","targetHints":{"allow":["GET"]}}],"collection":[{"href":"https:\/\/www.bojungle.eu\/es\/wp-json\/wp\/v2\/product"}],"about":[{"href":"https:\/\/www.bojungle.eu\/es\/wp-json\/wp\/v2\/types\/product"}],"replies":[{"embeddable":true,"href":"https:\/\/www.bojungle.eu\/es\/wp-json\/wp\/v2\/comments?post=42947"}],"version-history":[{"count":1,"href":"https:\/\/www.bojungle.eu\/es\/wp-json\/wp\/v2\/product\/42947\/revisions"}],"predecessor-version":[{"id":80194,"href":"https:\/\/www.bojungle.eu\/es\/wp-json\/wp\/v2\/product\/42947\/revisions\/80194"}],"wp:featuredmedia":[{"embeddable":true,"href":"https:\/\/www.bojungle.eu\/es\/wp-json\/wp\/v2\/media\/74043"}],"wp:attachment":[{"href":"https:\/\/www.bojungle.eu\/es\/wp-json\/wp\/v2\/media?parent=42947"}],"wp:term":[{"taxonomy":"product_brand","embeddable":true,"href":"https:\/\/www.bojungle.eu\/es\/wp-json\/wp\/v2\/product_brand?post=42947"},{"taxonomy":"product_cat","embeddable":true,"href":"https:\/\/www.bojungle.eu\/es\/wp-json\/wp\/v2\/product_cat?post=42947"},{"taxonomy":"product_tag","embeddable":true,"href":"https:\/\/www.bojungle.eu\/es\/wp-json\/wp\/v2\/product_tag?post=42947"},{"taxonomy":"woo-feed-brand","embeddable":true,"href":"https:\/\/www.bojungle.eu\/es\/wp-json\/wp\/v2\/woo-feed-brand?post=42947"}],"curies":[{"name":"wp","href":"https:\/\/api.w.org\/{rel}","templated":true}]}}