{"id":42986,"date":"2022-05-29T11:24:02","date_gmt":"2022-05-29T09:24:02","guid":{"rendered":"https:\/\/bojungle.eu\/shop\/product\/filtro-b-para-humidificador-sensy\/"},"modified":"2024-01-31T13:51:00","modified_gmt":"2024-01-31T12:51:00","slug":"b-filter-for-humi-purifier-sensy","status":"publish","type":"product","link":"https:\/\/www.bojungle.eu\/es\/producto\/b-filter-for-humi-purifier-sensy\/","title":{"rendered":"Filtro para el humidificador Sensy"},"content":{"rendered":"<p>Este filtro es adecuado para el humidificador Sensy y nuestros humidificadores digitales anteriores.<\/p>\n","protected":false},"excerpt":{"rendered":"<p>El filtro para el humidificador Sensy est\u00e1 dise\u00f1ado para mejorar la calidad del aire en su hogar, creando un entorno m\u00e1s saludable. Este filtro de alta calidad est\u00e1 especialmente dise\u00f1ado para su uso con el Humi-Purificador Sensy, proporcionando una filtraci\u00f3n eficaz de las part\u00edculas de polvo, al\u00e9rgenos y otros contaminantes del aire. <\/p>\n","protected":false},"featured_media":65198,"comment_status":"closed","ping_status":"closed","template":"","meta":{"_lmt_disableupdate":"","_lmt_disable":""},"product_brand":[],"product_cat":[531],"product_tag":[],"woo-feed-brand":[],"class_list":{"0":"post-42986","1":"product","2":"type-product","3":"status-publish","4":"has-post-thumbnail","6":"product_cat-dormir-es","8":"first","9":"instock","10":"taxable","11":"shipping-taxable","12":"purchasable","13":"product-type-simple"},"_links":{"self":[{"href":"https:\/\/www.bojungle.eu\/es\/wp-json\/wp\/v2\/product\/42986","targetHints":{"allow":["GET"]}}],"collection":[{"href":"https:\/\/www.bojungle.eu\/es\/wp-json\/wp\/v2\/product"}],"about":[{"href":"https:\/\/www.bojungle.eu\/es\/wp-json\/wp\/v2\/types\/product"}],"replies":[{"embeddable":true,"href":"https:\/\/www.bojungle.eu\/es\/wp-json\/wp\/v2\/comments?post=42986"}],"version-history":[{"count":1,"href":"https:\/\/www.bojungle.eu\/es\/wp-json\/wp\/v2\/product\/42986\/revisions"}],"predecessor-version":[{"id":65207,"href":"https:\/\/www.bojungle.eu\/es\/wp-json\/wp\/v2\/product\/42986\/revisions\/65207"}],"wp:featuredmedia":[{"embeddable":true,"href":"https:\/\/www.bojungle.eu\/es\/wp-json\/wp\/v2\/media\/65198"}],"wp:attachment":[{"href":"https:\/\/www.bojungle.eu\/es\/wp-json\/wp\/v2\/media?parent=42986"}],"wp:term":[{"taxonomy":"product_brand","embeddable":true,"href":"https:\/\/www.bojungle.eu\/es\/wp-json\/wp\/v2\/product_brand?post=42986"},{"taxonomy":"product_cat","embeddable":true,"href":"https:\/\/www.bojungle.eu\/es\/wp-json\/wp\/v2\/product_cat?post=42986"},{"taxonomy":"product_tag","embeddable":true,"href":"https:\/\/www.bojungle.eu\/es\/wp-json\/wp\/v2\/product_tag?post=42986"},{"taxonomy":"woo-feed-brand","embeddable":true,"href":"https:\/\/www.bojungle.eu\/es\/wp-json\/wp\/v2\/woo-feed-brand?post=42986"}],"curies":[{"name":"wp","href":"https:\/\/api.w.org\/{rel}","templated":true}]}}