{"id":42990,"date":"2022-05-29T11:24:19","date_gmt":"2022-05-29T09:24:19","guid":{"rendered":"https:\/\/bojungle.eu\/shop\/product\/b-banera-de-ducha-plegable-gris-blanco\/"},"modified":"2025-05-26T16:48:42","modified_gmt":"2025-05-26T14:48:42","slug":"b-banera-ducha-plegable-gris-blanco","status":"publish","type":"product","link":"https:\/\/www.bojungle.eu\/es\/producto\/b-banera-ducha-plegable-gris-blanco\/","title":{"rendered":"B-Ba\u00f1era de ducha plegable Gris\/Blanco"},"content":{"rendered":"<p>La ba\u00f1era de ducha plegable est\u00e1 fabricada con piezas de silicona de primera calidad y un robusto armaz\u00f3n de aluminio, esta ba\u00f1era ofrece una durabilidad y ajustabilidad excepcionales. La funci\u00f3n de altura ajustable garantiza una comodidad \u00f3ptima para usuarios de todas las edades y capacidades. <\/p>\n<p>Equipada con un c\u00f3modo asiento con ventosas para mayor estabilidad y apoyo, nuestra ba\u00f1era proporciona un entorno seguro para relajarse o darse una refrescante ducha.<\/p>\n<p>La limpieza es muy sencilla gracias a nuestra tapa de desag\u00fce f\u00e1cil de usar, que permite eliminar el agua de forma r\u00e1pida y eficaz despu\u00e9s de cada uso. Adem\u00e1s, puedes estar tranquilo sabiendo que nuestra ba\u00f1era de ducha plegable no contiene BPA, lo que da prioridad a tu salud y seguridad. <\/p>\n<p>La limpieza es muy sencilla gracias a nuestra tapa de desag\u00fce f\u00e1cil de usar, que permite eliminar el agua de forma r\u00e1pida y eficaz despu\u00e9s de cada uso. Adem\u00e1s, puedes estar tranquilo sabiendo que nuestra ba\u00f1era de ducha plegable no contiene BPA, lo que da prioridad a tu salud y seguridad. <\/p>\n<ul>\n<li>Esta ba\u00f1era puede colocarse f\u00e1cilmente en una ducha o servir como alternativa a una ba\u00f1era fija. Gracias a las piezas de silicona de la ba\u00f1era y al marco de aluminio, se puede regular en altura. Dentro de la ba\u00f1era hay un asiento con ventosas. El agua puede eliminarse f\u00e1cilmente gracias al tap\u00f3n de vaciado.<\/li>\n<li>Sin BPA<\/li>\n<\/ul>\n<table border=\"1\">\n<tbody>\n<tr>\n<td>Manual<\/td>\n<td><a href=\"https:\/\/www.bojungle.eu\/wp-content\/uploads\/2025\/05\/Manual-B400700.pdf\" target=\"_blank\" rel=\"noopener\">Haga clic aqu\u00ed<\/a><\/td>\n<\/tr>\n<\/tbody>\n<\/table>\n","protected":false},"excerpt":{"rendered":"<p>Experimente la comodidad y el confort incomparables de nuestra ba\u00f1era de ducha plegable en un elegante gris\/blanco. Transforme su rutina de ba\u00f1o con esta innovadora soluci\u00f3n dise\u00f1ada para integrarse a la perfecci\u00f3n en su espacio de ducha o funcionar como una alternativa flexible a una ba\u00f1era fija tradicional. <\/p>\n<p>&nbsp;<\/p>\n","protected":false},"featured_media":66624,"comment_status":"closed","ping_status":"closed","template":"","meta":{"_lmt_disableupdate":"","_lmt_disable":""},"product_brand":[],"product_cat":[592,518],"product_tag":[],"woo-feed-brand":[],"class_list":{"0":"post-42990","1":"product","2":"type-product","3":"status-publish","4":"has-post-thumbnail","6":"product_cat-bebe-en-la-banera","7":"product_cat-cuidado","9":"first","10":"instock","11":"taxable","12":"shipping-taxable","13":"purchasable","14":"product-type-simple"},"_links":{"self":[{"href":"https:\/\/www.bojungle.eu\/es\/wp-json\/wp\/v2\/product\/42990","targetHints":{"allow":["GET"]}}],"collection":[{"href":"https:\/\/www.bojungle.eu\/es\/wp-json\/wp\/v2\/product"}],"about":[{"href":"https:\/\/www.bojungle.eu\/es\/wp-json\/wp\/v2\/types\/product"}],"replies":[{"embeddable":true,"href":"https:\/\/www.bojungle.eu\/es\/wp-json\/wp\/v2\/comments?post=42990"}],"version-history":[{"count":3,"href":"https:\/\/www.bojungle.eu\/es\/wp-json\/wp\/v2\/product\/42990\/revisions"}],"predecessor-version":[{"id":79955,"href":"https:\/\/www.bojungle.eu\/es\/wp-json\/wp\/v2\/product\/42990\/revisions\/79955"}],"wp:featuredmedia":[{"embeddable":true,"href":"https:\/\/www.bojungle.eu\/es\/wp-json\/wp\/v2\/media\/66624"}],"wp:attachment":[{"href":"https:\/\/www.bojungle.eu\/es\/wp-json\/wp\/v2\/media?parent=42990"}],"wp:term":[{"taxonomy":"product_brand","embeddable":true,"href":"https:\/\/www.bojungle.eu\/es\/wp-json\/wp\/v2\/product_brand?post=42990"},{"taxonomy":"product_cat","embeddable":true,"href":"https:\/\/www.bojungle.eu\/es\/wp-json\/wp\/v2\/product_cat?post=42990"},{"taxonomy":"product_tag","embeddable":true,"href":"https:\/\/www.bojungle.eu\/es\/wp-json\/wp\/v2\/product_tag?post=42990"},{"taxonomy":"woo-feed-brand","embeddable":true,"href":"https:\/\/www.bojungle.eu\/es\/wp-json\/wp\/v2\/woo-feed-brand?post=42990"}],"curies":[{"name":"wp","href":"https:\/\/api.w.org\/{rel}","templated":true}]}}