{"id":43006,"date":"2022-05-29T11:24:19","date_gmt":"2022-05-29T09:24:19","guid":{"rendered":"https:\/\/bojungle.eu\/shop\/product\/playard-plegable-b-gris-claro\/"},"modified":"2025-06-16T13:56:40","modified_gmt":"2025-06-16T11:56:40","slug":"b-playard-plegable-gris-claro","status":"publish","type":"product","link":"https:\/\/www.bojungle.eu\/es\/producto\/b-playard-plegable-gris-claro\/","title":{"rendered":"Playard Plegable B Gris Claro"},"content":{"rendered":"<ul>\n<li>\u00bfBusca un parque infantil ligero, f\u00e1cil de llevar de viaje y que pueda montar en cuesti\u00f3n de segundos? No busque m\u00e1s, nuestro parque infantil plegable B mantendr\u00e1 seguro a su beb\u00e9 o ni\u00f1o peque\u00f1o dondequiera que vaya.<\/li>\n<li>Caracter\u00edsticas principales:<\/li>\n<li>Dise\u00f1o espacioso (dimensiones: 75 cm x 120 cm x 140 cm)<\/li>\n<li>Tejidos y materiales resistentes al agua que permiten su uso tanto en interiores como en exteriores<\/li>\n<li>Chasis muy ligero (7,9 kg) que se pliega y despliega en cuesti\u00f3n de segundos: \u00a1perfecto para utilizarlo sobre la marcha!<\/li>\n<li>Muy compacto cuando est\u00e1 plegado (dimensiones: 23 cm x 23 cm x 100 cm)<\/li>\n<li>Bolsa de transporte incluida<\/li>\n<\/ul>\n<table border=\"1\">\n<tbody>\n<tr>\n<td>Manual<\/td>\n<td><a href=\"https:\/\/www.bojungle.eu\/wp-content\/uploads\/2025\/06\/Playard.pdf\" target=\"_blank\" rel=\"noopener\">Haga clic aqu\u00ed<\/a><\/td>\n<\/tr>\n<\/tbody>\n<\/table>\n","protected":false},"excerpt":{"rendered":"<p>\u00bfBusca un parque infantil ligero, f\u00e1cil de llevar de viaje y que pueda montar en cuesti\u00f3n de segundos? No busque m\u00e1s, nuestro parque infantil plegable B mantendr\u00e1 seguro a su beb\u00e9 o ni\u00f1o peque\u00f1o dondequiera que vaya.<\/p>\n","protected":false},"featured_media":75208,"comment_status":"closed","ping_status":"closed","template":"","meta":{"_lmt_disableupdate":"","_lmt_disable":""},"product_brand":[],"product_cat":[637,813],"product_tag":[],"woo-feed-brand":[],"class_list":{"0":"post-43006","1":"product","2":"type-product","3":"status-publish","4":"has-post-thumbnail","6":"product_cat-en-el-exterior","7":"product_cat-en-el-jardin","9":"first","10":"instock","11":"featured","12":"taxable","13":"shipping-taxable","14":"purchasable","15":"product-type-simple"},"_links":{"self":[{"href":"https:\/\/www.bojungle.eu\/es\/wp-json\/wp\/v2\/product\/43006","targetHints":{"allow":["GET"]}}],"collection":[{"href":"https:\/\/www.bojungle.eu\/es\/wp-json\/wp\/v2\/product"}],"about":[{"href":"https:\/\/www.bojungle.eu\/es\/wp-json\/wp\/v2\/types\/product"}],"replies":[{"embeddable":true,"href":"https:\/\/www.bojungle.eu\/es\/wp-json\/wp\/v2\/comments?post=43006"}],"version-history":[{"count":1,"href":"https:\/\/www.bojungle.eu\/es\/wp-json\/wp\/v2\/product\/43006\/revisions"}],"predecessor-version":[{"id":80286,"href":"https:\/\/www.bojungle.eu\/es\/wp-json\/wp\/v2\/product\/43006\/revisions\/80286"}],"wp:featuredmedia":[{"embeddable":true,"href":"https:\/\/www.bojungle.eu\/es\/wp-json\/wp\/v2\/media\/75208"}],"wp:attachment":[{"href":"https:\/\/www.bojungle.eu\/es\/wp-json\/wp\/v2\/media?parent=43006"}],"wp:term":[{"taxonomy":"product_brand","embeddable":true,"href":"https:\/\/www.bojungle.eu\/es\/wp-json\/wp\/v2\/product_brand?post=43006"},{"taxonomy":"product_cat","embeddable":true,"href":"https:\/\/www.bojungle.eu\/es\/wp-json\/wp\/v2\/product_cat?post=43006"},{"taxonomy":"product_tag","embeddable":true,"href":"https:\/\/www.bojungle.eu\/es\/wp-json\/wp\/v2\/product_tag?post=43006"},{"taxonomy":"woo-feed-brand","embeddable":true,"href":"https:\/\/www.bojungle.eu\/es\/wp-json\/wp\/v2\/woo-feed-brand?post=43006"}],"curies":[{"name":"wp","href":"https:\/\/api.w.org\/{rel}","templated":true}]}}