{"id":43046,"date":"2022-05-29T11:23:58","date_gmt":"2022-05-29T09:23:58","guid":{"rendered":"https:\/\/bojungle.eu\/shop\/product\/b-taza-para-beber-cpla-biodegradable-azul\/"},"modified":"2024-12-06T10:42:11","modified_gmt":"2024-12-06T09:42:11","slug":"b-taza-bebida-cpla-biodegradable-azul","status":"publish","type":"product","link":"https:\/\/www.bojungle.eu\/es\/producto\/b-taza-bebida-cpla-biodegradable-azul\/","title":{"rendered":"Drinking cup CPLA Eco-Responisble Blue"},"content":{"rendered":"<div id=\"description\" class=\"tab-pane fade in active\" role=\"tabpanel\">\n<div class=\"product-description\">\n<p>Presentamos nuestro Vaso Ecoresponsable CPLA, la elecci\u00f3n perfecta para una vida sostenible y la salud de su familia. Elaborado a partir de CPLA, un biopl\u00e1stico fabricado \u00edntegramente a partir de fuentes vegetales naturales y renovables como el ma\u00edz, la mandioca, la ca\u00f1a de az\u00facar, la remolacha azucarera, el trigo y los residuos agr\u00edcolas, este vaso es una alternativa responsable al pl\u00e1stico tradicional. A diferencia del pl\u00e1stico convencional fabricado a partir del petr\u00f3leo, nuestro vaso CPLA es 100% natural, libre de aceites, toxinas y metales pesados, lo que garantiza los m\u00e1s altos est\u00e1ndares de seguridad para sus seres queridos. Tambi\u00e9n es apto para microondas y lavavajillas, por lo que ofrece la m\u00e1xima comodidad sin comprometer el cuidado del medio ambiente. Ya sea para beber en casa o fuera de ella, el Vaso para Beber CPLA es la opci\u00f3n m\u00e1s segura y ecol\u00f3gica para su familia. No s\u00f3lo es bueno para el planeta, sino tambi\u00e9n para ti. Elija la sostenibilidad, elija la seguridad y elija nuestro Vaso CPLA hoy mismo. <\/p>\n<p>&nbsp;<\/p>\n<\/div>\n<\/div>\n<div id=\"product-details\" class=\"tab-pane fade\" style=\"box-sizing: inherit; opacity: 1; transition: opacity 0.15s linear 0s; display: block; margin-bottom: 20px; color: #000000; font-family: Roboto, Arial, Helvetica, sans-serif; font-size: 13px; font-style: normal; font-variant-ligatures: normal; font-variant-caps: normal; font-weight: 400; letter-spacing: normal; orphans: 2; text-align: start; text-indent: 0px; text-transform: none; white-space: normal; widows: 2; word-spacing: 0px; -webkit-text-stroke-width: 0px; background-color: #ffffff; text-decoration-thickness: initial; text-decoration-style: initial; text-decoration-color: initial;\" role=\"tabpanel\" data-product=\"{\"id_shop_default\":\"1\",\"id_manufacturer\":\"1\",\"id_supplier\":\"2\",\"reference\":\"B552000\",\"is_virtual\":\"0\",\"delivery_in_stock\":\"\",\"delivery_out_stock\":\"\",\"id_category_default\":\"342\",\"on_sale\":\"0\",\"online_only\":\"1\",\"ecotax\":0,\"minimal_quantity\":\"1\",\"low_stock_threshold\":null,\"low_stock_alert\":\"0\",\"price\":\"u20ac10.74\",\"unity\":\"\",\"unit_price_ratio\":\"0.000000\",\"additional_shipping_cost\":\"0.000000\",\"customizable\":\"0\",\"text_fields\":\"0\",\"uploadable_files\":\"0\",\"redirect_type\":\"404\",\"id_type_redirected\":\"0\",\"available_for_order\":\"1\",\"available_date\":\"0000-00-00\",\"show_condition\":\"0\",\"condition\":\"new\",\"show_price\":\"1\",\"indexed\":\"1\",\"visibility\":\"both\",\"cache_default_attribute\":\"0\",\"advanced_stock_management\":\"0\",\"date_add\":\"2021-09-29 10:31:30\",\"date_upd\":\"2022-02-04 15:32:19\",\"pack_stock_type\":\"0\",\"meta_description\":\"Discover our B-Drinking Cup CPLA Biodegradable Grey from the product range: Feeding | Bo Jungle\",\"meta_keywords\":\"\",\"meta_title\":\"B-Drinking Cup CPLA Biodegradable Grey | Bo Jungle\",\"link_rewrite\":\"b-drinking-cup-cpla-biodegradable-grey\",\"name\":\"B-Drinking Cup CPLA Biodegradable Grey\",\"description\":\"&lt;encoded_tag_open \/&gt;p&lt;encoded_tag_closed \/&gt;CPLA is made from natural plants and not from oil. lt could include corn, cassava, sugar cane, sugar beets, wheat, agricultural wastes and non-food plants. Therefore, CPLA is 100% natural, which means it has zero oil, zero toxicity, zero heavy metal. Further-more, it can be used in microwave and dishwasher. Therefor CPLA is the safest choice for your kids.&lt;encoded_tag_open \/&gt;\/p&lt;encoded_tag_closed \/&gt;r &lt;encoded_tag_open \/&gt;p&lt;encoded_tag_closed \/&gt;&lt;encoded_tag_open \/&gt;\/p&lt;encoded_tag_closed \/&gt;\",\"description_short\":\"&lt;encoded_tag_open \/&gt;p&lt;encoded_tag_closed \/&gt;B-Drinking Cup CPLA Biodegradable Grey&lt;encoded_tag_open \/&gt;\/p&lt;encoded_tag_closed \/&gt;\",\"available_now\":\"\",\"available_later\":\"\",\"id\":1045,\"id_product\":1045,\"out_of_stock\":0,\"new\":0,\"id_product_attribute\":\"0\",\"quantity_wanted\":1,\"extraContent\":[],\"allow_oosp\":true,\"category\":\"aan-tafel\",\"category_name\":\"At the table\",\"link\":\"https:\/\/bojungle.eu\/gb\/aan-tafel\/1045-b-drinking-cup-cpla-biodegradable-grey-1703735311005.html\",\"attribute_price\":0,\"price_tax_exc\":10.735537,\"price_without_reduction\":10.735537,\"reduction\":0,\"specific_prices\":[],\"quantity\":0,\"quantity_all_versions\":0,\"id_image\":\"gb-default\",\"features\":[],\"attachments\":[],\"virtual\":0,\"pack\":0,\"packItems\":[],\"nopackprice\":0,\"customization_required\":false,\"rate\":0,\"tax_name\":\"\",\"ecotax_rate\":0,\"unit_price\":\"\",\"customizations\":{\"fields\":[]},\"id_customization\":0,\"is_customizable\":false,\"show_quantities\":false,\"quantity_label\":\"Item\",\"quantity_discounts\":[],\"customer_group_discount\":0,\"images\":[{\"bySize\":{\"small_default\":{\"url\":\"https:\/\/bojungle.eu\/3119-small_default\/b-drinking-cup-cpla-biodegradable-grey.jpg\",\"width\":98,\"height\":98},\"cart_default\":{\"url\":\"https:\/\/bojungle.eu\/3119-cart_default\/b-drinking-cup-cpla-biodegradable-grey.jpg\",\"width\":125,\"height\":125},\"home_default\":{\"url\":\"https:\/\/bojungle.eu\/3119-home_default\/b-drinking-cup-cpla-biodegradable-grey.jpg\",\"width\":259,\"height\":259},\"medium_default\":{\"url\":\"https:\/\/bojungle.eu\/3119-medium_default\/b-drinking-cup-cpla-biodegradable-grey.jpg\",\"width\":452,\"height\":452},\"large_default\":{\"url\":\"https:\/\/bojungle.eu\/3119-large_default\/b-drinking-cup-cpla-biodegradable-grey.jpg\",\"width\":800,\"height\":800}},\"small\":{\"url\":\"https:\/\/bojungle.eu\/3119-small_default\/b-drinking-cup-cpla-biodegradable-grey.jpg\",\"width\":98,\"height\":98},\"medium\":{\"url\":\"https:\/\/bojungle.eu\/3119-home_default\/b-drinking-cup-cpla-biodegradable-grey.jpg\",\"width\":259,\"height\":259},\"large\":{\"url\":\"https:\/\/bojungle.eu\/3119-large_default\/b-drinking-cup-cpla-biodegradable-grey.jpg\",\"width\":800,\"height\":800},\"legend\":\"\",\"id_image\":\"3119\",\"cover\":null,\"position\":\"1\",\"associatedVariants\":[]},{\"bySize\":{\"small_default\":{\"url\":\"https:\/\/bojungle.eu\/3120-small_default\/b-drinking-cup-cpla-biodegradable-grey.jpg\",\"width\":98,\"height\":98},\"cart_default\":{\"url\":\"https:\/\/bojungle.eu\/3120-cart_default\/b-drinking-cup-cpla-biodegradable-grey.jpg\",\"width\":125,\"height\":125},\"home_default\":{\"url\":\"https:\/\/bojungle.eu\/3120-home_default\/b-drinking-cup-cpla-biodegradable-grey.jpg\",\"width\":259,\"height\":259},\"medium_default\":{\"url\":\"https:\/\/bojungle.eu\/3120-medium_default\/b-drinking-cup-cpla-biodegradable-grey.jpg\",\"width\":452,\"height\":452},\"large_default\":{\"url\":\"https:\/\/bojungle.eu\/3120-large_default\/b-drinking-cup-cpla-biodegradable-grey.jpg\",\"width\":800,\"height\":800}},\"small\":{\"url\":\"https:\/\/bojungle.eu\/3120-small_default\/b-drinking-cup-cpla-biodegradable-grey.jpg\",\"width\":98,\"height\":98},\"medium\":{\"url\":\"https:\/\/bojungle.eu\/3120-home_default\/b-drinking-cup-cpla-biodegradable-grey.jpg\",\"width\":259,\"height\":259},\"large\":{\"url\":\"https:\/\/bojungle.eu\/3120-large_default\/b-drinking-cup-cpla-biodegradable-grey.jpg\",\"width\":800,\"height\":800},\"legend\":\"\",\"id_image\":\"3120\",\"cover\":null,\"position\":\"2\",\"associatedVariants\":[]},{\"bySize\":{\"small_default\":{\"url\":\"https:\/\/bojungle.eu\/3121-small_default\/b-drinking-cup-cpla-biodegradable-grey.jpg\",\"width\":98,\"height\":98},\"cart_default\":{\"url\":\"https:\/\/bojungle.eu\/3121-cart_default\/b-drinking-cup-cpla-biodegradable-grey.jpg\",\"width\":125,\"height\":125},\"home_default\":{\"url\":\"https:\/\/bojungle.eu\/3121-home_default\/b-drinking-cup-cpla-biodegradable-grey.jpg\",\"width\":259,\"height\":259},\"medium_default\":{\"url\":\"https:\/\/bojungle.eu\/3121-medium_default\/b-drinking-cup-cpla-biodegradable-grey.jpg\",\"width\":452,\"height\":452},\"large_default\":{\"url\":\"https:\/\/bojungle.eu\/3121-large_default\/b-drinking-cup-cpla-biodegradable-grey.jpg\",\"width\":800,\"height\":800}},\"small\":{\"url\":\"https:\/\/bojungle.eu\/3121-small_default\/b-drinking-cup-cpla-biodegradable-grey.jpg\",\"width\":98,\"height\":98},\"medium\":{\"url\":\"https:\/\/bojungle.eu\/3121-home_default\/b-drinking-cup-cpla-biodegradable-grey.jpg\",\"width\":259,\"height\":259},\"large\":{\"url\":\"https:\/\/bojungle.eu\/3121-large_default\/b-drinking-cup-cpla-biodegradable-grey.jpg\",\"width\":800,\"height\":800},\"legend\":\"\",\"id_image\":\"3121\",\"cover\":null,\"position\":\"3\",\"associatedVariants\":[]},{\"bySize\":{\"small_default\":{\"url\":\"https:\/\/bojungle.eu\/3122-small_default\/b-drinking-cup-cpla-biodegradable-grey.jpg\",\"width\":98,\"height\":98},\"cart_default\":{\"url\":\"https:\/\/bojungle.eu\/3122-cart_default\/b-drinking-cup-cpla-biodegradable-grey.jpg\",\"width\":125,\"height\":125},\"home_default\":{\"url\":\"https:\/\/bojungle.eu\/3122-home_default\/b-drinking-cup-cpla-biodegradable-grey.jpg\",\"width\":259,\"height\":259},\"medium_default\":{\"url\":\"https:\/\/bojungle.eu\/3122-medium_default\/b-drinking-cup-cpla-biodegradable-grey.jpg\",\"width\":452,\"height\":452},\"large_default\":{\"url\":\"https:\/\/bojungle.eu\/3122-large_default\/b-drinking-cup-cpla-biodegradable-grey.jpg\",\"width\":800,\"height\":800}},\"small\":{\"url\":\"https:\/\/bojungle.eu\/3122-small_default\/b-drinking-cup-cpla-biodegradable-grey.jpg\",\"width\":98,\"height\":98},\"medium\":{\"url\":\"https:\/\/bojungle.eu\/3122-home_default\/b-drinking-cup-cpla-biodegradable-grey.jpg\",\"width\":259,\"height\":259},\"large\":{\"url\":\"https:\/\/bojungle.eu\/3122-large_default\/b-drinking-cup-cpla-biodegradable-grey.jpg\",\"width\":800,\"height\":800},\"legend\":\"\",\"id_image\":\"3122\",\"cover\":null,\"position\":\"4\",\"associatedVariants\":[]},{\"bySize\":{\"small_default\":{\"url\":\"https:\/\/bojungle.eu\/3353-small_default\/b-drinking-cup-cpla-biodegradable-grey.jpg\",\"width\":98,\"height\":98},\"cart_default\":{\"url\":\"https:\/\/bojungle.eu\/3353-cart_default\/b-drinking-cup-cpla-biodegradable-grey.jpg\",\"width\":125,\"height\":125},\"home_default\":{\"url\":\"https:\/\/bojungle.eu\/3353-home_default\/b-drinking-cup-cpla-biodegradable-grey.jpg\",\"width\":259,\"height\":259},\"medium_default\":{\"url\":\"https:\/\/bojungle.eu\/3353-medium_default\/b-drinking-cup-cpla-biodegradable-grey.jpg\",\"width\":452,\"height\":452},\"large_default\":{\"url\":\"https:\/\/bojungle.eu\/3353-large_default\/b-drinking-cup-cpla-biodegradable-grey.jpg\",\"width\":800,\"height\":800}},\"small\":{\"url\":\"https:\/\/bojungle.eu\/3353-small_default\/b-drinking-cup-cpla-biodegradable-grey.jpg\",\"width\":98,\"height\":98},\"medium\":{\"url\":\"https:\/\/bojungle.eu\/3353-home_default\/b-drinking-cup-cpla-biodegradable-grey.jpg\",\"width\":259,\"height\":259},\"large\":{\"url\":\"https:\/\/bojungle.eu\/3353-large_default\/b-drinking-cup-cpla-biodegradable-grey.jpg\",\"width\":800,\"height\":800},\"legend\":\"\",\"id_image\":\"3353\",\"cover\":\"1\",\"position\":\"5\",\"associatedVariants\":[]}],\"cover\":{\"bySize\":{\"small_default\":{\"url\":\"https:\/\/bojungle.eu\/3353-small_default\/b-drinking-cup-cpla-biodegradable-grey.jpg\",\"width\":98,\"height\":98},\"cart_default\":{\"url\":\"https:\/\/bojungle.eu\/3353-cart_default\/b-drinking-cup-cpla-biodegradable-grey.jpg\",\"width\":125,\"height\":125},\"home_default\":{\"url\":\"https:\/\/bojungle.eu\/3353-home_default\/b-drinking-cup-cpla-biodegradable-grey.jpg\",\"width\":259,\"height\":259},\"medium_default\":{\"url\":\"https:\/\/bojungle.eu\/3353-medium_default\/b-drinking-cup-cpla-biodegradable-grey.jpg\",\"width\":452,\"height\":452},\"large_default\":{\"url\":\"https:\/\/bojungle.eu\/3353-large_default\/b-drinking-cup-cpla-biodegradable-grey.jpg\",\"width\":800,\"height\":800}},\"small\":{\"url\":\"https:\/\/bojungle.eu\/3353-small_default\/b-drinking-cup-cpla-biodegradable-grey.jpg\",\"width\":98,\"height\":98},\"medium\":{\"url\":\"https:\/\/bojungle.eu\/3353-home_default\/b-drinking-cup-cpla-biodegradable-grey.jpg\",\"width\":259,\"height\":259},\"large\":{\"url\":\"https:\/\/bojungle.eu\/3353-large_default\/b-drinking-cup-cpla-biodegradable-grey.jpg\",\"width\":800,\"height\":800},\"legend\":\"\",\"id_image\":\"3353\",\"cover\":\"1\",\"position\":\"5\",\"associatedVariants\":[]},\"has_discount\":false,\"discount_type\":null,\"discount_percentage\":null,\"discount_percentage_absolute\":null,\"discount_amount\":null,\"discount_amount_to_display\":null,\"price_amount\":10.74,\"unit_price_full\":\"\",\"show_availability\":false,\"availability_message\":null,\"availability_date\":null,\"availability\":null}\"><\/div>\n","protected":false},"excerpt":{"rendered":"<div id=\"description\" class=\"tab-pane fade in active\" role=\"tabpanel\">\n<div class=\"product-description\">\n<div class=\"flex-1 overflow-hidden\">\n<div class=\"h-full\">\n<div class=\"react-scroll-to-bottom--css-qwwli-79elbk h-full\">\n<div class=\"react-scroll-to-bottom--css-qwwli-1n7m0yu\">\n<div class=\"flex flex-col text-sm md:pb-9\">\n<article class=\"w-full scroll-mb-[var(--thread-trailing-height,150px)] text-token-text-primary focus-visible:outline-2 focus-visible:outline-offset-[-4px]\" dir=\"auto\" data-testid=\"conversation-turn-5\" data-scroll-anchor=\"true\">\n<div class=\"m-auto text-base py-[18px] px-3 md:px-4 w-full md:px-5 lg:px-4 xl:px-5\">\n<div class=\"mx-auto flex flex-1 gap-4 text-base md:gap-5 lg:gap-6 md:max-w-3xl\">\n<div class=\"group\/conversation-turn relative flex w-full min-w-0 flex-col agent-turn\">\n<div class=\"flex-col gap-1 md:gap-3\">\n<div class=\"flex max-w-full flex-col flex-grow\">\n<div class=\"min-h-8 text-message flex w-full flex-col items-end gap-2 whitespace-normal break-words text-start [.text-message+&amp;]:mt-5\" dir=\"auto\" data-message-author-role=\"assistant\" data-message-id=\"848c7bfb-35d9-46f4-8400-46f0ac060216\" data-message-model-slug=\"gpt-4o-mini\">\n<div class=\"flex w-full flex-col gap-1 empty:hidden first:pt-[3px]\">\n<div class=\"markdown prose w-full break-words dark:prose-invert light\">\n<p>Nuestro Vaso Ecoresponsable CPLA est\u00e1 fabricado con materiales 100% naturales de origen vegetal, como el ma\u00edz y la ca\u00f1a de az\u00facar, por lo que no contiene aceites, toxinas ni metales pesados. Apto para microondas y lavavajillas, es la elecci\u00f3n perfecta para las familias que quieren un vaso ecol\u00f3gico, no t\u00f3xico y pr\u00e1ctico. Sostenible y seguro para los m\u00e1s peque\u00f1os, es la opci\u00f3n m\u00e1s inteligente y ecol\u00f3gica para el uso diario.  <\/p>\n<\/div>\n<\/div>\n<\/div>\n<\/div>\n<\/div>\n<\/div>\n<\/div>\n<\/div>\n<\/article>\n<\/div>\n<\/div>\n<\/div>\n<\/div>\n<\/div>\n<\/div>\n<\/div>\n","protected":false},"featured_media":70479,"comment_status":"closed","ping_status":"closed","template":"","meta":{"_lmt_disableupdate":"","_lmt_disable":""},"product_brand":[],"product_cat":[462,558,557],"product_tag":[],"woo-feed-brand":[],"class_list":{"0":"post-43046","1":"product","2":"type-product","3":"status-publish","4":"has-post-thumbnail","6":"product_cat-comida-y-bebida","7":"product_cat-gama-cpla-es","8":"product_cat-hora-de-cenar","10":"first","11":"outofstock","12":"taxable","13":"shipping-taxable","14":"purchasable","15":"product-type-simple"},"_links":{"self":[{"href":"https:\/\/www.bojungle.eu\/es\/wp-json\/wp\/v2\/product\/43046","targetHints":{"allow":["GET"]}}],"collection":[{"href":"https:\/\/www.bojungle.eu\/es\/wp-json\/wp\/v2\/product"}],"about":[{"href":"https:\/\/www.bojungle.eu\/es\/wp-json\/wp\/v2\/types\/product"}],"replies":[{"embeddable":true,"href":"https:\/\/www.bojungle.eu\/es\/wp-json\/wp\/v2\/comments?post=43046"}],"version-history":[{"count":1,"href":"https:\/\/www.bojungle.eu\/es\/wp-json\/wp\/v2\/product\/43046\/revisions"}],"predecessor-version":[{"id":78607,"href":"https:\/\/www.bojungle.eu\/es\/wp-json\/wp\/v2\/product\/43046\/revisions\/78607"}],"wp:featuredmedia":[{"embeddable":true,"href":"https:\/\/www.bojungle.eu\/es\/wp-json\/wp\/v2\/media\/70479"}],"wp:attachment":[{"href":"https:\/\/www.bojungle.eu\/es\/wp-json\/wp\/v2\/media?parent=43046"}],"wp:term":[{"taxonomy":"product_brand","embeddable":true,"href":"https:\/\/www.bojungle.eu\/es\/wp-json\/wp\/v2\/product_brand?post=43046"},{"taxonomy":"product_cat","embeddable":true,"href":"https:\/\/www.bojungle.eu\/es\/wp-json\/wp\/v2\/product_cat?post=43046"},{"taxonomy":"product_tag","embeddable":true,"href":"https:\/\/www.bojungle.eu\/es\/wp-json\/wp\/v2\/product_tag?post=43046"},{"taxonomy":"woo-feed-brand","embeddable":true,"href":"https:\/\/www.bojungle.eu\/es\/wp-json\/wp\/v2\/woo-feed-brand?post=43046"}],"curies":[{"name":"wp","href":"https:\/\/api.w.org\/{rel}","templated":true}]}}