{"id":43080,"date":"2022-05-29T11:21:08","date_gmt":"2022-05-29T09:21:08","guid":{"rendered":"https:\/\/bojungle.eu\/shop\/product\/b-tubo-de-desague-para-oso-de-bano\/"},"modified":"2025-02-10T14:48:03","modified_gmt":"2025-02-10T13:48:03","slug":"b-tubo-drenante-para-oso-moribundo","status":"publish","type":"product","link":"https:\/\/www.bojungle.eu\/es\/producto\/b-tubo-drenante-para-oso-moribundo\/","title":{"rendered":"Tubo de drenaje"},"content":{"rendered":"<div id=\"description\" class=\"tab-pane fade in active\" role=\"tabpanel\">\n<div class=\"product-description\">\n<div class=\"flex-1 overflow-hidden @container\/thread translate-y-[1.5rem] -mt-[1.5rem] pb-[1.5rem]\">\n<div class=\"h-full\">\n<div class=\"react-scroll-to-bottom--css-qybng-79elbk h-full\">\n<div class=\"react-scroll-to-bottom--css-qybng-1n7m0yu\">\n<div class=\"flex flex-col text-sm md:pb-9\">\n<article class=\"w-full text-token-text-primary focus-visible:outline-2 focus-visible:outline-offset-[-4px]\" dir=\"auto\" data-testid=\"conversation-turn-3\" data-scroll-anchor=\"true\">\n<div class=\"m-auto text-base py-[18px] px-6\">\n<div class=\"mx-auto flex flex-1 gap-4 text-base md:gap-5 lg:gap-6 md:max-w-3xl\">\n<div class=\"group\/conversation-turn relative flex w-full min-w-0 flex-col agent-turn @xs\/thread:px-0 @sm\/thread:px-1.5 @md\/thread:px-4\">\n<div class=\"flex-col gap-1 md:gap-3\">\n<div class=\"flex max-w-full flex-col flex-grow\">\n<div class=\"min-h-8 text-message flex w-full flex-col items-end gap-2 whitespace-normal break-words text-start [.text-message+&amp;]:mt-5\" dir=\"auto\" data-message-author-role=\"assistant\" data-message-id=\"630864a0-8bd2-45e0-a4fb-e6553ac52155\" data-message-model-slug=\"gpt-4o-mini\">\n<div class=\"flex w-full flex-col gap-1 empty:hidden first:pt-[3px]\">\n<div class=\"markdown prose w-full break-words dark:prose-invert light\">\n<p>El tubo de drenaje para el osito de ba\u00f1o de Bo Jungle es un pr\u00e1ctico accesorio dise\u00f1ado para facilitar la limpieza a la hora del ba\u00f1o. Este tubo drena eficazmente el agua de su osito de ba\u00f1o, garantizando un secado r\u00e1pido e higi\u00e9nico. Con el tama\u00f1o perfecto para el sistema de ba\u00f1o Bo Jungle, ayuda a mantener la zona de ba\u00f1o limpia y seca con el m\u00ednimo esfuerzo. Ideal para padres ocupados, esta soluci\u00f3n sencilla pero eficaz a\u00f1ade practicidad a la rutina de ba\u00f1o de su beb\u00e9.   <\/p>\n<\/div>\n<\/div>\n<\/div>\n<\/div>\n<\/div>\n<\/div>\n<\/div>\n<\/div>\n<\/article>\n<\/div>\n<\/div>\n<\/div>\n<\/div>\n<\/div>\n<\/div>\n<\/div>\n","protected":false},"excerpt":{"rendered":"<div id=\"description\" class=\"tab-pane fade in active\" role=\"tabpanel\">\n<div class=\"product-description\">\n<p>El tubo de drenaje para el osito de ba\u00f1o de Bo Jungle es un pr\u00e1ctico accesorio dise\u00f1ado para facilitar la limpieza a la hora del ba\u00f1o. Este tubo drena eficazmente el agua de su osito de ba\u00f1o, garantizando un secado r\u00e1pido e higi\u00e9nico. Con el tama\u00f1o perfecto para el sistema de ba\u00f1o Bo Jungle, ayuda a mantener la zona de ba\u00f1o limpia y seca con el m\u00ednimo esfuerzo. Ideal para padres ocupados, esta soluci\u00f3n sencilla pero eficaz a\u00f1ade practicidad a la rutina de ba\u00f1o de su beb\u00e9.   <\/p>\n<\/div>\n<\/div>\n","protected":false},"featured_media":69396,"comment_status":"closed","ping_status":"closed","template":"","meta":{"_lmt_disableupdate":"","_lmt_disable":""},"product_brand":[],"product_cat":[592,518],"product_tag":[],"woo-feed-brand":[],"class_list":{"0":"post-43080","1":"product","2":"type-product","3":"status-publish","4":"has-post-thumbnail","6":"product_cat-bebe-en-la-banera","7":"product_cat-cuidado","9":"first","10":"instock","11":"taxable","12":"shipping-taxable","13":"purchasable","14":"product-type-simple"},"_links":{"self":[{"href":"https:\/\/www.bojungle.eu\/es\/wp-json\/wp\/v2\/product\/43080","targetHints":{"allow":["GET"]}}],"collection":[{"href":"https:\/\/www.bojungle.eu\/es\/wp-json\/wp\/v2\/product"}],"about":[{"href":"https:\/\/www.bojungle.eu\/es\/wp-json\/wp\/v2\/types\/product"}],"replies":[{"embeddable":true,"href":"https:\/\/www.bojungle.eu\/es\/wp-json\/wp\/v2\/comments?post=43080"}],"version-history":[{"count":1,"href":"https:\/\/www.bojungle.eu\/es\/wp-json\/wp\/v2\/product\/43080\/revisions"}],"predecessor-version":[{"id":79022,"href":"https:\/\/www.bojungle.eu\/es\/wp-json\/wp\/v2\/product\/43080\/revisions\/79022"}],"wp:featuredmedia":[{"embeddable":true,"href":"https:\/\/www.bojungle.eu\/es\/wp-json\/wp\/v2\/media\/69396"}],"wp:attachment":[{"href":"https:\/\/www.bojungle.eu\/es\/wp-json\/wp\/v2\/media?parent=43080"}],"wp:term":[{"taxonomy":"product_brand","embeddable":true,"href":"https:\/\/www.bojungle.eu\/es\/wp-json\/wp\/v2\/product_brand?post=43080"},{"taxonomy":"product_cat","embeddable":true,"href":"https:\/\/www.bojungle.eu\/es\/wp-json\/wp\/v2\/product_cat?post=43080"},{"taxonomy":"product_tag","embeddable":true,"href":"https:\/\/www.bojungle.eu\/es\/wp-json\/wp\/v2\/product_tag?post=43080"},{"taxonomy":"woo-feed-brand","embeddable":true,"href":"https:\/\/www.bojungle.eu\/es\/wp-json\/wp\/v2\/woo-feed-brand?post=43080"}],"curies":[{"name":"wp","href":"https:\/\/api.w.org\/{rel}","templated":true}]}}