{"id":43177,"date":"2022-05-29T11:15:09","date_gmt":"2022-05-29T09:15:09","guid":{"rendered":"https:\/\/bojungle.eu\/shop\/product\/b-cosy-blanco\/"},"modified":"2024-06-11T10:52:24","modified_gmt":"2024-06-11T08:52:24","slug":"b-cosy-blanco","status":"publish","type":"product","link":"https:\/\/www.bojungle.eu\/es\/producto\/b-cosy-blanco\/","title":{"rendered":"B-Cosy Blanco"},"content":{"rendered":"<p>Presentamos el coj\u00edn ergon\u00f3mico B-Cosy White, la soluci\u00f3n definitiva para garantizar que la cabeza de tu beb\u00e9 permanezca perfectamente redonda y bien apoyada desde el primer d\u00eda. Dise\u00f1ado pensando en la comodidad y la salud de su hijo, este vers\u00e1til coj\u00edn es perfecto para su uso en cochecitos, sillas de coche, columpios, hamacas, cunas y camas infantiles.<\/p>\n<p><strong>Caracter\u00edsticas principales:<\/strong><\/p>\n<ul>\n<li><strong>Dise\u00f1o ergon\u00f3mico: <\/strong> Con una forma experta para acunar la cabeza de tu beb\u00e9 y distribuir la presi\u00f3n uniformemente, previniendo el s\u00edndrome de cabeza plana<\/li>\n<li><strong>Se utiliza desde el nacimiento: <\/strong> Adecuado para reci\u00e9n nacidos, proporciona un apoyo esencial durante esos primeros meses cruciales.Previene el s\u00edndrome de cabeza plana.<\/li>\n<li><strong>Materiales suaves y transpirables:<\/strong> Fabricado con tejidos transpirables de alta calidad que mantienen a tu beb\u00e9 fresco y c\u00f3modo, sin importar la estaci\u00f3n del a\u00f1o.<\/li>\n<li><strong>Uso vers\u00e1til:<\/strong> se adapta perfectamente a cochecitos, sillas de coche, columpios, hamacas, cunas y camas de beb\u00e9, lo que la convierte en una opci\u00f3n pr\u00e1ctica para padres ocupados.<\/li>\n<li><strong>F\u00e1cil de limpiar:<\/strong> Los materiales del coj\u00edn no solo son suaves con la piel de tu beb\u00e9, sino que tambi\u00e9n son f\u00e1ciles de lavar, lo que garantiza que se mantenga fresco e higi\u00e9nico.<\/li>\n<\/ul>\n<p>D\u00e9 a su beb\u00e9 el mejor comienzo con el coj\u00edn ergon\u00f3mico B-Cosy White, donde la comodidad se une a la practicidad. Un art\u00edculo imprescindible para todo padre dedicado al bienestar y la felicidad de su beb\u00e9.<\/p>\n","protected":false},"excerpt":{"rendered":"<div class=\"flex flex-grow flex-col max-w-full\">\n<div class=\"min-h-[20px] text-message flex flex-col items-start whitespace-pre-wrap break-words [.text-message+&amp;]:mt-5 juice:w-full juice:items-end overflow-x-auto gap-2\" dir=\"auto\" data-message-author-role=\"assistant\" data-message-id=\"cf4d27f0-e94a-46af-ad1f-544928a89c38\">\n<div class=\"flex w-full flex-col gap-1 juice:empty:hidden juice:first:pt-[3px]\">\n<div class=\"markdown prose w-full break-words dark:prose-invert light\">\n<p>Aseg\u00farate de que la cabeza de tu beb\u00e9 se mantiene perfectamente redonda con el coj\u00edn ergon\u00f3mico B-Cosy White. Adecuado desde el nacimiento, este coj\u00edn proporciona un apoyo esencial gracias a su dise\u00f1o ergon\u00f3mico. Fabricado con materiales suaves y transpirables, mantiene al beb\u00e9 c\u00f3modo en cochecitos, sillas de coche, columpios, hamacas, cunas y camas infantiles. F\u00e1cil de limpiar y perfecta para los padres que se desplazan, es imprescindible para el bienestar de su beb\u00e9.<\/p>\n<\/div>\n<\/div>\n<\/div>\n<\/div>\n","protected":false},"featured_media":75792,"comment_status":"closed","ping_status":"closed","template":"","meta":{"_lmt_disableupdate":"","_lmt_disable":""},"product_brand":[],"product_cat":[797,531,637],"product_tag":[],"woo-feed-brand":[],"class_list":{"0":"post-43177","1":"product","2":"type-product","3":"status-publish","4":"has-post-thumbnail","6":"product_cat-almohadas","7":"product_cat-dormir-es","8":"product_cat-en-el-exterior","10":"first","11":"outofstock","12":"taxable","13":"shipping-taxable","14":"purchasable","15":"product-type-simple"},"_links":{"self":[{"href":"https:\/\/www.bojungle.eu\/es\/wp-json\/wp\/v2\/product\/43177","targetHints":{"allow":["GET"]}}],"collection":[{"href":"https:\/\/www.bojungle.eu\/es\/wp-json\/wp\/v2\/product"}],"about":[{"href":"https:\/\/www.bojungle.eu\/es\/wp-json\/wp\/v2\/types\/product"}],"replies":[{"embeddable":true,"href":"https:\/\/www.bojungle.eu\/es\/wp-json\/wp\/v2\/comments?post=43177"}],"version-history":[{"count":1,"href":"https:\/\/www.bojungle.eu\/es\/wp-json\/wp\/v2\/product\/43177\/revisions"}],"predecessor-version":[{"id":75814,"href":"https:\/\/www.bojungle.eu\/es\/wp-json\/wp\/v2\/product\/43177\/revisions\/75814"}],"wp:featuredmedia":[{"embeddable":true,"href":"https:\/\/www.bojungle.eu\/es\/wp-json\/wp\/v2\/media\/75792"}],"wp:attachment":[{"href":"https:\/\/www.bojungle.eu\/es\/wp-json\/wp\/v2\/media?parent=43177"}],"wp:term":[{"taxonomy":"product_brand","embeddable":true,"href":"https:\/\/www.bojungle.eu\/es\/wp-json\/wp\/v2\/product_brand?post=43177"},{"taxonomy":"product_cat","embeddable":true,"href":"https:\/\/www.bojungle.eu\/es\/wp-json\/wp\/v2\/product_cat?post=43177"},{"taxonomy":"product_tag","embeddable":true,"href":"https:\/\/www.bojungle.eu\/es\/wp-json\/wp\/v2\/product_tag?post=43177"},{"taxonomy":"woo-feed-brand","embeddable":true,"href":"https:\/\/www.bojungle.eu\/es\/wp-json\/wp\/v2\/woo-feed-brand?post=43177"}],"curies":[{"name":"wp","href":"https:\/\/api.w.org\/{rel}","templated":true}]}}