{"id":43181,"date":"2022-05-29T11:14:19","date_gmt":"2022-05-29T09:14:19","guid":{"rendered":"https:\/\/bojungle.eu\/shop\/product\/b-cosy-jersey-gris\/"},"modified":"2024-08-22T11:20:56","modified_gmt":"2024-08-22T09:20:56","slug":"b-cosy-grey-jersey","status":"publish","type":"product","link":"https:\/\/www.bojungle.eu\/es\/producto\/b-cosy-grey-jersey\/","title":{"rendered":"B-Cosy Jersey Grey"},"content":{"rendered":"<p>Presentamos el coj\u00edn ergon\u00f3mico gris B-Cosy Jersey, la soluci\u00f3n definitiva para garantizar que la cabeza de su beb\u00e9 permanezca bellamente redonda y bien sujeta desde el primer d\u00eda. Dise\u00f1ado pensando en la comodidad y la salud de su hijo, este vers\u00e1til coj\u00edn es perfecto para su uso en cochecitos, sillas de coche, columpios, hamacas, cunas y camas infantiles. <strong>Caracter\u00edsticas principales:<\/strong><\/p>\n<ul>\n<li><strong>Dise\u00f1o ergon\u00f3mico: <\/strong> Con una forma experta para acunar la cabeza de tu beb\u00e9 y distribuir la presi\u00f3n uniformemente, previniendo el s\u00edndrome de cabeza plana.<\/li>\n<li><strong>Se utiliza desde el nacimiento: <\/strong> Adecuado para reci\u00e9n nacidos, proporciona un apoyo esencial durante esos primeros meses cruciales.Previene el s\u00edndrome de cabeza plana.<\/li>\n<li><strong>Materiales suaves y transpirables:<\/strong> Fabricado con tejidos transpirables de alta calidad que mantienen a tu beb\u00e9 fresco y c\u00f3modo, sin importar la estaci\u00f3n del a\u00f1o.<\/li>\n<li><strong>Uso vers\u00e1til:<\/strong> se adapta perfectamente a cochecitos, sillas de coche, columpios, hamacas, cunas y camas de beb\u00e9, lo que la convierte en una opci\u00f3n pr\u00e1ctica para padres ocupados.<\/li>\n<li><strong>F\u00e1cil de limpiar: <\/strong> Los materiales del coj\u00edn no solo son suaves con la piel de tu beb\u00e9, sino que tambi\u00e9n son f\u00e1ciles de lavar, lo que garantiza que se mantenga fresco e higi\u00e9nico.<\/li>\n<\/ul>\n<p> Dale a tu beb\u00e9 el mejor comienzo con el coj\u00edn ergon\u00f3mico gris Jersey B-Cosy, donde la comodidad se une a la practicidad. Un art\u00edculo imprescindible para todo padre dedicado al bienestar y la felicidad de su beb\u00e9.<\/p>\n","protected":false},"excerpt":{"rendered":"<p>Aseg\u00farese de que la cabeza de su beb\u00e9 se mantenga bellamente redonda con el coj\u00edn ergon\u00f3mico gris Jersey de B-Cosy. Adecuado desde el nacimiento, este coj\u00edn proporciona un apoyo esencial gracias a su dise\u00f1o ergon\u00f3mico. Fabricado con materiales suaves y transpirables, mantiene al beb\u00e9 c\u00f3modo en cochecitos, sillas de coche, columpios, hamacas, cunas y camas infantiles. F\u00e1cil de limpiar y perfecta para los padres que se desplazan, es imprescindible para el bienestar de su beb\u00e9.<\/p>\n","protected":false},"featured_media":76108,"comment_status":"closed","ping_status":"closed","template":"","meta":{"_lmt_disableupdate":"","_lmt_disable":""},"product_brand":[],"product_cat":[797,531,637],"product_tag":[],"woo-feed-brand":[],"class_list":{"0":"post-43181","1":"product","2":"type-product","3":"status-publish","4":"has-post-thumbnail","6":"product_cat-almohadas","7":"product_cat-dormir-es","8":"product_cat-en-el-exterior","10":"first","11":"outofstock","12":"taxable","13":"shipping-taxable","14":"purchasable","15":"product-type-simple"},"_links":{"self":[{"href":"https:\/\/www.bojungle.eu\/es\/wp-json\/wp\/v2\/product\/43181","targetHints":{"allow":["GET"]}}],"collection":[{"href":"https:\/\/www.bojungle.eu\/es\/wp-json\/wp\/v2\/product"}],"about":[{"href":"https:\/\/www.bojungle.eu\/es\/wp-json\/wp\/v2\/types\/product"}],"replies":[{"embeddable":true,"href":"https:\/\/www.bojungle.eu\/es\/wp-json\/wp\/v2\/comments?post=43181"}],"version-history":[{"count":1,"href":"https:\/\/www.bojungle.eu\/es\/wp-json\/wp\/v2\/product\/43181\/revisions"}],"predecessor-version":[{"id":76137,"href":"https:\/\/www.bojungle.eu\/es\/wp-json\/wp\/v2\/product\/43181\/revisions\/76137"}],"wp:featuredmedia":[{"embeddable":true,"href":"https:\/\/www.bojungle.eu\/es\/wp-json\/wp\/v2\/media\/76108"}],"wp:attachment":[{"href":"https:\/\/www.bojungle.eu\/es\/wp-json\/wp\/v2\/media?parent=43181"}],"wp:term":[{"taxonomy":"product_brand","embeddable":true,"href":"https:\/\/www.bojungle.eu\/es\/wp-json\/wp\/v2\/product_brand?post=43181"},{"taxonomy":"product_cat","embeddable":true,"href":"https:\/\/www.bojungle.eu\/es\/wp-json\/wp\/v2\/product_cat?post=43181"},{"taxonomy":"product_tag","embeddable":true,"href":"https:\/\/www.bojungle.eu\/es\/wp-json\/wp\/v2\/product_tag?post=43181"},{"taxonomy":"woo-feed-brand","embeddable":true,"href":"https:\/\/www.bojungle.eu\/es\/wp-json\/wp\/v2\/woo-feed-brand?post=43181"}],"curies":[{"name":"wp","href":"https:\/\/api.w.org\/{rel}","templated":true}]}}