{"id":43260,"date":"2022-05-29T11:13:27","date_gmt":"2022-05-29T09:13:27","guid":{"rendered":"https:\/\/bojungle.eu\/shop\/product\/volante-de-coche-b\/"},"modified":"2025-02-12T16:55:45","modified_gmt":"2025-02-12T15:55:45","slug":"b-volante-de-direccion","status":"publish","type":"product","link":"https:\/\/www.bojungle.eu\/es\/producto\/b-volante-de-direccion\/","title":{"rendered":"Car Steering Wheel"},"content":{"rendered":"<p data-start=\"0\" data-end=\"201\">Presentamos el volante de coche: \u00a1la experiencia de conducci\u00f3n interactiva definitiva para los ni\u00f1os! Este divertido y atractivo volante est\u00e1 repleto de funciones para mantener a los m\u00e1s peque\u00f1os entretenidos en cualquier lugar. <\/p>\n<p data-start=\"203\" data-end=\"220\"><strong data-start=\"203\" data-end=\"220\">Caracter\u00edsticas principales:<\/strong><\/p>\n<ul data-start=\"222\" data-end=\"909\">\n<li data-start=\"222\" data-end=\"391\">\n<p data-start=\"224\" data-end=\"391\"><strong data-start=\"224\" data-end=\"273\">Volante con efectos de sonido integrados: <\/strong>Gire el volante y disfrute de sonidos realistas del motor, bocinas del coche y divertidos ruidos de conducci\u00f3n que dan vida a la aventura.<\/p>\n<\/li>\n<li data-start=\"395\" data-end=\"543\">\n<p data-start=\"397\" data-end=\"543\"><strong data-start=\"397\" data-end=\"437\">Claxon con m\u00fasica y efectos de luz: <\/strong>Pulsa el claxon y observa c\u00f3mo se ilumina con vibrantes colores, reproduciendo una pegadiza melod\u00eda para mayor emoci\u00f3n.<\/p>\n<\/li>\n<li data-start=\"547\" data-end=\"728\">\n<p data-start=\"549\" data-end=\"728\"><strong data-start=\"549\" data-end=\"595\">Rueda dentada giratoria 360\u00b0 con efectos de sonido: <\/strong>La rueda dentada giratoria permite que los ni\u00f1os se sientan realmente al volante, con emocionantes efectos de sonido al girar.<\/p>\n<\/li>\n<li data-start=\"730\" data-end=\"909\">\n<p data-start=\"732\" data-end=\"909\"><strong data-start=\"732\" data-end=\"751\">Pinzas para colgar:<\/strong> Se fija f\u00e1cilmente al reposacabezas del coche o a un corralito, garantizando un ajuste seguro mientras su hijo disfruta de una diversi\u00f3n sin fin, ya sea en un viaje en coche o durante el recreo.<\/p>\n<\/li>\n<\/ul>\n<p data-start=\"911\" data-end=\"1113\" data-is-last-node=\"\">Perfecto para los peque\u00f1os conductores a los que les encanta imitar a los mayores, el volante B-Car es imprescindible para la silla de coche o el parque de su hijo. Convierta cada viaje en una aventura con sonido, m\u00fasica y luces. <\/p>\n","protected":false},"excerpt":{"rendered":"<p>El volante de coche es un juguete interactivo dise\u00f1ado para la diversi\u00f3n y el entretenimiento. Con efectos de sonido integrados, un claxon con m\u00fasica y luces, una rueda dentada que gira 360\u00b0 y abrazaderas para colgarlo f\u00e1cilmente del reposacabezas del coche o del parque, lleva la emoci\u00f3n de conducir a la vida de su hijo.  <\/p>\n<p>&nbsp;<\/p>\n","protected":false},"featured_media":71449,"comment_status":"closed","ping_status":"closed","template":"","meta":{"_lmt_disableupdate":"","_lmt_disable":""},"product_brand":[],"product_cat":[621,503,622,476],"product_tag":[],"woo-feed-brand":[],"class_list":{"0":"post-43260","1":"product","2":"type-product","3":"status-publish","4":"has-post-thumbnail","6":"product_cat-juguetes-de-actividades","7":"product_cat-juguetes-de-colores","8":"product_cat-juguetes-musicales","9":"product_cat-tiempo-de-juego","11":"first","12":"instock","13":"taxable","14":"shipping-taxable","15":"purchasable","16":"product-type-simple"},"_links":{"self":[{"href":"https:\/\/www.bojungle.eu\/es\/wp-json\/wp\/v2\/product\/43260","targetHints":{"allow":["GET"]}}],"collection":[{"href":"https:\/\/www.bojungle.eu\/es\/wp-json\/wp\/v2\/product"}],"about":[{"href":"https:\/\/www.bojungle.eu\/es\/wp-json\/wp\/v2\/types\/product"}],"replies":[{"embeddable":true,"href":"https:\/\/www.bojungle.eu\/es\/wp-json\/wp\/v2\/comments?post=43260"}],"version-history":[{"count":1,"href":"https:\/\/www.bojungle.eu\/es\/wp-json\/wp\/v2\/product\/43260\/revisions"}],"predecessor-version":[{"id":79074,"href":"https:\/\/www.bojungle.eu\/es\/wp-json\/wp\/v2\/product\/43260\/revisions\/79074"}],"wp:featuredmedia":[{"embeddable":true,"href":"https:\/\/www.bojungle.eu\/es\/wp-json\/wp\/v2\/media\/71449"}],"wp:attachment":[{"href":"https:\/\/www.bojungle.eu\/es\/wp-json\/wp\/v2\/media?parent=43260"}],"wp:term":[{"taxonomy":"product_brand","embeddable":true,"href":"https:\/\/www.bojungle.eu\/es\/wp-json\/wp\/v2\/product_brand?post=43260"},{"taxonomy":"product_cat","embeddable":true,"href":"https:\/\/www.bojungle.eu\/es\/wp-json\/wp\/v2\/product_cat?post=43260"},{"taxonomy":"product_tag","embeddable":true,"href":"https:\/\/www.bojungle.eu\/es\/wp-json\/wp\/v2\/product_tag?post=43260"},{"taxonomy":"woo-feed-brand","embeddable":true,"href":"https:\/\/www.bojungle.eu\/es\/wp-json\/wp\/v2\/woo-feed-brand?post=43260"}],"curies":[{"name":"wp","href":"https:\/\/api.w.org\/{rel}","templated":true}]}}