{"id":43371,"date":"2022-05-29T11:06:38","date_gmt":"2022-05-29T09:06:38","guid":{"rendered":"https:\/\/bojungle.eu\/shop\/product\/b-bottle-warmer-superfast-digital-coche-y-hogar-gris\/"},"modified":"2025-06-05T11:14:30","modified_gmt":"2025-06-05T09:14:30","slug":"b-botella-calentador-flor-gris","status":"publish","type":"product","link":"https:\/\/www.bojungle.eu\/es\/producto\/b-botella-calentador-flor-gris\/","title":{"rendered":"B-Flor Calienta Biberones"},"content":{"rendered":"<p>El calentador de biberones Flower es un calentador de biberones de vapor f\u00e1cil de usar y se puede usar para calentar los biberones y los frascos de comida de su beb\u00e9.<\/p>\n<ul>\n<li>Solo se necesitan 3 minutos y 30 segundos para calentar una botella de 240 ml.<\/li>\n<li>La alarma visual y audible indica cuando la botella est\u00e1 caliente<\/li>\n<li> Se detiene autom\u00e1ticamente<\/li>\n<li>Accesorios incluidos: anillo de adaptaci\u00f3n para botellas m\u00e1s peque\u00f1as, soporte para jarra o botella, vaso medidor y pinzas.<\/li>\n<\/ul>\n<p>&nbsp;<\/p>\n<table border=\"1\">\n<tbody>\n<tr>\n<td>Manual<\/td>\n<td><a href=\"https:\/\/www.bojungle.eu\/wp-content\/uploads\/2025\/06\/B500000-B-Bottle-Warmer-Flower-Grey-Manual.pdf\">Haga clic aqu\u00ed<\/a><\/td>\n<\/tr>\n<\/tbody>\n<\/table>\n","protected":false},"excerpt":{"rendered":"<p>Descubre el calentador de biberones Flower, tu soluci\u00f3n definitiva para calentar sin esfuerzo los biberones y tarros de comida de tu beb\u00e9. Este calentador de botellas de vapor f\u00e1cil de usar garantiza un calentamiento r\u00e1pido y eficiente, tomando solo 3 minutos y 30 segundos para una botella de 240 ml. Equipado con alarmas visuales y sonoras, se le notificar\u00e1 cuando su botella alcance la temperatura perfecta. Adem\u00e1s, su funci\u00f3n de apagado autom\u00e1tico proporciona mayor seguridad y tranquilidad. Completo con accesorios esenciales como un anillo de adaptaci\u00f3n para biberones m\u00e1s peque\u00f1os, un soporte para frascos o biberones, una taza medidora y pinzas, el calentador de biberones Flower ofrece comodidad en la rutina de cuidado de su beb\u00e9. Mantenga las comidas de su peque\u00f1o calientes y listas con facilidad con el calentador de biberones Flower.<\/p>\n<p>&nbsp;<\/p>\n","protected":false},"featured_media":65231,"comment_status":"closed","ping_status":"closed","template":"","meta":{"_lmt_disableupdate":"","_lmt_disable":""},"product_brand":[],"product_cat":[462,466],"product_tag":[],"woo-feed-brand":[],"class_list":{"0":"post-43371","1":"product","2":"type-product","3":"status-publish","4":"has-post-thumbnail","6":"product_cat-comida-y-bebida","7":"product_cat-preparacion-de-comidas","9":"first","10":"instock","11":"taxable","12":"shipping-taxable","13":"purchasable","14":"product-type-simple"},"_links":{"self":[{"href":"https:\/\/www.bojungle.eu\/es\/wp-json\/wp\/v2\/product\/43371","targetHints":{"allow":["GET"]}}],"collection":[{"href":"https:\/\/www.bojungle.eu\/es\/wp-json\/wp\/v2\/product"}],"about":[{"href":"https:\/\/www.bojungle.eu\/es\/wp-json\/wp\/v2\/types\/product"}],"replies":[{"embeddable":true,"href":"https:\/\/www.bojungle.eu\/es\/wp-json\/wp\/v2\/comments?post=43371"}],"version-history":[{"count":2,"href":"https:\/\/www.bojungle.eu\/es\/wp-json\/wp\/v2\/product\/43371\/revisions"}],"predecessor-version":[{"id":80061,"href":"https:\/\/www.bojungle.eu\/es\/wp-json\/wp\/v2\/product\/43371\/revisions\/80061"}],"wp:featuredmedia":[{"embeddable":true,"href":"https:\/\/www.bojungle.eu\/es\/wp-json\/wp\/v2\/media\/65231"}],"wp:attachment":[{"href":"https:\/\/www.bojungle.eu\/es\/wp-json\/wp\/v2\/media?parent=43371"}],"wp:term":[{"taxonomy":"product_brand","embeddable":true,"href":"https:\/\/www.bojungle.eu\/es\/wp-json\/wp\/v2\/product_brand?post=43371"},{"taxonomy":"product_cat","embeddable":true,"href":"https:\/\/www.bojungle.eu\/es\/wp-json\/wp\/v2\/product_cat?post=43371"},{"taxonomy":"product_tag","embeddable":true,"href":"https:\/\/www.bojungle.eu\/es\/wp-json\/wp\/v2\/product_tag?post=43371"},{"taxonomy":"woo-feed-brand","embeddable":true,"href":"https:\/\/www.bojungle.eu\/es\/wp-json\/wp\/v2\/woo-feed-brand?post=43371"}],"curies":[{"name":"wp","href":"https:\/\/api.w.org\/{rel}","templated":true}]}}