{"id":43456,"date":"2022-05-29T11:06:15","date_gmt":"2022-05-29T09:06:15","guid":{"rendered":"https:\/\/bojungle.eu\/shop\/product\/b-bottle-warmer-superfast-digital-coche-y-hogar-gris\/"},"modified":"2024-01-11T16:07:33","modified_gmt":"2024-01-11T15:07:33","slug":"b-bottle-warmer-superfast-digital-car-and-home-grey","status":"publish","type":"product","link":"https:\/\/www.bojungle.eu\/es\/producto\/b-bottle-warmer-superfast-digital-car-and-home-grey\/","title":{"rendered":"B-Bottle Warmer Superfast Digital Coche y Hogar (Gris)"},"content":{"rendered":"<ul>\n<li>El calienta biberones m\u00e1s grande y r\u00e1pido del mercado<\/li>\n<li>Incluye un adaptador para poder cargarlo en el coche<\/li>\n<li>\u00b1 1 min 30 para calentar un biber\u00f3n de 240 ml<\/li>\n<li>\u00b1 2 min para calentar un potito<\/li>\n<li>Di\u00e1metro interior de 8,5 cm<\/li>\n<li>Tiempo de calentamiento configurable con un intervalo de 10 segundos<\/li>\n<li>Indica el tiempo de calentamiento restante<\/li>\n<li>Anillo adaptador para botellas peque\u00f1as<\/li>\n<li>Se detiene autom\u00e1ticamente, alerta visual y sonora<\/li>\n<li>Vaso medidor para el agua<\/li>\n<li>220 V &#8211; 500 vatios<\/li>\n<\/ul>\n","protected":false},"excerpt":{"rendered":"<p>Este calientabiberones a vapor f\u00e1cil de usar puede utilizarse para calentar los biberones y los tarritos de comida de su beb\u00e9. Gracias al adaptador incluido, tambi\u00e9n es posible utilizarlo en el coche.<\/p>\n","protected":false},"featured_media":72545,"comment_status":"closed","ping_status":"closed","template":"","meta":{"_lmt_disableupdate":"","_lmt_disable":""},"product_brand":[],"product_cat":[462,466],"product_tag":[],"woo-feed-brand":[],"class_list":{"0":"post-43456","1":"product","2":"type-product","3":"status-publish","4":"has-post-thumbnail","6":"product_cat-comida-y-bebida","7":"product_cat-preparacion-de-comidas","9":"first","10":"outofstock","11":"taxable","12":"shipping-taxable","13":"purchasable","14":"product-type-simple"},"_links":{"self":[{"href":"https:\/\/www.bojungle.eu\/es\/wp-json\/wp\/v2\/product\/43456","targetHints":{"allow":["GET"]}}],"collection":[{"href":"https:\/\/www.bojungle.eu\/es\/wp-json\/wp\/v2\/product"}],"about":[{"href":"https:\/\/www.bojungle.eu\/es\/wp-json\/wp\/v2\/types\/product"}],"replies":[{"embeddable":true,"href":"https:\/\/www.bojungle.eu\/es\/wp-json\/wp\/v2\/comments?post=43456"}],"version-history":[{"count":1,"href":"https:\/\/www.bojungle.eu\/es\/wp-json\/wp\/v2\/product\/43456\/revisions"}],"predecessor-version":[{"id":64240,"href":"https:\/\/www.bojungle.eu\/es\/wp-json\/wp\/v2\/product\/43456\/revisions\/64240"}],"wp:featuredmedia":[{"embeddable":true,"href":"https:\/\/www.bojungle.eu\/es\/wp-json\/wp\/v2\/media\/72545"}],"wp:attachment":[{"href":"https:\/\/www.bojungle.eu\/es\/wp-json\/wp\/v2\/media?parent=43456"}],"wp:term":[{"taxonomy":"product_brand","embeddable":true,"href":"https:\/\/www.bojungle.eu\/es\/wp-json\/wp\/v2\/product_brand?post=43456"},{"taxonomy":"product_cat","embeddable":true,"href":"https:\/\/www.bojungle.eu\/es\/wp-json\/wp\/v2\/product_cat?post=43456"},{"taxonomy":"product_tag","embeddable":true,"href":"https:\/\/www.bojungle.eu\/es\/wp-json\/wp\/v2\/product_tag?post=43456"},{"taxonomy":"woo-feed-brand","embeddable":true,"href":"https:\/\/www.bojungle.eu\/es\/wp-json\/wp\/v2\/woo-feed-brand?post=43456"}],"curies":[{"name":"wp","href":"https:\/\/api.w.org\/{rel}","templated":true}]}}