{"id":43470,"date":"2022-05-29T10:49:32","date_gmt":"2022-05-29T08:49:32","guid":{"rendered":"https:\/\/bojungle.eu\/shop\/product\/b-bib-esponja-ecologica-conejo-gris\/"},"modified":"2022-05-29T10:49:32","modified_gmt":"2022-05-29T10:49:32","slug":"b-bib-esponja-ecologica-conejo-gris","status":"publish","type":"product","link":"https:\/\/www.bojungle.eu\/es\/producto\/b-bib-esponja-ecologica-conejo-gris\/","title":{"rendered":"B-Bib Esponja Ecol\u00f3gica Conejo Gris"},"content":{"rendered":"<ul>\n<li>\u00a1Se acabaron las manchas en la ropa! Nuestros baberos de rizo con cierre a presi\u00f3n est\u00e1n hechos de algod\u00f3n 100% org\u00e1nico. \u00a1Son suaves, absorben bien y son mon\u00edsimos! Para todos los gustos.<\/li>\n<li>Dimensiones : 26,5 x 49,5 cm<\/li>\n<li>Algod\u00f3n : 100% Biotcotton 450 GSM<\/li>\n<\/ul>\n","protected":false},"excerpt":{"rendered":"<p>\u00a1Se acabaron las manchas en la ropa! Nuestros baberos de rizo con cierre a presi\u00f3n est\u00e1n hechos de algod\u00f3n 100% org\u00e1nico. \u00a1Son suaves, absorben bien y son mon\u00edsimos! Para todos los gustos.<\/p>\n","protected":false},"featured_media":72786,"comment_status":"closed","ping_status":"closed","template":"","meta":{"_lmt_disableupdate":"","_lmt_disable":""},"product_brand":[],"product_cat":[462,557],"product_tag":[],"woo-feed-brand":[],"class_list":{"0":"post-43470","1":"product","2":"type-product","3":"status-publish","4":"has-post-thumbnail","6":"product_cat-comida-y-bebida","7":"product_cat-hora-de-cenar","9":"first","10":"instock","11":"taxable","12":"shipping-taxable","13":"purchasable","14":"product-type-simple"},"_links":{"self":[{"href":"https:\/\/www.bojungle.eu\/es\/wp-json\/wp\/v2\/product\/43470","targetHints":{"allow":["GET"]}}],"collection":[{"href":"https:\/\/www.bojungle.eu\/es\/wp-json\/wp\/v2\/product"}],"about":[{"href":"https:\/\/www.bojungle.eu\/es\/wp-json\/wp\/v2\/types\/product"}],"replies":[{"embeddable":true,"href":"https:\/\/www.bojungle.eu\/es\/wp-json\/wp\/v2\/comments?post=43470"}],"version-history":[{"count":0,"href":"https:\/\/www.bojungle.eu\/es\/wp-json\/wp\/v2\/product\/43470\/revisions"}],"wp:featuredmedia":[{"embeddable":true,"href":"https:\/\/www.bojungle.eu\/es\/wp-json\/wp\/v2\/media\/72786"}],"wp:attachment":[{"href":"https:\/\/www.bojungle.eu\/es\/wp-json\/wp\/v2\/media?parent=43470"}],"wp:term":[{"taxonomy":"product_brand","embeddable":true,"href":"https:\/\/www.bojungle.eu\/es\/wp-json\/wp\/v2\/product_brand?post=43470"},{"taxonomy":"product_cat","embeddable":true,"href":"https:\/\/www.bojungle.eu\/es\/wp-json\/wp\/v2\/product_cat?post=43470"},{"taxonomy":"product_tag","embeddable":true,"href":"https:\/\/www.bojungle.eu\/es\/wp-json\/wp\/v2\/product_tag?post=43470"},{"taxonomy":"woo-feed-brand","embeddable":true,"href":"https:\/\/www.bojungle.eu\/es\/wp-json\/wp\/v2\/woo-feed-brand?post=43470"}],"curies":[{"name":"wp","href":"https:\/\/api.w.org\/{rel}","templated":true}]}}