{"id":43532,"date":"2022-05-29T10:44:47","date_gmt":"2022-05-29T08:44:47","guid":{"rendered":"https:\/\/bojungle.eu\/shop\/product\/b-cuchara-y-tenedor-plegables-turquesa\/"},"modified":"2023-04-28T13:34:28","modified_gmt":"2023-04-28T13:34:28","slug":"b-bendable-spoon-and-fork-blue","status":"publish","type":"product","link":"https:\/\/www.bojungle.eu\/es\/producto\/b-bendable-spoon-and-fork-blue\/","title":{"rendered":"B- Cuchara y tenedor plegables Azul"},"content":{"rendered":"<ul>\n<li>Los cubiertos perfectos para los ni\u00f1os que aprenden a comer solos<\/li>\n<li>El tenedor y la cuchara se pueden doblar en la posici\u00f3n deseada.<\/li>\n<li>direcci\u00f3n para que le resulte m\u00e1s f\u00e1cil a tu hijo peque\u00f1o comer solo<\/li>\n<li>El tenedor tiene las puntas redondeadas para que los ni\u00f1os peque\u00f1os no puedan hacerse da\u00f1o comiendo<\/li>\n<li>Apto para lavavajillas<\/li>\n<\/ul>\n","protected":false},"excerpt":{"rendered":"<p>Los cubiertos perfectos para los ni\u00f1os que aprenden a comer solos<\/p>\n","protected":false},"featured_media":74786,"comment_status":"closed","ping_status":"closed","template":"","meta":{"_lmt_disableupdate":"","_lmt_disable":""},"product_brand":[],"product_cat":[462,557],"product_tag":[],"woo-feed-brand":[],"class_list":{"0":"post-43532","1":"product","2":"type-product","3":"status-publish","4":"has-post-thumbnail","6":"product_cat-comida-y-bebida","7":"product_cat-hora-de-cenar","9":"first","10":"instock","11":"taxable","12":"shipping-taxable","13":"purchasable","14":"product-type-simple"},"_links":{"self":[{"href":"https:\/\/www.bojungle.eu\/es\/wp-json\/wp\/v2\/product\/43532","targetHints":{"allow":["GET"]}}],"collection":[{"href":"https:\/\/www.bojungle.eu\/es\/wp-json\/wp\/v2\/product"}],"about":[{"href":"https:\/\/www.bojungle.eu\/es\/wp-json\/wp\/v2\/types\/product"}],"replies":[{"embeddable":true,"href":"https:\/\/www.bojungle.eu\/es\/wp-json\/wp\/v2\/comments?post=43532"}],"version-history":[{"count":0,"href":"https:\/\/www.bojungle.eu\/es\/wp-json\/wp\/v2\/product\/43532\/revisions"}],"wp:featuredmedia":[{"embeddable":true,"href":"https:\/\/www.bojungle.eu\/es\/wp-json\/wp\/v2\/media\/74786"}],"wp:attachment":[{"href":"https:\/\/www.bojungle.eu\/es\/wp-json\/wp\/v2\/media?parent=43532"}],"wp:term":[{"taxonomy":"product_brand","embeddable":true,"href":"https:\/\/www.bojungle.eu\/es\/wp-json\/wp\/v2\/product_brand?post=43532"},{"taxonomy":"product_cat","embeddable":true,"href":"https:\/\/www.bojungle.eu\/es\/wp-json\/wp\/v2\/product_cat?post=43532"},{"taxonomy":"product_tag","embeddable":true,"href":"https:\/\/www.bojungle.eu\/es\/wp-json\/wp\/v2\/product_tag?post=43532"},{"taxonomy":"woo-feed-brand","embeddable":true,"href":"https:\/\/www.bojungle.eu\/es\/wp-json\/wp\/v2\/woo-feed-brand?post=43532"}],"curies":[{"name":"wp","href":"https:\/\/api.w.org\/{rel}","templated":true}]}}