{"id":43582,"date":"2022-05-29T10:41:59","date_gmt":"2022-05-29T08:41:59","guid":{"rendered":"https:\/\/bojungle.eu\/shop\/product\/barandilla-gris\/"},"modified":"2025-05-26T13:57:13","modified_gmt":"2025-05-26T11:57:13","slug":"barandilla-gris","status":"publish","type":"product","link":"https:\/\/www.bojungle.eu\/es\/producto\/barandilla-gris\/","title":{"rendered":"Barandilla Gris"},"content":{"rendered":"<p>Nuestra Barandilla de Cama Gris es la mezcla perfecta de seguridad y sofisticaci\u00f3n para mantener seguro a su peque\u00f1o durante sus aventuras a la hora de dormir. Fabricada con el m\u00e1ximo cuidado y atenci\u00f3n al detalle, esta barandilla de cama est\u00e1 dise\u00f1ada para complementar la decoraci\u00f3n de cualquier dormitorio con sus suaves tonos grises neutros. <\/p>\n<p>La seguridad se une al estilo con nuestro divertido dise\u00f1o, que incluye detalles sutiles pero encantadores que a\u00f1aden un toque de fantas\u00eda al espacio de descanso de su hijo. Tanto si se trata de cuentos para dormir como de juegos imaginativos, tenga la seguridad de que su beb\u00e9 est\u00e1 c\u00f3modo y seguro. <\/p>\n<p>La comodidad es la clave, por eso nuestra barandilla de cama Grey es f\u00e1cilmente plegable para guardarla y transportarla sin problemas. Adem\u00e1s, los tejidos son extra\u00edbles y, por tanto, tambi\u00e9n lavables. <\/p>\n<p>Fabricada para durar, nuestra barandilla de cama cuenta con un marco resistente que proporciona un soporte fiable, lo que le dar\u00e1 tranquilidad mientras su peque\u00f1o duerme profundamente durante la noche. Con unas dimensiones de 120 cm de largo x 50 cm de alto, tiene el tama\u00f1o perfecto para encajar a la perfecci\u00f3n en la cama de tu hijo. <\/p>\n<p>Mantenga a su beb\u00e9 seguro con estilo con nuestra Barandilla de Cama Gris &#8211; porque una buena noche de sue\u00f1o empieza con tranquilidad.<\/p>\n<ul>\n<li>Protege a tu beb\u00e9 con estilo<\/li>\n<li>Colores suaves y neutros<\/li>\n<li>Dise\u00f1o l\u00fadico<\/li>\n<li>F\u00e1cilmente plegable<\/li>\n<li>Tejidos de lujo extra\u00edbles y lavables a m\u00e1quina<\/li>\n<li>Bastidor robusto<\/li>\n<\/ul>\n<p>&nbsp;<\/p>\n<table border=\"1\">\n<tbody>\n<tr>\n<td>Manual<\/td>\n<td><a href=\"https:\/\/www.bojungle.eu\/wp-content\/uploads\/2025\/05\/B-Bedrail-Manual.pdf\" target=\"_blank\" rel=\"noopener\">Haga clic aqu\u00ed<\/a><\/td>\n<\/tr>\n<\/tbody>\n<\/table>\n","protected":false},"excerpt":{"rendered":"<div class=\"w-full text-token-text-primary\" data-testid=\"conversation-turn-5\">\n<div class=\"px-4 py-2 justify-center text-base md:gap-6 m-auto\">\n<div class=\"flex flex-1 text-base mx-auto gap-3 md:px-5 lg:px-1 xl:px-5 md:max-w-3xl lg:max-w-[40rem] xl:max-w-[48rem] group final-completion\">\n<div class=\"relative flex w-full flex-col agent-turn\">\n<div class=\"flex-col gap-1 md:gap-3\">\n<div class=\"flex flex-grow flex-col max-w-full\">\n<div class=\"min-h-[20px] text-message flex flex-col items-start gap-3 whitespace-pre-wrap break-words [.text-message+&amp;]:mt-5 overflow-x-auto\" data-message-author-role=\"assistant\" data-message-id=\"53f57814-90c3-4128-9578-79dd45938ba9\">\n<div class=\"markdown prose w-full break-words dark:prose-invert light\">\n<p>La Barandilla de Cama Gris es una mezcla perfecta de seguridad y estilo para el espacio de descanso de su peque\u00f1o. Con colores suaves y neutros y un dise\u00f1o divertido, es a la vez encantadora y pr\u00e1ctica. F\u00e1cilmente plegable para guardarla, con tejidos de lujo extra\u00edbles y lavables a m\u00e1quina, y fabricada con un marco resistente para un soporte fiable. Mantenga a su beb\u00e9 seguro y c\u00f3modo con estilo.   <\/p>\n<\/div>\n<\/div>\n<\/div>\n<div class=\"mt-1 flex justify-start gap-3 empty:hidden\">\n<div class=\"text-gray-400 flex self-end lg:self-center justify-center lg:justify-start mt-0 -ml-1 h-7 visible\">\n<p>&nbsp;<\/p>\n<div class=\"flex items-center gap-1.5 text-xs\"><\/div>\n<div class=\"flex\"><\/div>\n<\/div>\n<\/div>\n<\/div>\n<\/div>\n<\/div>\n<\/div>\n<\/div>\n<div class=\"mx-auto\">\n<div>\n<div class=\"mx-auto mt-2 inline-flex rounded-xl border border-gray-100 dark:border-gray-700\"><\/div>\n<\/div>\n<\/div>\n","protected":false},"featured_media":66844,"comment_status":"closed","ping_status":"closed","template":"","meta":{"_lmt_disableupdate":"","_lmt_disable":""},"product_brand":[],"product_cat":[531],"product_tag":[],"woo-feed-brand":[],"class_list":{"0":"post-43582","1":"product","2":"type-product","3":"status-publish","4":"has-post-thumbnail","6":"product_cat-dormir-es","8":"first","9":"instock","10":"taxable","11":"shipping-taxable","12":"purchasable","13":"product-type-simple"},"_links":{"self":[{"href":"https:\/\/www.bojungle.eu\/es\/wp-json\/wp\/v2\/product\/43582","targetHints":{"allow":["GET"]}}],"collection":[{"href":"https:\/\/www.bojungle.eu\/es\/wp-json\/wp\/v2\/product"}],"about":[{"href":"https:\/\/www.bojungle.eu\/es\/wp-json\/wp\/v2\/types\/product"}],"replies":[{"embeddable":true,"href":"https:\/\/www.bojungle.eu\/es\/wp-json\/wp\/v2\/comments?post=43582"}],"version-history":[{"count":2,"href":"https:\/\/www.bojungle.eu\/es\/wp-json\/wp\/v2\/product\/43582\/revisions"}],"predecessor-version":[{"id":79868,"href":"https:\/\/www.bojungle.eu\/es\/wp-json\/wp\/v2\/product\/43582\/revisions\/79868"}],"wp:featuredmedia":[{"embeddable":true,"href":"https:\/\/www.bojungle.eu\/es\/wp-json\/wp\/v2\/media\/66844"}],"wp:attachment":[{"href":"https:\/\/www.bojungle.eu\/es\/wp-json\/wp\/v2\/media?parent=43582"}],"wp:term":[{"taxonomy":"product_brand","embeddable":true,"href":"https:\/\/www.bojungle.eu\/es\/wp-json\/wp\/v2\/product_brand?post=43582"},{"taxonomy":"product_cat","embeddable":true,"href":"https:\/\/www.bojungle.eu\/es\/wp-json\/wp\/v2\/product_cat?post=43582"},{"taxonomy":"product_tag","embeddable":true,"href":"https:\/\/www.bojungle.eu\/es\/wp-json\/wp\/v2\/product_tag?post=43582"},{"taxonomy":"woo-feed-brand","embeddable":true,"href":"https:\/\/www.bojungle.eu\/es\/wp-json\/wp\/v2\/woo-feed-brand?post=43582"}],"curies":[{"name":"wp","href":"https:\/\/api.w.org\/{rel}","templated":true}]}}