{"id":43638,"date":"2022-05-29T10:39:30","date_gmt":"2022-05-29T08:39:30","guid":{"rendered":"https:\/\/bojungle.eu\/shop\/product\/b-bathcape-esponja-ecologica-flor-rosa\/"},"modified":"2025-02-13T17:00:02","modified_gmt":"2025-02-13T16:00:02","slug":"b-bathcape-ecologico-esponja-flor-rosa","status":"publish","type":"product","link":"https:\/\/www.bojungle.eu\/es\/producto\/b-bathcape-ecologico-esponja-flor-rosa\/","title":{"rendered":"Capa de ba\u00f1o Ekologick\u00e1 houba Flor Rosa"},"content":{"rendered":"<p data-start=\"0\" data-end=\"410\">Envuelve a tu peque\u00f1o en un ambiente acogedor con nuestras adorables capas de ba\u00f1o. Dise\u00f1adas con motivos \u00fanicos, estas capas tienen capucha para mantener la cabeza de tu beb\u00e9 calentita y c\u00f3moda despu\u00e9s de cada ba\u00f1o. Hechas de algod\u00f3n 100% org\u00e1nico, son suaves al tacto, muy absorbentes y respetuosas con la piel delicada. La combinaci\u00f3n perfecta de practicidad y monada, estas capas de ba\u00f1o son imprescindibles en la rutina de ba\u00f1o de tu beb\u00e9.   <\/p>\n<p data-start=\"457\" data-end=\"546\" data-is-last-node=\"\">Mime a su beb\u00e9 con un lujo ecol\u00f3gico gracias a estas capas de ba\u00f1o ultrasuaves de algod\u00f3n org\u00e1nico.<\/p>\n","protected":false},"excerpt":{"rendered":"<p>Mant\u00e9n a tu beb\u00e9 calentito y c\u00f3modo con nuestras suaves y absorbentes capas de ba\u00f1o de algod\u00f3n 100% org\u00e1nico. Con capucha y dise\u00f1os \u00fanicos, son perfectas para acurrucarse despu\u00e9s del ba\u00f1o. <\/p>\n","protected":false},"featured_media":69616,"comment_status":"closed","ping_status":"closed","template":"","meta":{"_lmt_disableupdate":"","_lmt_disable":""},"product_brand":[],"product_cat":[817,518],"product_tag":[],"woo-feed-brand":[],"class_list":{"0":"post-43638","1":"product","2":"type-product","3":"status-publish","4":"has-post-thumbnail","6":"product_cat-capas-de-bano","7":"product_cat-cuidado","9":"first","10":"instock","11":"taxable","12":"shipping-taxable","13":"purchasable","14":"product-type-simple"},"_links":{"self":[{"href":"https:\/\/www.bojungle.eu\/es\/wp-json\/wp\/v2\/product\/43638","targetHints":{"allow":["GET"]}}],"collection":[{"href":"https:\/\/www.bojungle.eu\/es\/wp-json\/wp\/v2\/product"}],"about":[{"href":"https:\/\/www.bojungle.eu\/es\/wp-json\/wp\/v2\/types\/product"}],"replies":[{"embeddable":true,"href":"https:\/\/www.bojungle.eu\/es\/wp-json\/wp\/v2\/comments?post=43638"}],"version-history":[{"count":1,"href":"https:\/\/www.bojungle.eu\/es\/wp-json\/wp\/v2\/product\/43638\/revisions"}],"predecessor-version":[{"id":79106,"href":"https:\/\/www.bojungle.eu\/es\/wp-json\/wp\/v2\/product\/43638\/revisions\/79106"}],"wp:featuredmedia":[{"embeddable":true,"href":"https:\/\/www.bojungle.eu\/es\/wp-json\/wp\/v2\/media\/69616"}],"wp:attachment":[{"href":"https:\/\/www.bojungle.eu\/es\/wp-json\/wp\/v2\/media?parent=43638"}],"wp:term":[{"taxonomy":"product_brand","embeddable":true,"href":"https:\/\/www.bojungle.eu\/es\/wp-json\/wp\/v2\/product_brand?post=43638"},{"taxonomy":"product_cat","embeddable":true,"href":"https:\/\/www.bojungle.eu\/es\/wp-json\/wp\/v2\/product_cat?post=43638"},{"taxonomy":"product_tag","embeddable":true,"href":"https:\/\/www.bojungle.eu\/es\/wp-json\/wp\/v2\/product_tag?post=43638"},{"taxonomy":"woo-feed-brand","embeddable":true,"href":"https:\/\/www.bojungle.eu\/es\/wp-json\/wp\/v2\/woo-feed-brand?post=43638"}],"curies":[{"name":"wp","href":"https:\/\/api.w.org\/{rel}","templated":true}]}}