{"id":43647,"date":"2022-05-29T10:39:48","date_gmt":"2022-05-29T08:39:48","guid":{"rendered":"https:\/\/bojungle.eu\/shop\/product\/b-bathcape-kenzi-el-leon\/"},"modified":"2022-05-29T10:39:48","modified_gmt":"2022-05-29T10:39:48","slug":"b-bathcape-kenzi-el-leon","status":"publish","type":"product","link":"https:\/\/www.bojungle.eu\/es\/producto\/b-bathcape-kenzi-el-leon\/","title":{"rendered":"B-Bathcape Kenzi el le\u00f3n"},"content":{"rendered":"<ul>\n<li>Estas bonitas capas de ba\u00f1o de tem\u00e1tica selv\u00e1tica har\u00e1n que la hora del ba\u00f1o de tu hijo sea mucho m\u00e1s agradable.<\/li>\n<li>Las capas de ba\u00f1o tienen un lado de suave tejido de rizo que puede utilizarse como toalla y el otro de forro polar que tambi\u00e9n puede utilizarse como manta.<\/li>\n<li>Los animales de la jungla mantendr\u00e1n la cabeza de tu beb\u00e9 bien calentita<\/li>\n<li>Dimensiones: +- 75 x 75 cm<\/li>\n<\/ul>\n","protected":false},"excerpt":{"rendered":"<p>Estas bonitas capas de ba\u00f1o de tem\u00e1tica selv\u00e1tica har\u00e1n que la hora del ba\u00f1o de tu hijo sea mucho m\u00e1s agradable.<\/p>\n","protected":false},"featured_media":68664,"comment_status":"closed","ping_status":"closed","template":"","meta":{"_lmt_disableupdate":"","_lmt_disable":""},"product_brand":[],"product_cat":[817,518],"product_tag":[],"woo-feed-brand":[],"class_list":{"0":"post-43647","1":"product","2":"type-product","3":"status-publish","4":"has-post-thumbnail","6":"product_cat-capas-de-bano","7":"product_cat-cuidado","9":"first","10":"outofstock","11":"taxable","12":"shipping-taxable","13":"purchasable","14":"product-type-simple"},"_links":{"self":[{"href":"https:\/\/www.bojungle.eu\/es\/wp-json\/wp\/v2\/product\/43647","targetHints":{"allow":["GET"]}}],"collection":[{"href":"https:\/\/www.bojungle.eu\/es\/wp-json\/wp\/v2\/product"}],"about":[{"href":"https:\/\/www.bojungle.eu\/es\/wp-json\/wp\/v2\/types\/product"}],"replies":[{"embeddable":true,"href":"https:\/\/www.bojungle.eu\/es\/wp-json\/wp\/v2\/comments?post=43647"}],"version-history":[{"count":0,"href":"https:\/\/www.bojungle.eu\/es\/wp-json\/wp\/v2\/product\/43647\/revisions"}],"wp:featuredmedia":[{"embeddable":true,"href":"https:\/\/www.bojungle.eu\/es\/wp-json\/wp\/v2\/media\/68664"}],"wp:attachment":[{"href":"https:\/\/www.bojungle.eu\/es\/wp-json\/wp\/v2\/media?parent=43647"}],"wp:term":[{"taxonomy":"product_brand","embeddable":true,"href":"https:\/\/www.bojungle.eu\/es\/wp-json\/wp\/v2\/product_brand?post=43647"},{"taxonomy":"product_cat","embeddable":true,"href":"https:\/\/www.bojungle.eu\/es\/wp-json\/wp\/v2\/product_cat?post=43647"},{"taxonomy":"product_tag","embeddable":true,"href":"https:\/\/www.bojungle.eu\/es\/wp-json\/wp\/v2\/product_tag?post=43647"},{"taxonomy":"woo-feed-brand","embeddable":true,"href":"https:\/\/www.bojungle.eu\/es\/wp-json\/wp\/v2\/woo-feed-brand?post=43647"}],"curies":[{"name":"wp","href":"https:\/\/api.w.org\/{rel}","templated":true}]}}