{"id":43662,"date":"2022-05-29T10:33:05","date_gmt":"2022-05-29T08:33:05","guid":{"rendered":"https:\/\/bojungle.eu\/shop\/product\/b-bath-red-elefante\/"},"modified":"2022-05-29T10:33:05","modified_gmt":"2022-05-29T10:33:05","slug":"b-bath-net-elephant","status":"publish","type":"product","link":"https:\/\/www.bojungle.eu\/es\/producto\/b-bath-net-elephant\/","title":{"rendered":"B-Bath Red Elefante"},"content":{"rendered":"<ul>\n<li>Despu\u00e9s del ba\u00f1o, puedes guardar todos los juguetes de tu beb\u00e9 en estas bonitas redes de ba\u00f1o de tem\u00e1tica selv\u00e1tica.<\/li>\n<li>El agua que queda en los juguetes puede drenarse f\u00e1cilmente gracias al dise\u00f1o de las redes de ba\u00f1o, lo que favorece la higiene<\/li>\n<li>Lavable a m\u00e1quina<\/li>\n<\/ul>\n","protected":false},"excerpt":{"rendered":"<p>Despu\u00e9s del ba\u00f1o, puedes guardar todos los juguetes de tu beb\u00e9 en estas bonitas redes de ba\u00f1o de tem\u00e1tica selv\u00e1tica.<\/p>\n","protected":false},"featured_media":74323,"comment_status":"closed","ping_status":"closed","template":"","meta":{"_lmt_disableupdate":"","_lmt_disable":""},"product_brand":[],"product_cat":[518,519,1347,476],"product_tag":[],"woo-feed-brand":[],"class_list":{"0":"post-43662","1":"product","2":"type-product","3":"status-publish","4":"has-post-thumbnail","6":"product_cat-cuidado","7":"product_cat-juguetes-de-bano","8":"product_cat-sale-es-2","9":"product_cat-tiempo-de-juego","11":"first","12":"instock","13":"sale","14":"taxable","15":"shipping-taxable","16":"purchasable","17":"product-type-simple"},"_links":{"self":[{"href":"https:\/\/www.bojungle.eu\/es\/wp-json\/wp\/v2\/product\/43662","targetHints":{"allow":["GET"]}}],"collection":[{"href":"https:\/\/www.bojungle.eu\/es\/wp-json\/wp\/v2\/product"}],"about":[{"href":"https:\/\/www.bojungle.eu\/es\/wp-json\/wp\/v2\/types\/product"}],"replies":[{"embeddable":true,"href":"https:\/\/www.bojungle.eu\/es\/wp-json\/wp\/v2\/comments?post=43662"}],"version-history":[{"count":0,"href":"https:\/\/www.bojungle.eu\/es\/wp-json\/wp\/v2\/product\/43662\/revisions"}],"wp:featuredmedia":[{"embeddable":true,"href":"https:\/\/www.bojungle.eu\/es\/wp-json\/wp\/v2\/media\/74323"}],"wp:attachment":[{"href":"https:\/\/www.bojungle.eu\/es\/wp-json\/wp\/v2\/media?parent=43662"}],"wp:term":[{"taxonomy":"product_brand","embeddable":true,"href":"https:\/\/www.bojungle.eu\/es\/wp-json\/wp\/v2\/product_brand?post=43662"},{"taxonomy":"product_cat","embeddable":true,"href":"https:\/\/www.bojungle.eu\/es\/wp-json\/wp\/v2\/product_cat?post=43662"},{"taxonomy":"product_tag","embeddable":true,"href":"https:\/\/www.bojungle.eu\/es\/wp-json\/wp\/v2\/product_tag?post=43662"},{"taxonomy":"woo-feed-brand","embeddable":true,"href":"https:\/\/www.bojungle.eu\/es\/wp-json\/wp\/v2\/woo-feed-brand?post=43662"}],"curies":[{"name":"wp","href":"https:\/\/api.w.org\/{rel}","templated":true}]}}