{"id":43685,"date":"2022-05-29T10:34:56","date_gmt":"2022-05-29T08:34:56","guid":{"rendered":"https:\/\/bojungle.eu\/shop\/product\/asiento-b-bath-gris-blanco\/"},"modified":"2025-05-27T09:26:30","modified_gmt":"2025-05-27T07:26:30","slug":"b-asiento-gris-blanco","status":"publish","type":"product","link":"https:\/\/www.bojungle.eu\/es\/producto\/b-asiento-gris-blanco\/","title":{"rendered":"Asiento B-Bath Gris\/Blanco"},"content":{"rendered":"<p>Descubra nuestro Asiento de Ba\u00f1o Gris\/Blanco: \u00a1la soluci\u00f3n definitiva para que su peque\u00f1o disfrute de un ba\u00f1o seguro y agradable! Fabricado con meticulosa atenci\u00f3n al detalle, este asiento de ba\u00f1o promete elevar la diversi\u00f3n en el agua a nuevas cotas. <\/p>\n<p>Dise\u00f1ado pensando en la estabilidad y la seguridad, nuestro asiento de ba\u00f1o cuenta con cuatro potentes ventosas que se adhieren firmemente a la superficie de la ba\u00f1era, garantizando una base estable para su hijo. Puede confiar en que su peque\u00f1o chapoteador se mantendr\u00e1 seguro en su sitio durante todas sus aventuras en la ba\u00f1era. <\/p>\n<p>Somos conscientes de la importancia de la comodidad a la hora del ba\u00f1o, por eso nuestro asiento de ba\u00f1o cuenta con un respaldo alto y reposabrazos. Este dise\u00f1o ergon\u00f3mico proporciona un apoyo \u00f3ptimo a su hijo, permiti\u00e9ndole relajarse y disfrutar del ba\u00f1o al m\u00e1ximo. Pero eso no es todo: nuestro asiento de ba\u00f1o viene equipado con tres juguetes integrados, que a\u00f1aden un elemento extra de entretenimiento a la hora del ba\u00f1o. Observe c\u00f3mo su peque\u00f1o se r\u00ede y juega con estos encantadores juguetes, haciendo que la hora del ba\u00f1o sea a\u00fan m\u00e1s agradable.   <\/p>\n<p>La seguridad es primordial, por eso nuestro asiento de ba\u00f1era est\u00e1 dise\u00f1ado con una c\u00f3moda abertura frontal. Esta caracter\u00edstica permite a su hijo entrar y salir f\u00e1cilmente del asiento sin riesgo de lesiones, proporcionando tranquilidad a los padres. <\/p>\n<p>Desp\u00eddete de los problemas a la hora del ba\u00f1o y dale la bienvenida a la diversi\u00f3n sin complicaciones con nuestro Asiento de Ba\u00f1o Gris\/Blanco. Transforme la rutina del ba\u00f1o de su hijo en una aventura que esperar\u00e1 con impaciencia cada d\u00eda. Pida el suyo hoy mismo y \u00a1d\u00e9se un chapuz\u00f3n en el mundo de la felicidad a la hora del ba\u00f1o!  <\/p>\n<p>&nbsp;<\/p>\n<table border=\"1\">\n<tbody>\n<tr>\n<td>Manual<\/td>\n<td><a href=\"https:\/\/www.bojungle.eu\/wp-content\/uploads\/2025\/05\/Manual-B400700.pdf\">Haga clic aqu\u00ed<\/a><\/td>\n<\/tr>\n<\/tbody>\n<\/table>\n","protected":false},"excerpt":{"rendered":"<p>Descubra nuestro Asiento de Ba\u00f1o Gris\/Blanco: la combinaci\u00f3n definitiva de seguridad y diversi\u00f3n para las aventuras de su peque\u00f1o a la hora del ba\u00f1o. Con cuatro potentes ventosas para mayor estabilidad, respaldo alto y reposabrazos para mayor comodidad, tres juguetes integrados para el entretenimiento y una c\u00f3moda abertura frontal para facilitar el acceso, la hora del ba\u00f1o nunca ha sido tan agradable y sin preocupaciones. \u00a1Prep\u00e1rese para darse un chapuz\u00f3n con nuestro Asiento de Ba\u00f1o Gris\/Blanco!  <\/p>\n","protected":false},"featured_media":69304,"comment_status":"closed","ping_status":"closed","template":"","meta":{"_lmt_disableupdate":"","_lmt_disable":""},"product_brand":[],"product_cat":[592,518],"product_tag":[],"woo-feed-brand":[],"class_list":{"0":"post-43685","1":"product","2":"type-product","3":"status-publish","4":"has-post-thumbnail","6":"product_cat-bebe-en-la-banera","7":"product_cat-cuidado","9":"first","10":"outofstock","11":"taxable","12":"shipping-taxable","13":"purchasable","14":"product-type-simple"},"_links":{"self":[{"href":"https:\/\/www.bojungle.eu\/es\/wp-json\/wp\/v2\/product\/43685","targetHints":{"allow":["GET"]}}],"collection":[{"href":"https:\/\/www.bojungle.eu\/es\/wp-json\/wp\/v2\/product"}],"about":[{"href":"https:\/\/www.bojungle.eu\/es\/wp-json\/wp\/v2\/types\/product"}],"replies":[{"embeddable":true,"href":"https:\/\/www.bojungle.eu\/es\/wp-json\/wp\/v2\/comments?post=43685"}],"version-history":[{"count":2,"href":"https:\/\/www.bojungle.eu\/es\/wp-json\/wp\/v2\/product\/43685\/revisions"}],"predecessor-version":[{"id":79968,"href":"https:\/\/www.bojungle.eu\/es\/wp-json\/wp\/v2\/product\/43685\/revisions\/79968"}],"wp:featuredmedia":[{"embeddable":true,"href":"https:\/\/www.bojungle.eu\/es\/wp-json\/wp\/v2\/media\/69304"}],"wp:attachment":[{"href":"https:\/\/www.bojungle.eu\/es\/wp-json\/wp\/v2\/media?parent=43685"}],"wp:term":[{"taxonomy":"product_brand","embeddable":true,"href":"https:\/\/www.bojungle.eu\/es\/wp-json\/wp\/v2\/product_brand?post=43685"},{"taxonomy":"product_cat","embeddable":true,"href":"https:\/\/www.bojungle.eu\/es\/wp-json\/wp\/v2\/product_cat?post=43685"},{"taxonomy":"product_tag","embeddable":true,"href":"https:\/\/www.bojungle.eu\/es\/wp-json\/wp\/v2\/product_tag?post=43685"},{"taxonomy":"woo-feed-brand","embeddable":true,"href":"https:\/\/www.bojungle.eu\/es\/wp-json\/wp\/v2\/woo-feed-brand?post=43685"}],"curies":[{"name":"wp","href":"https:\/\/api.w.org\/{rel}","templated":true}]}}