{"id":43701,"date":"2022-05-29T10:34:57","date_gmt":"2022-05-29T08:34:57","guid":{"rendered":"https:\/\/bojungle.eu\/shop\/product\/formas-de-espuma-b-bath-36-uds\/"},"modified":"2024-04-15T16:54:09","modified_gmt":"2024-04-15T14:54:09","slug":"b-bath-foam-shapes-36-pcs","status":"publish","type":"product","link":"https:\/\/www.bojungle.eu\/es\/producto\/b-bath-foam-shapes-36-pcs\/","title":{"rendered":"Formas de espuma de ba\u00f1o (36 uds.)"},"content":{"rendered":"<p>Prep\u00e1rate para divertirte con nuestras formas de espuma para el ba\u00f1o. Con la friolera de 36 formas y colores diferentes, la hora del ba\u00f1o es ahora mucho m\u00e1s emocionante. Tu hijo puede pegarlas en las baldosas o en la ba\u00f1era para tener a\u00fan m\u00e1s opciones de juego. Imagina construir una pared llena de formas de gomaespuma: \u00a1las posibilidades son infinitas! Y no se preocupe, estas formas de espuma son muy seguras y cumplen las normas europeas de calidad. As\u00ed que, \u00bfpor qu\u00e9 conformarse con un momento aburrido en el ba\u00f1o cuando se puede hacer un chapoteo con nuestras formas de espuma de ba\u00f1o? \u00a1Que empiece la aventura!  <\/p>\n","protected":false},"excerpt":{"rendered":"<div class=\"w-full text-token-text-primary\" dir=\"auto\" data-testid=\"conversation-turn-5\">\n<div class=\"px-4 py-2 justify-center text-base md:gap-6 m-auto\">\n<div class=\"flex flex-1 text-base mx-auto gap-3 juice:gap-4 juice:md:gap-6 md:px-5 lg:px-1 xl:px-5 md:max-w-3xl lg:max-w-[40rem] xl:max-w-[48rem] group\">\n<div class=\"relative flex w-full flex-col agent-turn\">\n<div class=\"flex-col gap-1 md:gap-3\">\n<div class=\"flex flex-grow flex-col max-w-full\">\n<div class=\"min-h-[20px] text-message flex flex-col items-start gap-3 whitespace-pre-wrap break-words [.text-message+&amp;]:mt-5 overflow-x-auto\" dir=\"auto\" data-message-author-role=\"assistant\" data-message-id=\"f0d0dcbb-d22c-4ec2-983d-4ad5d7971b3e\">\n<div class=\"markdown prose w-full break-words dark:prose-invert light\">\n<p>\u00a1Echa un vistazo a nuestras Formas de Espuma de Ba\u00f1o! Con 36 formas y colores diferentes, hacen que la hora del ba\u00f1o sea muy divertida. Tu hijo puede pegarlas a los azulejos o a la ba\u00f1era para tener a\u00fan m\u00e1s opciones de juego. Adem\u00e1s, son s\u00faper seguras y cumplen la normativa europea. As\u00ed que, \u00a1deja volar la imaginaci\u00f3n y disfruta de la hora del ba\u00f1o como nunca!    <\/p>\n<\/div>\n<\/div>\n<\/div>\n<\/div>\n<\/div>\n<\/div>\n<\/div>\n<\/div>\n","protected":false},"featured_media":73696,"comment_status":"closed","ping_status":"closed","template":"","meta":{"_lmt_disableupdate":"","_lmt_disable":""},"product_brand":[],"product_cat":[518,519,476],"product_tag":[],"woo-feed-brand":[],"class_list":{"0":"post-43701","1":"product","2":"type-product","3":"status-publish","4":"has-post-thumbnail","6":"product_cat-cuidado","7":"product_cat-juguetes-de-bano","8":"product_cat-tiempo-de-juego","10":"first","11":"instock","12":"taxable","13":"shipping-taxable","14":"purchasable","15":"product-type-simple"},"_links":{"self":[{"href":"https:\/\/www.bojungle.eu\/es\/wp-json\/wp\/v2\/product\/43701","targetHints":{"allow":["GET"]}}],"collection":[{"href":"https:\/\/www.bojungle.eu\/es\/wp-json\/wp\/v2\/product"}],"about":[{"href":"https:\/\/www.bojungle.eu\/es\/wp-json\/wp\/v2\/types\/product"}],"replies":[{"embeddable":true,"href":"https:\/\/www.bojungle.eu\/es\/wp-json\/wp\/v2\/comments?post=43701"}],"version-history":[{"count":1,"href":"https:\/\/www.bojungle.eu\/es\/wp-json\/wp\/v2\/product\/43701\/revisions"}],"predecessor-version":[{"id":73796,"href":"https:\/\/www.bojungle.eu\/es\/wp-json\/wp\/v2\/product\/43701\/revisions\/73796"}],"wp:featuredmedia":[{"embeddable":true,"href":"https:\/\/www.bojungle.eu\/es\/wp-json\/wp\/v2\/media\/73696"}],"wp:attachment":[{"href":"https:\/\/www.bojungle.eu\/es\/wp-json\/wp\/v2\/media?parent=43701"}],"wp:term":[{"taxonomy":"product_brand","embeddable":true,"href":"https:\/\/www.bojungle.eu\/es\/wp-json\/wp\/v2\/product_brand?post=43701"},{"taxonomy":"product_cat","embeddable":true,"href":"https:\/\/www.bojungle.eu\/es\/wp-json\/wp\/v2\/product_cat?post=43701"},{"taxonomy":"product_tag","embeddable":true,"href":"https:\/\/www.bojungle.eu\/es\/wp-json\/wp\/v2\/product_tag?post=43701"},{"taxonomy":"woo-feed-brand","embeddable":true,"href":"https:\/\/www.bojungle.eu\/es\/wp-json\/wp\/v2\/woo-feed-brand?post=43701"}],"curies":[{"name":"wp","href":"https:\/\/api.w.org\/{rel}","templated":true}]}}