{"id":43748,"date":"2022-05-29T10:31:09","date_gmt":"2022-05-29T08:31:09","guid":{"rendered":"https:\/\/bojungle.eu\/shop\/product\/b-bath-oso-azul-pastel\/"},"modified":"2025-05-26T15:29:15","modified_gmt":"2025-05-26T13:29:15","slug":"b-bath-bear-pastel-azul","status":"publish","type":"product","link":"https:\/\/www.bojungle.eu\/es\/producto\/b-bath-bear-pastel-azul\/","title":{"rendered":"Osito de ba\u00f1o azul pastel"},"content":{"rendered":"<p>Descubre el Osito de Ba\u00f1o Azul Pastel: \u00a1el nuevo compa\u00f1ero de ba\u00f1o favorito de tu beb\u00e9! Con su simp\u00e1tico dise\u00f1o de orejas de oso y su c\u00f3moda forma, la hora del ba\u00f1o es ahora mucho m\u00e1s divertida.<\/p>\n<p>Esta ba\u00f1era para beb\u00e9s viene con un pr\u00e1ctico reductor de ba\u00f1o perfecto para los reci\u00e9n nacidos, que los mantiene sujetos con ventosas. Y cuando llegue el momento de vaciar el agua, basta con abrir el tap\u00f3n de vaciado para una limpieza r\u00e1pida y sencilla. <\/p>\n<p>Tambi\u00e9n hemos incluido una jabonera extra\u00edble fabricada en silicona ecol\u00f3gica, para que puedas tener a mano todos tus utensilios de ba\u00f1o sin complicaciones. Adem\u00e1s, puedes estar tranquilo sabiendo que el Oso de Ba\u00f1o Azul Pastel no contiene BPA, para que tu peque\u00f1o est\u00e9 seguro durante sus aventuras de chapoteo.<\/p>\n<table border=\"1\">\n<tbody>\n<tr>\n<td>Manual<\/td>\n<td><a href=\"https:\/\/www.bojungle.eu\/wp-content\/uploads\/2025\/05\/Manual-Bath-Bear.pdf\">Haga clic aqu\u00ed<\/a><\/td>\n<\/tr>\n<\/tbody>\n<\/table>\n","protected":false},"excerpt":{"rendered":"<p>Te presentamos al Osito de Ba\u00f1o Azul Pastel: \u00a1el compa\u00f1ero definitivo para la hora del ba\u00f1o de tu beb\u00e9! Con sus adorables orejas de oso y su dise\u00f1o ergon\u00f3mico, la hora del ba\u00f1o es ahora mucho m\u00e1s bonita y c\u00f3moda. Con reductor de ba\u00f1o para reci\u00e9n nacidos, tapa de f\u00e1cil vaciado y jabonera ecol\u00f3gica, es la combinaci\u00f3n perfecta de diversi\u00f3n y funcionalidad. Adem\u00e1s, no contiene BPA para su tranquilidad.   \u00a1Prep\u00e1rate para aventuras limpias con el Osito de Ba\u00f1o Azul Pastel!<\/p>\n<p>&nbsp;<\/p>\n","protected":false},"featured_media":69105,"comment_status":"closed","ping_status":"closed","template":"","meta":{"_lmt_disableupdate":"","_lmt_disable":""},"product_brand":[],"product_cat":[592,518],"product_tag":[],"woo-feed-brand":[],"class_list":{"0":"post-43748","1":"product","2":"type-product","3":"status-publish","4":"has-post-thumbnail","6":"product_cat-bebe-en-la-banera","7":"product_cat-cuidado","9":"first","10":"outofstock","11":"taxable","12":"shipping-taxable","13":"purchasable","14":"product-type-simple"},"_links":{"self":[{"href":"https:\/\/www.bojungle.eu\/es\/wp-json\/wp\/v2\/product\/43748","targetHints":{"allow":["GET"]}}],"collection":[{"href":"https:\/\/www.bojungle.eu\/es\/wp-json\/wp\/v2\/product"}],"about":[{"href":"https:\/\/www.bojungle.eu\/es\/wp-json\/wp\/v2\/types\/product"}],"replies":[{"embeddable":true,"href":"https:\/\/www.bojungle.eu\/es\/wp-json\/wp\/v2\/comments?post=43748"}],"version-history":[{"count":2,"href":"https:\/\/www.bojungle.eu\/es\/wp-json\/wp\/v2\/product\/43748\/revisions"}],"predecessor-version":[{"id":79918,"href":"https:\/\/www.bojungle.eu\/es\/wp-json\/wp\/v2\/product\/43748\/revisions\/79918"}],"wp:featuredmedia":[{"embeddable":true,"href":"https:\/\/www.bojungle.eu\/es\/wp-json\/wp\/v2\/media\/69105"}],"wp:attachment":[{"href":"https:\/\/www.bojungle.eu\/es\/wp-json\/wp\/v2\/media?parent=43748"}],"wp:term":[{"taxonomy":"product_brand","embeddable":true,"href":"https:\/\/www.bojungle.eu\/es\/wp-json\/wp\/v2\/product_brand?post=43748"},{"taxonomy":"product_cat","embeddable":true,"href":"https:\/\/www.bojungle.eu\/es\/wp-json\/wp\/v2\/product_cat?post=43748"},{"taxonomy":"product_tag","embeddable":true,"href":"https:\/\/www.bojungle.eu\/es\/wp-json\/wp\/v2\/product_tag?post=43748"},{"taxonomy":"woo-feed-brand","embeddable":true,"href":"https:\/\/www.bojungle.eu\/es\/wp-json\/wp\/v2\/woo-feed-brand?post=43748"}],"curies":[{"name":"wp","href":"https:\/\/api.w.org\/{rel}","templated":true}]}}