{"id":43789,"date":"2022-05-29T10:24:30","date_gmt":"2022-05-29T08:24:30","guid":{"rendered":"https:\/\/bojungle.eu\/shop\/product\/b-ball-silicona-gris\/"},"modified":"2024-05-15T10:46:25","modified_gmt":"2024-05-15T08:46:25","slug":"b-ball-silicone-grey","status":"publish","type":"product","link":"https:\/\/www.bojungle.eu\/es\/producto\/b-ball-silicone-grey\/","title":{"rendered":"B-Ball Silicona Gris"},"content":{"rendered":"<p>Presentamos nuestra B-Ball de silicona gris: \u00a1el compa\u00f1ero definitivo para tu beb\u00e9 en la dentici\u00f3n! Fabricada en silicona suave y resistente, esta pelota est\u00e1 dise\u00f1ada para estimular las sensaciones de morder y agarrar. A medida que su peque\u00f1o explora las superficies texturizadas, sus enc\u00edas reciben un suave masaje que alivia las molestias de la dentici\u00f3n. Las variadas superficies para morder tambi\u00e9n estimulan los labios y la lengua, favoreciendo el desarrollo sensorial. Con un tama\u00f1o perfecto para manos peque\u00f1as, esta pelota es ideal para los beb\u00e9s que empiezan a tener dientes. Adem\u00e1s, es f\u00e1cil de limpiar: basta con meterla en la lavadora para mantenerla sin problemas.<\/p>\n<p>Fabricado con cuidado y calidad en mente, nuestro B-Ball de Silicona Gris es imprescindible para la dentici\u00f3n de los beb\u00e9s.<\/p>\n","protected":false},"excerpt":{"rendered":"<p>Nuestra B-Ball Silicona Gris es el compa\u00f1ero perfecto para la dentici\u00f3n de tu peque\u00f1o. Fabricado en suave silicona, estimula las sensaciones de morder y agarrar, proporcionando alivio durante las molestias de la dentici\u00f3n. F\u00e1cil de limpiar y dise\u00f1ado para manos peque\u00f1as, es ideal para la dentici\u00f3n de los beb\u00e9s. <\/p>\n","protected":false},"featured_media":73080,"comment_status":"closed","ping_status":"closed","template":"","meta":{"_lmt_disableupdate":"","_lmt_disable":""},"product_brand":[],"product_cat":[478,602,476],"product_tag":[],"woo-feed-brand":[],"class_list":{"0":"post-43789","1":"product","2":"type-product","3":"status-publish","4":"has-post-thumbnail","6":"product_cat-juguetes-de-silicona","7":"product_cat-juguetes-mordedores","8":"product_cat-tiempo-de-juego","10":"first","11":"instock","12":"taxable","13":"shipping-taxable","14":"purchasable","15":"product-type-simple"},"_links":{"self":[{"href":"https:\/\/www.bojungle.eu\/es\/wp-json\/wp\/v2\/product\/43789","targetHints":{"allow":["GET"]}}],"collection":[{"href":"https:\/\/www.bojungle.eu\/es\/wp-json\/wp\/v2\/product"}],"about":[{"href":"https:\/\/www.bojungle.eu\/es\/wp-json\/wp\/v2\/types\/product"}],"replies":[{"embeddable":true,"href":"https:\/\/www.bojungle.eu\/es\/wp-json\/wp\/v2\/comments?post=43789"}],"version-history":[{"count":1,"href":"https:\/\/www.bojungle.eu\/es\/wp-json\/wp\/v2\/product\/43789\/revisions"}],"predecessor-version":[{"id":75673,"href":"https:\/\/www.bojungle.eu\/es\/wp-json\/wp\/v2\/product\/43789\/revisions\/75673"}],"wp:featuredmedia":[{"embeddable":true,"href":"https:\/\/www.bojungle.eu\/es\/wp-json\/wp\/v2\/media\/73080"}],"wp:attachment":[{"href":"https:\/\/www.bojungle.eu\/es\/wp-json\/wp\/v2\/media?parent=43789"}],"wp:term":[{"taxonomy":"product_brand","embeddable":true,"href":"https:\/\/www.bojungle.eu\/es\/wp-json\/wp\/v2\/product_brand?post=43789"},{"taxonomy":"product_cat","embeddable":true,"href":"https:\/\/www.bojungle.eu\/es\/wp-json\/wp\/v2\/product_cat?post=43789"},{"taxonomy":"product_tag","embeddable":true,"href":"https:\/\/www.bojungle.eu\/es\/wp-json\/wp\/v2\/product_tag?post=43789"},{"taxonomy":"woo-feed-brand","embeddable":true,"href":"https:\/\/www.bojungle.eu\/es\/wp-json\/wp\/v2\/woo-feed-brand?post=43789"}],"curies":[{"name":"wp","href":"https:\/\/api.w.org\/{rel}","templated":true}]}}