{"id":43826,"date":"2022-05-29T10:22:18","date_gmt":"2022-05-29T08:22:18","guid":{"rendered":"https:\/\/bojungle.eu\/shop\/product\/mando-a-distancia-de-b-baby\/"},"modified":"2022-05-29T10:22:18","modified_gmt":"2022-05-29T10:22:18","slug":"b-babys-remote-control","status":"publish","type":"product","link":"https:\/\/www.bojungle.eu\/es\/producto\/b-babys-remote-control\/","title":{"rendered":"Mando a distancia de B-Baby"},"content":{"rendered":"<ul>\n<li>Reproduce m\u00fasica, efectos de sonido e incluso tiene divertidas luces parpadeantes.<\/li>\n<li>Cambia de canal y aprende palabras en ingl\u00e9s.<\/li>\n<li>Aprende n\u00fameros, formas e incluso frases b\u00e1sicas en ingl\u00e9s. Los efectos de luz y sonido estimulan los sentidos y mantienen la atenci\u00f3n del ni\u00f1o.<\/li>\n<\/ul>\n","protected":false},"excerpt":{"rendered":"<p>Reproduce m\u00fasica, efectos de sonido e incluso tiene divertidas luces parpadeantes.<\/p>\n","protected":false},"featured_media":71489,"comment_status":"closed","ping_status":"closed","template":"","meta":{"_lmt_disableupdate":"","_lmt_disable":""},"product_brand":[],"product_cat":[621,503,622,476],"product_tag":[],"woo-feed-brand":[],"class_list":{"0":"post-43826","1":"product","2":"type-product","3":"status-publish","4":"has-post-thumbnail","6":"product_cat-juguetes-de-actividades","7":"product_cat-juguetes-de-colores","8":"product_cat-juguetes-musicales","9":"product_cat-tiempo-de-juego","11":"first","12":"instock","13":"taxable","14":"shipping-taxable","15":"purchasable","16":"product-type-simple"},"_links":{"self":[{"href":"https:\/\/www.bojungle.eu\/es\/wp-json\/wp\/v2\/product\/43826","targetHints":{"allow":["GET"]}}],"collection":[{"href":"https:\/\/www.bojungle.eu\/es\/wp-json\/wp\/v2\/product"}],"about":[{"href":"https:\/\/www.bojungle.eu\/es\/wp-json\/wp\/v2\/types\/product"}],"replies":[{"embeddable":true,"href":"https:\/\/www.bojungle.eu\/es\/wp-json\/wp\/v2\/comments?post=43826"}],"version-history":[{"count":0,"href":"https:\/\/www.bojungle.eu\/es\/wp-json\/wp\/v2\/product\/43826\/revisions"}],"wp:featuredmedia":[{"embeddable":true,"href":"https:\/\/www.bojungle.eu\/es\/wp-json\/wp\/v2\/media\/71489"}],"wp:attachment":[{"href":"https:\/\/www.bojungle.eu\/es\/wp-json\/wp\/v2\/media?parent=43826"}],"wp:term":[{"taxonomy":"product_brand","embeddable":true,"href":"https:\/\/www.bojungle.eu\/es\/wp-json\/wp\/v2\/product_brand?post=43826"},{"taxonomy":"product_cat","embeddable":true,"href":"https:\/\/www.bojungle.eu\/es\/wp-json\/wp\/v2\/product_cat?post=43826"},{"taxonomy":"product_tag","embeddable":true,"href":"https:\/\/www.bojungle.eu\/es\/wp-json\/wp\/v2\/product_tag?post=43826"},{"taxonomy":"woo-feed-brand","embeddable":true,"href":"https:\/\/www.bojungle.eu\/es\/wp-json\/wp\/v2\/woo-feed-brand?post=43826"}],"curies":[{"name":"wp","href":"https:\/\/api.w.org\/{rel}","templated":true}]}}