{"id":43833,"date":"2022-05-29T10:22:18","date_gmt":"2022-05-29T08:22:18","guid":{"rendered":"https:\/\/bojungle.eu\/shop\/product\/b-animal-puzzle-3-piezas-tigre-rinoceronte-rana\/"},"modified":"2024-02-12T10:47:40","modified_gmt":"2024-02-12T09:47:40","slug":"b-animal-puzzle-3-pcs-tijger-nijlpaard-kikker","status":"publish","type":"product","link":"https:\/\/www.bojungle.eu\/es\/producto\/b-animal-puzzle-3-pcs-tijger-nijlpaard-kikker\/","title":{"rendered":"B-Animal Puzzle (3 piezas) Tigre &#8211; Rinoceronte &#8211; Rana"},"content":{"rendered":"<p>Las formas creativas y multicolores de estos juguetes de ba\u00f1o estimular\u00e1n la imaginaci\u00f3n de su hijo y har\u00e1n m\u00e1s agradable la hora del ba\u00f1o<\/p>\n<ul>\n<li>Divertidos puzzles de animales para los m\u00e1s peque\u00f1os<\/li>\n<li>Se puede pegar a los azulejos o a la ba\u00f1era<\/li>\n<li>Cada animal tiene 4 grandes piezas de montaje<\/li>\n<li>3 animales en cada paquete<\/li>\n<li>De espuma<\/li>\n<li>Cumple las normas europeas m\u00e1s estrictas de seguridad y calidad<\/li>\n<li>Edad: 36m+<\/li>\n<\/ul>\n","protected":false},"excerpt":{"rendered":"<p>Descubra nuestros fant\u00e1sticos juguetes de espuma para el ba\u00f1o con forma de puzzle de animales. Estas encantadoras formas encender\u00e1n la imaginaci\u00f3n de su hijo y transformar\u00e1n la hora del ba\u00f1o en una emocionante aventura. Dise\u00f1ados con divertidos rompecabezas de animales, estos juguetes son perfectos para los peque\u00f1os a los que les encanta explorar y aprender mientras juegan. Fabricados pensando en la seguridad y la diversi\u00f3n, cada pieza del puzzle est\u00e1 hecha de un suave material de espuma, que garantiza una experiencia de juego suave y c\u00f3moda. Estos rompecabezas no s\u00f3lo son entretenidos, sino tambi\u00e9n educativos, ya que fomentan el desarrollo cognitivo y la motricidad fina a medida que los ni\u00f1os ensamblan las piezas. Tambi\u00e9n se pueden pegar contra las paredes del cuarto de ba\u00f1o. Cada animal cuenta con cuatro grandes piezas de ensamblaje, lo que facilita su manipulaci\u00f3n y montaje por parte de las manos peque\u00f1as. Adem\u00e1s, con tres animales diferentes incluidos en cada paquete, hay mucha variedad para mantener a su hijo ocupado. Tenga la seguridad de que nuestros juguetes rompecabezas de espuma para el ba\u00f1o cumplen las normas europeas m\u00e1s estrictas de seguridad y calidad, para tranquilidad de los padres. Adecuados para ni\u00f1os a partir de 36 meses, estos juguetes de ba\u00f1o har\u00e1n que el momento del chapuz\u00f3n sea una experiencia agradable y enriquecedora para su peque\u00f1o.  <\/p>\n","protected":false},"featured_media":65619,"comment_status":"closed","ping_status":"closed","template":"","meta":{"_lmt_disableupdate":"","_lmt_disable":""},"product_brand":[],"product_cat":[518,519,476],"product_tag":[],"woo-feed-brand":[],"class_list":{"0":"post-43833","1":"product","2":"type-product","3":"status-publish","4":"has-post-thumbnail","6":"product_cat-cuidado","7":"product_cat-juguetes-de-bano","8":"product_cat-tiempo-de-juego","10":"first","11":"instock","12":"taxable","13":"shipping-taxable","14":"purchasable","15":"product-type-simple"},"_links":{"self":[{"href":"https:\/\/www.bojungle.eu\/es\/wp-json\/wp\/v2\/product\/43833","targetHints":{"allow":["GET"]}}],"collection":[{"href":"https:\/\/www.bojungle.eu\/es\/wp-json\/wp\/v2\/product"}],"about":[{"href":"https:\/\/www.bojungle.eu\/es\/wp-json\/wp\/v2\/types\/product"}],"replies":[{"embeddable":true,"href":"https:\/\/www.bojungle.eu\/es\/wp-json\/wp\/v2\/comments?post=43833"}],"version-history":[{"count":1,"href":"https:\/\/www.bojungle.eu\/es\/wp-json\/wp\/v2\/product\/43833\/revisions"}],"predecessor-version":[{"id":65678,"href":"https:\/\/www.bojungle.eu\/es\/wp-json\/wp\/v2\/product\/43833\/revisions\/65678"}],"wp:featuredmedia":[{"embeddable":true,"href":"https:\/\/www.bojungle.eu\/es\/wp-json\/wp\/v2\/media\/65619"}],"wp:attachment":[{"href":"https:\/\/www.bojungle.eu\/es\/wp-json\/wp\/v2\/media?parent=43833"}],"wp:term":[{"taxonomy":"product_brand","embeddable":true,"href":"https:\/\/www.bojungle.eu\/es\/wp-json\/wp\/v2\/product_brand?post=43833"},{"taxonomy":"product_cat","embeddable":true,"href":"https:\/\/www.bojungle.eu\/es\/wp-json\/wp\/v2\/product_cat?post=43833"},{"taxonomy":"product_tag","embeddable":true,"href":"https:\/\/www.bojungle.eu\/es\/wp-json\/wp\/v2\/product_tag?post=43833"},{"taxonomy":"woo-feed-brand","embeddable":true,"href":"https:\/\/www.bojungle.eu\/es\/wp-json\/wp\/v2\/woo-feed-brand?post=43833"}],"curies":[{"name":"wp","href":"https:\/\/api.w.org\/{rel}","templated":true}]}}